{"id":9673,"date":"2023-10-07T11:51:17","date_gmt":"2023-10-07T11:51:17","guid":{"rendered":"https:\/\/pierreportugal.shop\/produto\/travertino-sand-stoneware-porcelain-chapasgrandes\/"},"modified":"2023-10-25T15:52:24","modified_gmt":"2023-10-25T15:52:24","slug":"travertino-sand-stoneware-porcelain-chapasgrandes","status":"publish","type":"product","link":"https:\/\/pierreportugal.shop\/pt-pt\/produto\/travertino-sand-stoneware-porcelain-chapasgrandes\/","title":{"rendered":"Travertino Sand bujardado"},"content":{"rendered":"<p>As chapas de gr\u00e9s porcelanico da Atlas Plan premitem uma produ\u00e7\u00e3o de ladrilhos em grandes formatos para aplica\u00e7\u00e3o em pavimentos, paredes ou tampos. o Travertino Sand adapta-se a todo o tipo de decora\u00e7\u00e3o, contempor\u00e2nea ou cl\u00e1ssica.<\/p>","protected":false},"excerpt":{"rendered":"<p><br data-mce-bogus=\"1\"><\/p>\n","protected":false},"featured_media":9662,"comment_status":"open","ping_status":"closed","template":"","meta":[],"product_cat":[256],"product_tag":[531,529,530,193,533,532],"class_list":["post-9673","product","type-product","status-publish","has-post-thumbnail","hentry","product_cat-plan-porcelain-engineered-stone-pt-pt","product_tag-bookmatch-stone-pt-pt","product_tag-chapas-de-travertino","product_tag-porcelain-pt-pt","product_tag-slabs-pt-pt","product_tag-stoneware-pt-pt","product_tag-travertin-pt-pt"],"yoast_head":"<!-- This site is optimized with the Yoast SEO plugin v19.14 - https:\/\/yoast.com\/wordpress\/plugins\/seo\/ -->\n<title>Travertino Sand bujardado - Pierre Portugal Stone From Portugal<\/title>\n<meta name=\"description\" content=\"Large Travertino Sand effect porcelain stoneware slabs Atlas Plan. A warm sand coloured background, with subtle layers. PierrePortugal\" \/>\n<meta name=\"robots\" content=\"index, follow, max-snippet:-1, max-image-preview:large, max-video-preview:-1\" \/>\n<link rel=\"canonical\" href=\"https:\/\/pierreportugal.shop\/pt-pt\/produto\/travertino-sand-stoneware-porcelain-chapasgrandes\/\" \/>\n<meta property=\"og:locale\" content=\"pt_PT\" \/>\n<meta property=\"og:type\" content=\"article\" \/>\n<meta property=\"og:title\" content=\"Travertino Sand bujardado - Pierre Portugal Stone From Portugal\" \/>\n<meta property=\"og:description\" content=\"Large Travertino Sand effect porcelain stoneware slabs Atlas Plan. A warm sand coloured background, with subtle layers. PierrePortugal\" \/>\n<meta property=\"og:url\" content=\"https:\/\/pierreportugal.shop\/pt-pt\/produto\/travertino-sand-stoneware-porcelain-chapasgrandes\/\" \/>\n<meta property=\"og:site_name\" content=\"Pierre Portugal Stone From Portugal\" \/>\n<meta property=\"article:modified_time\" content=\"2023-10-25T15:52:24+00:00\" \/>\n<meta property=\"og:image\" content=\"https:\/\/pierreportugal.shop\/wp-content\/uploads\/2023\/10\/Travertino-Sand.jpg\" \/>\n\t<meta property=\"og:image:width\" content=\"1200\" \/>\n\t<meta property=\"og:image:height\" content=\"603\" \/>\n\t<meta property=\"og:image:type\" content=\"image\/jpeg\" \/>\n<meta name=\"twitter:card\" content=\"summary_large_image\" \/>\n<meta name=\"twitter:site\" content=\"@pierre_dalle\" \/>\n<script type=\"application\/ld+json\" class=\"yoast-schema-graph\">{\"@context\":\"https:\/\/schema.org\",\"@graph\":[{\"@type\":\"WebPage\",\"@id\":\"https:\/\/pierreportugal.shop\/pt-pt\/produto\/travertino-sand-stoneware-porcelain-chapasgrandes\/\",\"url\":\"https:\/\/pierreportugal.shop\/pt-pt\/produto\/travertino-sand-stoneware-porcelain-chapasgrandes\/\",\"name\":\"Travertino Sand bujardado - Pierre Portugal Stone From Portugal\",\"isPartOf\":{\"@id\":\"https:\/\/pierreportugal.shop\/pt-pt\/#website\"},\"datePublished\":\"2023-10-07T11:51:17+00:00\",\"dateModified\":\"2023-10-25T15:52:24+00:00\",\"description\":\"Large Travertino Sand effect porcelain stoneware slabs Atlas Plan. A warm sand coloured background, with subtle layers. PierrePortugal\",\"breadcrumb\":{\"@id\":\"https:\/\/pierreportugal.shop\/pt-pt\/produto\/travertino-sand-stoneware-porcelain-chapasgrandes\/#breadcrumb\"},\"inLanguage\":\"pt-PT\",\"potentialAction\":[{\"@type\":\"ReadAction\",\"target\":[\"https:\/\/pierreportugal.shop\/pt-pt\/produto\/travertino-sand-stoneware-porcelain-chapasgrandes\/\"]}]},{\"@type\":\"BreadcrumbList\",\"@id\":\"https:\/\/pierreportugal.shop\/pt-pt\/produto\/travertino-sand-stoneware-porcelain-chapasgrandes\/#breadcrumb\",\"itemListElement\":[{\"@type\":\"ListItem\",\"position\":1,\"name\":\"In\u00edcio\",\"item\":\"https:\/\/pierreportugal.shop\/pt-pt\/\"},{\"@type\":\"ListItem\",\"position\":2,\"name\":\"Loja\",\"item\":\"https:\/\/pierreportugal.shop\/pt-pt\/pedra-natural-stone-natuurstein-fassade-facade-tile-dalle\/\"},{\"@type\":\"ListItem\",\"position\":3,\"name\":\"Travertino Sand bujardado\"}]},{\"@type\":\"WebSite\",\"@id\":\"https:\/\/pierreportugal.shop\/pt-pt\/#website\",\"url\":\"https:\/\/pierreportugal.shop\/pt-pt\/\",\"name\":\"Pierre Portugal | Stone Premium\",\"description\":\"Pierre Portugal Stone Premium\",\"publisher\":{\"@id\":\"https:\/\/pierreportugal.shop\/pt-pt\/#organization\"},\"potentialAction\":[{\"@type\":\"SearchAction\",\"target\":{\"@type\":\"EntryPoint\",\"urlTemplate\":\"https:\/\/pierreportugal.shop\/pt-pt\/?s={search_term_string}\"},\"query-input\":\"required name=search_term_string\"}],\"inLanguage\":\"pt-PT\"},{\"@type\":\"Organization\",\"@id\":\"https:\/\/pierreportugal.shop\/pt-pt\/#organization\",\"name\":\"Pierre Portugal\",\"url\":\"https:\/\/pierreportugal.shop\/pt-pt\/\",\"logo\":{\"@type\":\"ImageObject\",\"inLanguage\":\"pt-PT\",\"@id\":\"https:\/\/pierreportugal.shop\/pt-pt\/#\/schema\/logo\/image\/\",\"url\":\"https:\/\/pierreportugal.shop\/wp-content\/uploads\/2022\/10\/novo-logo.png\",\"contentUrl\":\"https:\/\/pierreportugal.shop\/wp-content\/uploads\/2022\/10\/novo-logo.png\",\"width\":321,\"height\":113,\"caption\":\"Pierre Portugal\"},\"image\":{\"@id\":\"https:\/\/pierreportugal.shop\/pt-pt\/#\/schema\/logo\/image\/\"},\"sameAs\":[\"https:\/\/www.linkedin.com\/in\/pierreportugal-shop-dalles-et-tranches-tiles-and-slabs-export-a74373150\/\",\"https:\/\/twitter.com\/pierre_dalle\"]}]}<\/script>\n<!-- \/ Yoast SEO plugin. -->","yoast_head_json":{"title":"Travertino Sand bujardado - Pierre Portugal Stone From Portugal","description":"Large Travertino Sand effect porcelain stoneware slabs Atlas Plan. A warm sand coloured background, with subtle layers. PierrePortugal","robots":{"index":"index","follow":"follow","max-snippet":"max-snippet:-1","max-image-preview":"max-image-preview:large","max-video-preview":"max-video-preview:-1"},"canonical":"https:\/\/pierreportugal.shop\/pt-pt\/produto\/travertino-sand-stoneware-porcelain-chapasgrandes\/","og_locale":"pt_PT","og_type":"article","og_title":"Travertino Sand bujardado - Pierre Portugal Stone From Portugal","og_description":"Large Travertino Sand effect porcelain stoneware slabs Atlas Plan. A warm sand coloured background, with subtle layers. PierrePortugal","og_url":"https:\/\/pierreportugal.shop\/pt-pt\/produto\/travertino-sand-stoneware-porcelain-chapasgrandes\/","og_site_name":"Pierre Portugal Stone From Portugal","article_modified_time":"2023-10-25T15:52:24+00:00","og_image":[{"width":1200,"height":603,"url":"https:\/\/pierreportugal.shop\/wp-content\/uploads\/2023\/10\/Travertino-Sand.jpg","type":"image\/jpeg"}],"twitter_card":"summary_large_image","twitter_site":"@pierre_dalle","schema":{"@context":"https:\/\/schema.org","@graph":[{"@type":"WebPage","@id":"https:\/\/pierreportugal.shop\/pt-pt\/produto\/travertino-sand-stoneware-porcelain-chapasgrandes\/","url":"https:\/\/pierreportugal.shop\/pt-pt\/produto\/travertino-sand-stoneware-porcelain-chapasgrandes\/","name":"Travertino Sand bujardado - Pierre Portugal Stone From Portugal","isPartOf":{"@id":"https:\/\/pierreportugal.shop\/pt-pt\/#website"},"datePublished":"2023-10-07T11:51:17+00:00","dateModified":"2023-10-25T15:52:24+00:00","description":"Large Travertino Sand effect porcelain stoneware slabs Atlas Plan. A warm sand coloured background, with subtle layers. PierrePortugal","breadcrumb":{"@id":"https:\/\/pierreportugal.shop\/pt-pt\/produto\/travertino-sand-stoneware-porcelain-chapasgrandes\/#breadcrumb"},"inLanguage":"pt-PT","potentialAction":[{"@type":"ReadAction","target":["https:\/\/pierreportugal.shop\/pt-pt\/produto\/travertino-sand-stoneware-porcelain-chapasgrandes\/"]}]},{"@type":"BreadcrumbList","@id":"https:\/\/pierreportugal.shop\/pt-pt\/produto\/travertino-sand-stoneware-porcelain-chapasgrandes\/#breadcrumb","itemListElement":[{"@type":"ListItem","position":1,"name":"In\u00edcio","item":"https:\/\/pierreportugal.shop\/pt-pt\/"},{"@type":"ListItem","position":2,"name":"Loja","item":"https:\/\/pierreportugal.shop\/pt-pt\/pedra-natural-stone-natuurstein-fassade-facade-tile-dalle\/"},{"@type":"ListItem","position":3,"name":"Travertino Sand bujardado"}]},{"@type":"WebSite","@id":"https:\/\/pierreportugal.shop\/pt-pt\/#website","url":"https:\/\/pierreportugal.shop\/pt-pt\/","name":"Pierre Portugal | Stone Premium","description":"Pierre Portugal Stone Premium","publisher":{"@id":"https:\/\/pierreportugal.shop\/pt-pt\/#organization"},"potentialAction":[{"@type":"SearchAction","target":{"@type":"EntryPoint","urlTemplate":"https:\/\/pierreportugal.shop\/pt-pt\/?s={search_term_string}"},"query-input":"required name=search_term_string"}],"inLanguage":"pt-PT"},{"@type":"Organization","@id":"https:\/\/pierreportugal.shop\/pt-pt\/#organization","name":"Pierre Portugal","url":"https:\/\/pierreportugal.shop\/pt-pt\/","logo":{"@type":"ImageObject","inLanguage":"pt-PT","@id":"https:\/\/pierreportugal.shop\/pt-pt\/#\/schema\/logo\/image\/","url":"https:\/\/pierreportugal.shop\/wp-content\/uploads\/2022\/10\/novo-logo.png","contentUrl":"https:\/\/pierreportugal.shop\/wp-content\/uploads\/2022\/10\/novo-logo.png","width":321,"height":113,"caption":"Pierre Portugal"},"image":{"@id":"https:\/\/pierreportugal.shop\/pt-pt\/#\/schema\/logo\/image\/"},"sameAs":["https:\/\/www.linkedin.com\/in\/pierreportugal-shop-dalles-et-tranches-tiles-and-slabs-export-a74373150\/","https:\/\/twitter.com\/pierre_dalle"]}]}},"_links":{"self":[{"href":"https:\/\/pierreportugal.shop\/pt-pt\/wp-json\/wp\/v2\/product\/9673","targetHints":{"allow":["GET"]}}],"collection":[{"href":"https:\/\/pierreportugal.shop\/pt-pt\/wp-json\/wp\/v2\/product"}],"about":[{"href":"https:\/\/pierreportugal.shop\/pt-pt\/wp-json\/wp\/v2\/types\/product"}],"replies":[{"embeddable":true,"href":"https:\/\/pierreportugal.shop\/pt-pt\/wp-json\/wp\/v2\/comments?post=9673"}],"wp:featuredmedia":[{"embeddable":true,"href":"https:\/\/pierreportugal.shop\/pt-pt\/wp-json\/wp\/v2\/media\/9662"}],"wp:attachment":[{"href":"https:\/\/pierreportugal.shop\/pt-pt\/wp-json\/wp\/v2\/media?parent=9673"}],"wp:term":[{"taxonomy":"product_cat","embeddable":true,"href":"https:\/\/pierreportugal.shop\/pt-pt\/wp-json\/wp\/v2\/product_cat?post=9673"},{"taxonomy":"product_tag","embeddable":true,"href":"https:\/\/pierreportugal.shop\/pt-pt\/wp-json\/wp\/v2\/product_tag?post=9673"}],"curies":[{"name":"wp","href":"https:\/\/api.w.org\/{rel}","templated":true}]}}