{"id":9410,"date":"2022-08-04T17:10:01","date_gmt":"2022-08-04T17:10:01","guid":{"rendered":"https:\/\/pierreportugal.shop\/produto\/moca-creme-a-favor-40x40x2cm-polido\/"},"modified":"2024-02-17T11:27:01","modified_gmt":"2024-02-17T11:27:01","slug":"moca-creme-a-favor-40x40x2cm-polido","status":"publish","type":"product","link":"https:\/\/pierreportugal.shop\/pt-pt\/produto\/moca-creme-a-favor-40x40x2cm-polido\/","title":{"rendered":"MOCA CREME A FAVOR 40X40X2CM POLIDO"},"content":{"rendered":"","protected":false},"excerpt":{"rendered":"<p>Veja o nosso portfolio !<\/p>\n","protected":false},"featured_media":8391,"comment_status":"open","ping_status":"closed","template":"","meta":[],"product_cat":[161],"product_tag":[],"class_list":["post-9410","product","type-product","status-publish","has-post-thumbnail","hentry","product_cat-ladrilho-2cm-pt-pt"],"yoast_head":"<!-- This site is optimized with the Yoast SEO plugin v19.14 - https:\/\/yoast.com\/wordpress\/plugins\/seo\/ -->\n<title>MOCA CREME A FAVOR 40X40X2CM POLIDO - Pierre Portugal Stone From Portugal<\/title>\n<meta name=\"description\" content=\"PEDRA NATURAL CALC\u00c1RIO MOCA CREME PARA APLICA\u00c7\u00c3O EM FACHADA PAVIMENTOS E REVESTIMENTOS DE PAREDE CAPEAMENTOS, BALAUSTRES, PISCINAS, ESCADAS PIERREPORTUGFAL STONE PREMIUM\" \/>\n<meta name=\"robots\" content=\"index, follow, max-snippet:-1, max-image-preview:large, max-video-preview:-1\" \/>\n<link rel=\"canonical\" href=\"https:\/\/pierreportugal.shop\/pt-pt\/produto\/moca-creme-a-favor-40x40x2cm-polido\/\" \/>\n<meta property=\"og:locale\" content=\"pt_PT\" \/>\n<meta property=\"og:type\" content=\"article\" \/>\n<meta property=\"og:title\" content=\"MOCA CREME A FAVOR 40X40X2CM POLIDO - Pierre Portugal Stone From Portugal\" \/>\n<meta property=\"og:description\" content=\"PEDRA NATURAL CALC\u00c1RIO MOCA CREME PARA APLICA\u00c7\u00c3O EM FACHADA PAVIMENTOS E REVESTIMENTOS DE PAREDE CAPEAMENTOS, BALAUSTRES, PISCINAS, ESCADAS PIERREPORTUGFAL STONE PREMIUM\" \/>\n<meta property=\"og:url\" content=\"https:\/\/pierreportugal.shop\/pt-pt\/produto\/moca-creme-a-favor-40x40x2cm-polido\/\" \/>\n<meta property=\"og:site_name\" content=\"Pierre Portugal Stone From Portugal\" \/>\n<meta property=\"article:modified_time\" content=\"2024-02-17T11:27:01+00:00\" \/>\n<meta property=\"og:image\" content=\"https:\/\/pierreportugal.shop\/wp-content\/uploads\/2022\/08\/MOCA-CREME-MEDIUM-A-PASSE-40X40X2-CM-POLI.jpg\" \/>\n\t<meta property=\"og:image:width\" content=\"500\" \/>\n\t<meta property=\"og:image:height\" content=\"500\" \/>\n\t<meta property=\"og:image:type\" content=\"image\/jpeg\" \/>\n<meta name=\"twitter:card\" content=\"summary_large_image\" \/>\n<meta name=\"twitter:site\" content=\"@pierre_dalle\" \/>\n<script type=\"application\/ld+json\" class=\"yoast-schema-graph\">{\"@context\":\"https:\/\/schema.org\",\"@graph\":[{\"@type\":\"WebPage\",\"@id\":\"https:\/\/pierreportugal.shop\/pt-pt\/produto\/moca-creme-a-favor-40x40x2cm-polido\/\",\"url\":\"https:\/\/pierreportugal.shop\/pt-pt\/produto\/moca-creme-a-favor-40x40x2cm-polido\/\",\"name\":\"MOCA CREME A FAVOR 40X40X2CM POLIDO - Pierre Portugal Stone From Portugal\",\"isPartOf\":{\"@id\":\"https:\/\/pierreportugal.shop\/pt-pt\/#website\"},\"datePublished\":\"2022-08-04T17:10:01+00:00\",\"dateModified\":\"2024-02-17T11:27:01+00:00\",\"description\":\"PEDRA NATURAL CALC\u00c1RIO MOCA CREME PARA APLICA\u00c7\u00c3O EM FACHADA PAVIMENTOS E REVESTIMENTOS DE PAREDE CAPEAMENTOS, BALAUSTRES, PISCINAS, ESCADAS PIERREPORTUGFAL STONE PREMIUM\",\"breadcrumb\":{\"@id\":\"https:\/\/pierreportugal.shop\/pt-pt\/produto\/moca-creme-a-favor-40x40x2cm-polido\/#breadcrumb\"},\"inLanguage\":\"pt-PT\",\"potentialAction\":[{\"@type\":\"ReadAction\",\"target\":[\"https:\/\/pierreportugal.shop\/pt-pt\/produto\/moca-creme-a-favor-40x40x2cm-polido\/\"]}]},{\"@type\":\"BreadcrumbList\",\"@id\":\"https:\/\/pierreportugal.shop\/pt-pt\/produto\/moca-creme-a-favor-40x40x2cm-polido\/#breadcrumb\",\"itemListElement\":[{\"@type\":\"ListItem\",\"position\":1,\"name\":\"In\u00edcio\",\"item\":\"https:\/\/pierreportugal.shop\/pt-pt\/\"},{\"@type\":\"ListItem\",\"position\":2,\"name\":\"Loja\",\"item\":\"https:\/\/pierreportugal.shop\/pt-pt\/pedra-natural-stone-natuurstein-fassade-facade-tile-dalle\/\"},{\"@type\":\"ListItem\",\"position\":3,\"name\":\"MOCA CREME A FAVOR 40X40X2CM POLIDO\"}]},{\"@type\":\"WebSite\",\"@id\":\"https:\/\/pierreportugal.shop\/pt-pt\/#website\",\"url\":\"https:\/\/pierreportugal.shop\/pt-pt\/\",\"name\":\"Pierre Portugal | Stone Premium\",\"description\":\"Pierre Portugal Stone Premium\",\"publisher\":{\"@id\":\"https:\/\/pierreportugal.shop\/pt-pt\/#organization\"},\"potentialAction\":[{\"@type\":\"SearchAction\",\"target\":{\"@type\":\"EntryPoint\",\"urlTemplate\":\"https:\/\/pierreportugal.shop\/pt-pt\/?s={search_term_string}\"},\"query-input\":\"required name=search_term_string\"}],\"inLanguage\":\"pt-PT\"},{\"@type\":\"Organization\",\"@id\":\"https:\/\/pierreportugal.shop\/pt-pt\/#organization\",\"name\":\"Pierre Portugal\",\"url\":\"https:\/\/pierreportugal.shop\/pt-pt\/\",\"logo\":{\"@type\":\"ImageObject\",\"inLanguage\":\"pt-PT\",\"@id\":\"https:\/\/pierreportugal.shop\/pt-pt\/#\/schema\/logo\/image\/\",\"url\":\"https:\/\/pierreportugal.shop\/wp-content\/uploads\/2022\/10\/novo-logo.png\",\"contentUrl\":\"https:\/\/pierreportugal.shop\/wp-content\/uploads\/2022\/10\/novo-logo.png\",\"width\":321,\"height\":113,\"caption\":\"Pierre Portugal\"},\"image\":{\"@id\":\"https:\/\/pierreportugal.shop\/pt-pt\/#\/schema\/logo\/image\/\"},\"sameAs\":[\"https:\/\/www.linkedin.com\/in\/pierreportugal-shop-dalles-et-tranches-tiles-and-slabs-export-a74373150\/\",\"https:\/\/twitter.com\/pierre_dalle\"]}]}<\/script>\n<!-- \/ Yoast SEO plugin. -->","yoast_head_json":{"title":"MOCA CREME A FAVOR 40X40X2CM POLIDO - Pierre Portugal Stone From Portugal","description":"PEDRA NATURAL CALC\u00c1RIO MOCA CREME PARA APLICA\u00c7\u00c3O EM FACHADA PAVIMENTOS E REVESTIMENTOS DE PAREDE CAPEAMENTOS, BALAUSTRES, PISCINAS, ESCADAS PIERREPORTUGFAL STONE PREMIUM","robots":{"index":"index","follow":"follow","max-snippet":"max-snippet:-1","max-image-preview":"max-image-preview:large","max-video-preview":"max-video-preview:-1"},"canonical":"https:\/\/pierreportugal.shop\/pt-pt\/produto\/moca-creme-a-favor-40x40x2cm-polido\/","og_locale":"pt_PT","og_type":"article","og_title":"MOCA CREME A FAVOR 40X40X2CM POLIDO - Pierre Portugal Stone From Portugal","og_description":"PEDRA NATURAL CALC\u00c1RIO MOCA CREME PARA APLICA\u00c7\u00c3O EM FACHADA PAVIMENTOS E REVESTIMENTOS DE PAREDE CAPEAMENTOS, BALAUSTRES, PISCINAS, ESCADAS PIERREPORTUGFAL STONE PREMIUM","og_url":"https:\/\/pierreportugal.shop\/pt-pt\/produto\/moca-creme-a-favor-40x40x2cm-polido\/","og_site_name":"Pierre Portugal Stone From Portugal","article_modified_time":"2024-02-17T11:27:01+00:00","og_image":[{"width":500,"height":500,"url":"https:\/\/pierreportugal.shop\/wp-content\/uploads\/2022\/08\/MOCA-CREME-MEDIUM-A-PASSE-40X40X2-CM-POLI.jpg","type":"image\/jpeg"}],"twitter_card":"summary_large_image","twitter_site":"@pierre_dalle","schema":{"@context":"https:\/\/schema.org","@graph":[{"@type":"WebPage","@id":"https:\/\/pierreportugal.shop\/pt-pt\/produto\/moca-creme-a-favor-40x40x2cm-polido\/","url":"https:\/\/pierreportugal.shop\/pt-pt\/produto\/moca-creme-a-favor-40x40x2cm-polido\/","name":"MOCA CREME A FAVOR 40X40X2CM POLIDO - Pierre Portugal Stone From Portugal","isPartOf":{"@id":"https:\/\/pierreportugal.shop\/pt-pt\/#website"},"datePublished":"2022-08-04T17:10:01+00:00","dateModified":"2024-02-17T11:27:01+00:00","description":"PEDRA NATURAL CALC\u00c1RIO MOCA CREME PARA APLICA\u00c7\u00c3O EM FACHADA PAVIMENTOS E REVESTIMENTOS DE PAREDE CAPEAMENTOS, BALAUSTRES, PISCINAS, ESCADAS PIERREPORTUGFAL STONE PREMIUM","breadcrumb":{"@id":"https:\/\/pierreportugal.shop\/pt-pt\/produto\/moca-creme-a-favor-40x40x2cm-polido\/#breadcrumb"},"inLanguage":"pt-PT","potentialAction":[{"@type":"ReadAction","target":["https:\/\/pierreportugal.shop\/pt-pt\/produto\/moca-creme-a-favor-40x40x2cm-polido\/"]}]},{"@type":"BreadcrumbList","@id":"https:\/\/pierreportugal.shop\/pt-pt\/produto\/moca-creme-a-favor-40x40x2cm-polido\/#breadcrumb","itemListElement":[{"@type":"ListItem","position":1,"name":"In\u00edcio","item":"https:\/\/pierreportugal.shop\/pt-pt\/"},{"@type":"ListItem","position":2,"name":"Loja","item":"https:\/\/pierreportugal.shop\/pt-pt\/pedra-natural-stone-natuurstein-fassade-facade-tile-dalle\/"},{"@type":"ListItem","position":3,"name":"MOCA CREME A FAVOR 40X40X2CM POLIDO"}]},{"@type":"WebSite","@id":"https:\/\/pierreportugal.shop\/pt-pt\/#website","url":"https:\/\/pierreportugal.shop\/pt-pt\/","name":"Pierre Portugal | Stone Premium","description":"Pierre Portugal Stone Premium","publisher":{"@id":"https:\/\/pierreportugal.shop\/pt-pt\/#organization"},"potentialAction":[{"@type":"SearchAction","target":{"@type":"EntryPoint","urlTemplate":"https:\/\/pierreportugal.shop\/pt-pt\/?s={search_term_string}"},"query-input":"required name=search_term_string"}],"inLanguage":"pt-PT"},{"@type":"Organization","@id":"https:\/\/pierreportugal.shop\/pt-pt\/#organization","name":"Pierre Portugal","url":"https:\/\/pierreportugal.shop\/pt-pt\/","logo":{"@type":"ImageObject","inLanguage":"pt-PT","@id":"https:\/\/pierreportugal.shop\/pt-pt\/#\/schema\/logo\/image\/","url":"https:\/\/pierreportugal.shop\/wp-content\/uploads\/2022\/10\/novo-logo.png","contentUrl":"https:\/\/pierreportugal.shop\/wp-content\/uploads\/2022\/10\/novo-logo.png","width":321,"height":113,"caption":"Pierre Portugal"},"image":{"@id":"https:\/\/pierreportugal.shop\/pt-pt\/#\/schema\/logo\/image\/"},"sameAs":["https:\/\/www.linkedin.com\/in\/pierreportugal-shop-dalles-et-tranches-tiles-and-slabs-export-a74373150\/","https:\/\/twitter.com\/pierre_dalle"]}]}},"_links":{"self":[{"href":"https:\/\/pierreportugal.shop\/pt-pt\/wp-json\/wp\/v2\/product\/9410","targetHints":{"allow":["GET"]}}],"collection":[{"href":"https:\/\/pierreportugal.shop\/pt-pt\/wp-json\/wp\/v2\/product"}],"about":[{"href":"https:\/\/pierreportugal.shop\/pt-pt\/wp-json\/wp\/v2\/types\/product"}],"replies":[{"embeddable":true,"href":"https:\/\/pierreportugal.shop\/pt-pt\/wp-json\/wp\/v2\/comments?post=9410"}],"wp:featuredmedia":[{"embeddable":true,"href":"https:\/\/pierreportugal.shop\/pt-pt\/wp-json\/wp\/v2\/media\/8391"}],"wp:attachment":[{"href":"https:\/\/pierreportugal.shop\/pt-pt\/wp-json\/wp\/v2\/media?parent=9410"}],"wp:term":[{"taxonomy":"product_cat","embeddable":true,"href":"https:\/\/pierreportugal.shop\/pt-pt\/wp-json\/wp\/v2\/product_cat?post=9410"},{"taxonomy":"product_tag","embeddable":true,"href":"https:\/\/pierreportugal.shop\/pt-pt\/wp-json\/wp\/v2\/product_tag?post=9410"}],"curies":[{"name":"wp","href":"https:\/\/api.w.org\/{rel}","templated":true}]}}