{"id":8901,"date":"2022-08-04T15:57:46","date_gmt":"2022-08-04T15:57:46","guid":{"rendered":"https:\/\/pierreportugal.shop\/privacy-policy\/"},"modified":"2023-01-30T17:19:58","modified_gmt":"2023-01-30T17:19:58","slug":"politica-de-privacidade","status":"publish","type":"page","link":"https:\/\/pierreportugal.shop\/pt-pt\/politica-de-privacidade\/","title":{"rendered":"Pol\u00edtica de Privacidade"},"content":{"rendered":"\r\n<h2 class=\"wp-block-heading\">Pol\u00edtica de Privacidade<\/h2>\r\n<p>Sua privacidade \u00e9 importante para n\u00f3s. \u00c9 pol\u00edtica da empresa respeitar sua privacidade em rela\u00e7\u00e3o a qualquer informa\u00e7\u00e3o sua que possamos coletar em nosso site,\u00a0e em outros sites que possu\u00edmos e operamos.<\/p>\r\n<p>S\u00f3 pedimos informa\u00e7\u00f5es pessoais quando realmente precisamos delas para fornecer um servi\u00e7o a voc\u00ea. N\u00f3s os coletamos por meios justos e legais, com seu conhecimento e consentimento. Tamb\u00e9m informamos por que estamos coletando e como ser\u00e1 usado.<\/p>\r\n<p>Apenas retemos as informa\u00e7\u00f5es coletadas pelo tempo necess\u00e1rio para fornecer o servi\u00e7o solicitado. Quais dados armazenamos, protegeremos dentro de meios comercialmente aceit\u00e1veis \u200b\u200bpara evitar perda e roubo, bem como acesso n\u00e3o autorizado, divulga\u00e7\u00e3o, c\u00f3pia, uso ou modifica\u00e7\u00e3o.<\/p>\r\n<p>N\u00e3o compartilhamos nenhuma informa\u00e7\u00e3o de identifica\u00e7\u00e3o pessoal publicamente ou com terceiros, exceto quando exigido por lei.<\/p>\r\n<p>Nosso site pode conter links para sites externos que n\u00e3o s\u00e3o operados por n\u00f3s. Esteja ciente de que n\u00e3o temos controle sobre o conte\u00fado e as pr\u00e1ticas desses sites e n\u00e3o podemos aceitar responsabilidade por suas respectivas pol\u00edticas de privacidade.<\/p>\r\n<p>Voc\u00ea \u00e9 livre para recusar nossa solicita\u00e7\u00e3o de informa\u00e7\u00f5es pessoais, com o entendimento de que talvez n\u00e3o possamos fornecer alguns dos servi\u00e7os desejados.<\/p>\r\n<p>Seu uso continuado de nosso site ser\u00e1 considerado como aceita\u00e7\u00e3o de nossas pr\u00e1ticas sobre privacidade e informa\u00e7\u00f5es pessoais. Se voc\u00ea tiver alguma d\u00favida sobre como lidamos com os dados do usu\u00e1rio e informa\u00e7\u00f5es pessoais, entre em contato conosco.<\/p>\r\n<p>&nbsp;<\/p>\r\n<h2>Pol\u00edtica de Cookies para<\/h2>\r\n<p>Esta \u00e9 a Pol\u00edtica de Cookies para , acess\u00edvel a partir do URL .<\/p>\r\n<h3>O que s\u00e3o Cookies<\/h3>\r\n<p>Como \u00e9 pr\u00e1tica comum em quase todos os sites profissionais, este site usa cookies, que s\u00e3o pequenos arquivos baixados em seu computador, para melhorar sua experi\u00eancia. Esta p\u00e1gina descreve quais informa\u00e7\u00f5es eles coletam, como as usamos e por que \u00e0s vezes precisamos armazenar esses cookies. Tamb\u00e9m compartilharemos como voc\u00ea pode impedir que esses cookies sejam armazenados, mas isso pode prejudicar ou &#8216;quebrar&#8217; certos elementos da funcionalidade do site.<\/p>\r\n<h3>Como Usamos Cookies<\/h3>\r\n<p>Usamos cookies por v\u00e1rios motivos detalhados abaixo. Infelizmente, na maioria dos casos, n\u00e3o h\u00e1 op\u00e7\u00f5es padr\u00e3o do setor para desativar os cookies sem desativar completamente a funcionalidade e os recursos que eles adicionam a este site. \u00c9 recomend\u00e1vel que voc\u00ea deixe todos os cookies se n\u00e3o tiver certeza se precisa deles ou n\u00e3o, caso sejam usados \u200b\u200bpara fornecer um servi\u00e7o que voc\u00ea usa.<\/p>\r\n<h3>Desabilitando Cookies<\/h3>\r\n<p>Voc\u00ea pode impedir a configura\u00e7\u00e3o de cookies ajustando as configura\u00e7\u00f5es do seu navegador (consulte a Ajuda do navegador para saber como fazer isso). Esteja ciente de que desativar os cookies afetar\u00e1 a funcionalidade deste e de muitos outros sites que voc\u00ea visitar. A desativa\u00e7\u00e3o de cookies geralmente resultar\u00e1 na desativa\u00e7\u00e3o de certas funcionalidades e recursos deste site. Portanto, \u00e9 recomend\u00e1vel que voc\u00ea n\u00e3o desative os cookies.<\/p>\r\n<h3>Os Cookies que Definimos<\/h3>\r\n<ul>\r\n<li>Cookies relacionados \u00e0 conta<\/li>\r\n<li>Se voc\u00ea criar uma conta conosco, usaremos cookies para o gerenciamento do processo de inscri\u00e7\u00e3o e administra\u00e7\u00e3o geral. Esses cookies geralmente ser\u00e3o exclu\u00eddos quando voc\u00ea sair, no entanto, em alguns casos, eles podem permanecer depois para lembrar as prefer\u00eancias do seu site quando voc\u00ea sair.<\/li>\r\n<li>Cookies relacionados ao login<\/li>\r\n<li>Usamos cookies quando voc\u00ea est\u00e1 logado para que possamos nos lembrar desse fato. Isso evita que voc\u00ea tenha que fazer login toda vez que visitar uma nova p\u00e1gina. Esses cookies geralmente s\u00e3o removidos ou apagados quando voc\u00ea sai para garantir que voc\u00ea s\u00f3 possa acessar recursos e \u00e1reas restritas quando estiver conectado.<\/li>\r\n<li>Cookies relacionados a newsletters por e-mail<\/li>\r\n<li>Este site oferece servi\u00e7os de assinatura de newsletter ou e-mail e cookies podem ser usados \u200b\u200bpara lembrar se voc\u00ea j\u00e1 est\u00e1 registrado e se deseja mostrar determinadas notifica\u00e7\u00f5es que podem ser v\u00e1lidas apenas para usu\u00e1rios inscritos\/desinscritos.<\/li>\r\n<li>Cookies relacionados ao processamento de pedidos<\/li>\r\n<li>Este site oferece com\u00e9rcio eletr\u00f4nico ou facilidades de pagamento e alguns cookies s\u00e3o essenciais para garantir que seu pedido seja lembrado entre as p\u00e1ginas para que possamos process\u00e1-lo adequadamente.<\/li>\r\n<li>Cookies relacionados a pesquisas<\/li>\r\n<li>Periodicamente, oferecemos pesquisas e question\u00e1rios de usu\u00e1rios para fornecer informa\u00e7\u00f5es interessantes, ferramentas \u00fateis ou para entender nossa base de usu\u00e1rios com mais precis\u00e3o. Essas pesquisas podem usar cookies para lembrar quem j\u00e1 participou de uma pesquisa ou para fornecer resultados precisos depois que voc\u00ea mudar de p\u00e1gina.<\/li>\r\n<li>Cookies relacionados a formul\u00e1rios<\/li>\r\n<li>Quando voc\u00ea envia dados por meio de um formul\u00e1rio, como os encontrados nas p\u00e1ginas de contato ou nos formul\u00e1rios de coment\u00e1rios, os cookies podem ser configurados para lembrar seus detalhes de usu\u00e1rio para correspond\u00eancia futura.<\/li>\r\n<li>Cookies de prefer\u00eancias do site<\/li>\r\n<li>Para lhe proporcionar uma \u00f3tima experi\u00eancia neste site, fornecemos a funcionalidade para definir suas prefer\u00eancias de como este site \u00e9 executado quando voc\u00ea o usa. Para lembrar suas prefer\u00eancias, precisamos definir cookies para que essas informa\u00e7\u00f5es possam ser chamadas sempre que voc\u00ea interagir com uma p\u00e1gina afetada por suas prefer\u00eancias.<\/li>\r\n<\/ul>\r\n<h3>Cookies de Terceiros<\/h3>\r\n<p>Em alguns casos especiais, tamb\u00e9m usamos cookies fornecidos por terceiros confi\u00e1veis. A se\u00e7\u00e3o a seguir detalha quais cookies de terceiros voc\u00ea pode encontrar neste site.<\/p>\r\n<p>Este site usa o Google Analytics, que \u00e9 uma das solu\u00e7\u00f5es de an\u00e1lise mais difundidas e confi\u00e1veis \u200b\u200bna web para nos ajudar a entender como voc\u00ea usa o site e como podemos melhorar sua experi\u00eancia.<\/p>\r\n<ul>\r\n<li>Esses cookies podem rastrear coisas como quanto tempo voc\u00ea gasta no site e as p\u00e1ginas que voc\u00ea visita, para que possamos continuar a produzir conte\u00fado envolvente. Para obter mais informa\u00e7\u00f5es sobre os cookies do Google Analytics, consulte a p\u00e1gina oficial do Google Analytics.<\/li>\r\n<li>An\u00e1lises de terceiros s\u00e3o usadas para rastrear e medir o uso deste site para que possamos continuar a produzir conte\u00fado atraente. Esses cookies podem rastrear coisas como quanto tempo voc\u00ea gasta no site ou nas p\u00e1ginas que voc\u00ea visita, o que nos ajuda a entender como podemos melhorar o site para voc\u00ea.<\/li>\r\n<li>Periodicamente, testamos novos recursos e fazemos altera\u00e7\u00f5es sutis na forma como o site \u00e9 entregue. Quando ainda estamos testando novos recursos, esses cookies podem ser usados \u200b\u200bpara garantir que voc\u00ea tenha uma experi\u00eancia consistente enquanto estiver no site, ao mesmo tempo em que entendemos quais otimiza\u00e7\u00f5es nossos usu\u00e1rios mais apreciam.<\/li>\r\n<li>Como vendemos produtos, \u00e9 importante entendermos as estat\u00edsticas sobre quantos visitantes de nosso site realmente fazem uma compra e, como tal, esse \u00e9 o tipo de dados que esses cookies rastrear\u00e3o. Isso \u00e9 importante para voc\u00ea, pois significa que podemos fazer previs\u00f5es de neg\u00f3cios com precis\u00e3o que nos permitem monitorar nossos custos de publicidade e produtos para garantir o melhor pre\u00e7o poss\u00edvel.<\/li>\r\n<\/ul>\r\n<p>Tamb\u00e9m usamos bot\u00f5es de m\u00eddia social e\/ou plug-ins neste site que permitem que voc\u00ea se conecte com sua rede social de v\u00e1rias maneiras. Para que funcionem, os seguintes sites de m\u00eddia social, incluindo Facebook, Twitter, LinkedIn e Instagram, definir\u00e3o cookies por meio de nosso site, que podem ser usados \u200b\u200bpara aprimorar seu perfil em seus sites ou contribuir com os dados que eles mant\u00eam para v\u00e1rios fins descritos em seus respectivos Pol\u00edticas de privacidade.<\/p>\r\n<h3>Responsabilidades do Utilizador<\/h3>\r\n<p>O usu\u00e1rio assume a responsabilidade de fazer um uso adequado dos conte\u00fados e informa\u00e7\u00f5es oferecidos no site com comportamento enunciativo, mas n\u00e3o imitativo:<\/p>\r\n<p>A) N\u00e3o praticar atividades ilegais ou contr\u00e1rias \u00e0 boa f\u00e9 e \u00e0 ordem p\u00fablica;<br \/>B) N\u00e3o difundir propaganda ou conte\u00fado de natureza racista, xen\u00f3foba ou de jogo, qualquer tipo de pornografia ilegal, afirma\u00e7\u00f5es terroristas ou contr\u00e1rias aos direitos humanos;<br \/>C) N\u00e3o causar danos a sistemas f\u00edsicos (hardware) e inating\u00edveis (software) da , seus fornecedores ou terceiros, para introduzir ou disseminar v\u00edrus de computador ou quaisquer outros sistemas de hardware ou software que sejam capazes de causar os danos anteriormente mencionados.<\/p>\r\n<h3>Mais Informa\u00e7\u00f5es<\/h3>\r\n<p>Espero que isso tenha esclarecido as coisas para voc\u00ea e, como mencionado anteriormente, se houver algo que voc\u00ea n\u00e3o tem certeza se precisa ou n\u00e3o, geralmente \u00e9 mais seguro deixar os cookies ativados caso interaja com um dos recursos que voc\u00ea usa em nosso site.<\/p>\r\n<p>Esta pol\u00edtica \u00e9 efetiva a partir de 26 de agosto de 2022.<\/p>\r\n","protected":false},"excerpt":{"rendered":"<p>Pol\u00edtica de Privacidade Sua privacidade \u00e9 importante para n\u00f3s. \u00c9 pol\u00edtica da empresa respeitar sua privacidade em rela\u00e7\u00e3o a qualquer<\/p>\n","protected":false},"author":1,"featured_media":0,"parent":0,"menu_order":0,"comment_status":"closed","ping_status":"open","template":"","meta":{"footnotes":""},"class_list":["post-8901","page","type-page","status-publish","hentry"],"yoast_head":"<!-- This site is optimized with the Yoast SEO plugin v19.14 - https:\/\/yoast.com\/wordpress\/plugins\/seo\/ -->\n<title>Pol\u00edtica de Privacidade - Pierre Portugal Stone From Portugal<\/title>\n<meta name=\"robots\" content=\"index, follow, max-snippet:-1, max-image-preview:large, max-video-preview:-1\" \/>\n<link rel=\"canonical\" href=\"https:\/\/pierreportugal.shop\/pt-pt\/politica-de-privacidade\/\" \/>\n<meta property=\"og:locale\" content=\"pt_PT\" \/>\n<meta property=\"og:type\" content=\"article\" \/>\n<meta property=\"og:title\" content=\"Pol\u00edtica de Privacidade - Pierre Portugal Stone From Portugal\" \/>\n<meta property=\"og:description\" content=\"Pol\u00edtica de Privacidade Sua privacidade \u00e9 importante para n\u00f3s. \u00c9 pol\u00edtica da empresa respeitar sua privacidade em rela\u00e7\u00e3o a qualquer\" \/>\n<meta property=\"og:url\" content=\"https:\/\/pierreportugal.shop\/pt-pt\/politica-de-privacidade\/\" \/>\n<meta property=\"og:site_name\" content=\"Pierre Portugal Stone From Portugal\" \/>\n<meta property=\"article:modified_time\" content=\"2023-01-30T17:19:58+00:00\" \/>\n<meta name=\"twitter:card\" content=\"summary_large_image\" \/>\n<meta name=\"twitter:site\" content=\"@pierre_dalle\" \/>\n<meta name=\"twitter:label1\" content=\"Tempo estimado de leitura\" \/>\n\t<meta name=\"twitter:data1\" content=\"8 minutos\" \/>\n<script type=\"application\/ld+json\" class=\"yoast-schema-graph\">{\"@context\":\"https:\/\/schema.org\",\"@graph\":[{\"@type\":\"WebPage\",\"@id\":\"https:\/\/pierreportugal.shop\/pt-pt\/politica-de-privacidade\/\",\"url\":\"https:\/\/pierreportugal.shop\/pt-pt\/politica-de-privacidade\/\",\"name\":\"Pol\u00edtica de Privacidade - Pierre Portugal Stone From Portugal\",\"isPartOf\":{\"@id\":\"https:\/\/pierreportugal.shop\/pt-pt\/#website\"},\"datePublished\":\"2022-08-04T15:57:46+00:00\",\"dateModified\":\"2023-01-30T17:19:58+00:00\",\"breadcrumb\":{\"@id\":\"https:\/\/pierreportugal.shop\/pt-pt\/politica-de-privacidade\/#breadcrumb\"},\"inLanguage\":\"pt-PT\",\"potentialAction\":[{\"@type\":\"ReadAction\",\"target\":[\"https:\/\/pierreportugal.shop\/pt-pt\/politica-de-privacidade\/\"]}]},{\"@type\":\"BreadcrumbList\",\"@id\":\"https:\/\/pierreportugal.shop\/pt-pt\/politica-de-privacidade\/#breadcrumb\",\"itemListElement\":[{\"@type\":\"ListItem\",\"position\":1,\"name\":\"In\u00edcio\",\"item\":\"https:\/\/pierreportugal.shop\/pt-pt\/\"},{\"@type\":\"ListItem\",\"position\":2,\"name\":\"Pol\u00edtica de Privacidade\"}]},{\"@type\":\"WebSite\",\"@id\":\"https:\/\/pierreportugal.shop\/pt-pt\/#website\",\"url\":\"https:\/\/pierreportugal.shop\/pt-pt\/\",\"name\":\"Pierre Portugal | Stone Premium\",\"description\":\"Pierre Portugal Stone Premium\",\"publisher\":{\"@id\":\"https:\/\/pierreportugal.shop\/pt-pt\/#organization\"},\"potentialAction\":[{\"@type\":\"SearchAction\",\"target\":{\"@type\":\"EntryPoint\",\"urlTemplate\":\"https:\/\/pierreportugal.shop\/pt-pt\/?s={search_term_string}\"},\"query-input\":\"required name=search_term_string\"}],\"inLanguage\":\"pt-PT\"},{\"@type\":\"Organization\",\"@id\":\"https:\/\/pierreportugal.shop\/pt-pt\/#organization\",\"name\":\"Pierre Portugal\",\"url\":\"https:\/\/pierreportugal.shop\/pt-pt\/\",\"logo\":{\"@type\":\"ImageObject\",\"inLanguage\":\"pt-PT\",\"@id\":\"https:\/\/pierreportugal.shop\/pt-pt\/#\/schema\/logo\/image\/\",\"url\":\"https:\/\/pierreportugal.shop\/wp-content\/uploads\/2022\/10\/novo-logo.png\",\"contentUrl\":\"https:\/\/pierreportugal.shop\/wp-content\/uploads\/2022\/10\/novo-logo.png\",\"width\":321,\"height\":113,\"caption\":\"Pierre Portugal\"},\"image\":{\"@id\":\"https:\/\/pierreportugal.shop\/pt-pt\/#\/schema\/logo\/image\/\"},\"sameAs\":[\"https:\/\/www.linkedin.com\/in\/pierreportugal-shop-dalles-et-tranches-tiles-and-slabs-export-a74373150\/\",\"https:\/\/twitter.com\/pierre_dalle\"]}]}<\/script>\n<!-- \/ Yoast SEO plugin. -->","yoast_head_json":{"title":"Pol\u00edtica de Privacidade - Pierre Portugal Stone From Portugal","robots":{"index":"index","follow":"follow","max-snippet":"max-snippet:-1","max-image-preview":"max-image-preview:large","max-video-preview":"max-video-preview:-1"},"canonical":"https:\/\/pierreportugal.shop\/pt-pt\/politica-de-privacidade\/","og_locale":"pt_PT","og_type":"article","og_title":"Pol\u00edtica de Privacidade - Pierre Portugal Stone From Portugal","og_description":"Pol\u00edtica de Privacidade Sua privacidade \u00e9 importante para n\u00f3s. \u00c9 pol\u00edtica da empresa respeitar sua privacidade em rela\u00e7\u00e3o a qualquer","og_url":"https:\/\/pierreportugal.shop\/pt-pt\/politica-de-privacidade\/","og_site_name":"Pierre Portugal Stone From Portugal","article_modified_time":"2023-01-30T17:19:58+00:00","twitter_card":"summary_large_image","twitter_site":"@pierre_dalle","twitter_misc":{"Tempo estimado de leitura":"8 minutos"},"schema":{"@context":"https:\/\/schema.org","@graph":[{"@type":"WebPage","@id":"https:\/\/pierreportugal.shop\/pt-pt\/politica-de-privacidade\/","url":"https:\/\/pierreportugal.shop\/pt-pt\/politica-de-privacidade\/","name":"Pol\u00edtica de Privacidade - Pierre Portugal Stone From Portugal","isPartOf":{"@id":"https:\/\/pierreportugal.shop\/pt-pt\/#website"},"datePublished":"2022-08-04T15:57:46+00:00","dateModified":"2023-01-30T17:19:58+00:00","breadcrumb":{"@id":"https:\/\/pierreportugal.shop\/pt-pt\/politica-de-privacidade\/#breadcrumb"},"inLanguage":"pt-PT","potentialAction":[{"@type":"ReadAction","target":["https:\/\/pierreportugal.shop\/pt-pt\/politica-de-privacidade\/"]}]},{"@type":"BreadcrumbList","@id":"https:\/\/pierreportugal.shop\/pt-pt\/politica-de-privacidade\/#breadcrumb","itemListElement":[{"@type":"ListItem","position":1,"name":"In\u00edcio","item":"https:\/\/pierreportugal.shop\/pt-pt\/"},{"@type":"ListItem","position":2,"name":"Pol\u00edtica de Privacidade"}]},{"@type":"WebSite","@id":"https:\/\/pierreportugal.shop\/pt-pt\/#website","url":"https:\/\/pierreportugal.shop\/pt-pt\/","name":"Pierre Portugal | Stone Premium","description":"Pierre Portugal Stone Premium","publisher":{"@id":"https:\/\/pierreportugal.shop\/pt-pt\/#organization"},"potentialAction":[{"@type":"SearchAction","target":{"@type":"EntryPoint","urlTemplate":"https:\/\/pierreportugal.shop\/pt-pt\/?s={search_term_string}"},"query-input":"required name=search_term_string"}],"inLanguage":"pt-PT"},{"@type":"Organization","@id":"https:\/\/pierreportugal.shop\/pt-pt\/#organization","name":"Pierre Portugal","url":"https:\/\/pierreportugal.shop\/pt-pt\/","logo":{"@type":"ImageObject","inLanguage":"pt-PT","@id":"https:\/\/pierreportugal.shop\/pt-pt\/#\/schema\/logo\/image\/","url":"https:\/\/pierreportugal.shop\/wp-content\/uploads\/2022\/10\/novo-logo.png","contentUrl":"https:\/\/pierreportugal.shop\/wp-content\/uploads\/2022\/10\/novo-logo.png","width":321,"height":113,"caption":"Pierre Portugal"},"image":{"@id":"https:\/\/pierreportugal.shop\/pt-pt\/#\/schema\/logo\/image\/"},"sameAs":["https:\/\/www.linkedin.com\/in\/pierreportugal-shop-dalles-et-tranches-tiles-and-slabs-export-a74373150\/","https:\/\/twitter.com\/pierre_dalle"]}]}},"_links":{"self":[{"href":"https:\/\/pierreportugal.shop\/pt-pt\/wp-json\/wp\/v2\/pages\/8901","targetHints":{"allow":["GET"]}}],"collection":[{"href":"https:\/\/pierreportugal.shop\/pt-pt\/wp-json\/wp\/v2\/pages"}],"about":[{"href":"https:\/\/pierreportugal.shop\/pt-pt\/wp-json\/wp\/v2\/types\/page"}],"author":[{"embeddable":true,"href":"https:\/\/pierreportugal.shop\/pt-pt\/wp-json\/wp\/v2\/users\/1"}],"replies":[{"embeddable":true,"href":"https:\/\/pierreportugal.shop\/pt-pt\/wp-json\/wp\/v2\/comments?post=8901"}],"version-history":[{"count":2,"href":"https:\/\/pierreportugal.shop\/pt-pt\/wp-json\/wp\/v2\/pages\/8901\/revisions"}],"predecessor-version":[{"id":8907,"href":"https:\/\/pierreportugal.shop\/pt-pt\/wp-json\/wp\/v2\/pages\/8901\/revisions\/8907"}],"wp:attachment":[{"href":"https:\/\/pierreportugal.shop\/pt-pt\/wp-json\/wp\/v2\/media?parent=8901"}],"curies":[{"name":"wp","href":"https:\/\/api.w.org\/{rel}","templated":true}]}}