{"id":8876,"date":"2022-12-20T14:04:49","date_gmt":"2022-12-20T14:04:49","guid":{"rendered":"https:\/\/pierreportugal.shop\/marcas\/neolith-large-format-tile\/"},"modified":"2024-05-10T14:23:29","modified_gmt":"2024-05-10T14:23:29","slug":"azulejo-de-grande-formato-neolith","status":"publish","type":"page","link":"https:\/\/pierreportugal.shop\/pt-pt\/pedra-natural-marmore-calcario-ardosia-em-ladrilho-chapa-e-fachada\/azulejo-de-grande-formato-neolith\/","title":{"rendered":"Azulejo de grande formato Neolith"},"content":{"rendered":"[vc_row][vc_column][vc_column_text woodmart_inline=&#8221;no&#8221; text_larger=&#8221;no&#8221;]\r\n<h3>PIERREPORTUGAL\u00a0 STONE PREMIUM<\/h3>\r\nNEOLITH Sintered Stone \u00e9 um material inovador que est\u00e1 redefinindo o futuro do design de interiores. Com uma extensa gama de cores e acabamentos, NEOLITH \u00e9 um produto de design que criou possibilidades interessantes para aplica\u00e7\u00f5es de decora\u00e7\u00e3o de interiores e projetos de revestimento exterior.\r\n\r\nOs ladrilhos de grande formato NEOLITH eliminam as linhas de rejunte, tornando-o uma op\u00e7\u00e3o mais higi\u00eanica do que o ladrilho tradicional. Os ladrilhos s\u00e3o resistentes a arranh\u00f5es, manchas e calor. As telhas tamb\u00e9m s\u00e3o est\u00e1veis \u200b\u200baos raios UV, tornando-as adequadas para aplica\u00e7\u00f5es externas.\r\n\r\nNEOLITH \u00e9 100% ecol\u00f3gico, utilizando materiais naturais e tecnologias que respeitam o meio ambiente. Nossa pedra sinterizada \u00e9 fabricada de forma sustent\u00e1vel e respons\u00e1vel, em conformidade com todos os padr\u00f5es europeus de seguran\u00e7a ambiental.\r\n\r\nA tecnologia e a precis\u00e3o empregadas na fabrica\u00e7\u00e3o do NEOLITH garantem a m\u00e1xima efici\u00eancia em termos de consumo de energia e uso de mat\u00e9rias-primas. A produ\u00e7\u00e3o e o ciclo de vida das superf\u00edcies NEOLITH t\u00eam o menor impacto poss\u00edvel no meio ambiente e o produto final \u00e9 totalmente recicl\u00e1vel.[\/vc_column_text][\/vc_column][\/vc_row][vc_row][vc_column width=&#8221;1\/4&#8243;]\t\t<div class=\"promo-banner-wrapper  wd-rs-663e2c6de99e7 \">\n\t\t\t<div id=\"wd-663e2c6de99e7\" class=\"promo-banner  banner- banner-hover-zoom color-scheme-light banner-btn-size-default banner-btn-style-default  with-btn banner-btn-position-hover cursor-pointer wd-underline-colored\"\t\t\t\t onclick=\"window.location.href='#'\"\t\t\t>\n\t\t\t\t<div class=\"main-wrapp-img\">\n\t\t\t\t\t<div class=\"banner-image wd-bg-position-center\" >\n\t\t\t\t\t\t<img loading=\"lazy\" decoding=\"async\" class=\"promo-banner-image \" src=\"https:\/\/pierreportugal.shop\/wp-content\/uploads\/2024\/05\/Neolith-ESSENTIALS_METROPOLITAN_4105-008-scaled-800x600.jpg\" width=\"800\" height=\"600\" alt=\"Neolith - ESSENTIALS\" title=\"THESIZE SURFACES - NEOLITH  Almassora - Castell\u00f3n - Spain\" \/>\t\t\t\t\t<\/div>\n\t\t\t\t<\/div>\n\n\t\t\t\t<div class=\"wrapper-content-banner wd-fill  wd-items-top wd-justify-left\">\n\t\t\t\t\t<div class=\"content-banner text-left\">\n\t\t\t\t\t\t<div class=\"banner-title-wrap\">\n\t\t\t\t\t\t\t<h4 class=\"banner-title wd-font-weight- wd-fontsize-l\">Porcelana de Neolith 1<\/h4>\t\t\t\t\t\t<\/div>\n\t\t\t\t\t\t\t\t\t\t\t\t<div class=\"banner-btn-wrapper\"><div id=\"wd-69f36f4ec11f7\" class=\"  wd-button-wrapper text-left\"><a  class=\"btn btn-color-black btn-style-default btn-style-round btn-size-default\">Saiba mais<\/a><\/div><\/div>\t\t\t\t\t<\/div>\n\t\t\t\t<\/div>\n\t\t\t\t\t\t\t<\/div>\n\t\t<\/div>\n\n\t\t[\/vc_column][vc_column width=&#8221;1\/4&#8243;]\t\t<div class=\"promo-banner-wrapper  wd-rs-663e2d6f25b65 \">\n\t\t\t<div id=\"wd-663e2d6f25b65\" class=\"promo-banner  banner- banner-hover-zoom color-scheme-light banner-btn-size-default banner-btn-style-default  with-btn banner-btn-position-hover cursor-pointer wd-underline-colored\"\t\t\t\t onclick=\"window.location.href='#'\"\t\t\t>\n\t\t\t\t<div class=\"main-wrapp-img\">\n\t\t\t\t\t<div class=\"banner-image wd-bg-position-center\" >\n\t\t\t\t\t\t<img loading=\"lazy\" decoding=\"async\" class=\"promo-banner-image \" src=\"https:\/\/pierreportugal.shop\/wp-content\/uploads\/2024\/05\/Neolith-ESSENTIALS_SHILIN_4104-007-scaled-800x600.jpg\" width=\"800\" height=\"600\" alt=\"Neolith ESSENTIALS SHILIN porcelaine stoneware\" title=\"THESIZE SURFACES - NEOLITH  Almassora - Castell\u00f3n - Spain\" \/>\t\t\t\t\t<\/div>\n\t\t\t\t<\/div>\n\n\t\t\t\t<div class=\"wrapper-content-banner wd-fill  wd-items-top wd-justify-left\">\n\t\t\t\t\t<div class=\"content-banner text-left\">\n\t\t\t\t\t\t<div class=\"banner-title-wrap\">\n\t\t\t\t\t\t\t<h4 class=\"banner-title wd-font-weight- wd-fontsize-l\">Porcelana de Neolith 2<\/h4>\t\t\t\t\t\t<\/div>\n\t\t\t\t\t\t\t\t\t\t\t\t<div class=\"banner-btn-wrapper\"><div id=\"wd-69f36f4ec2001\" class=\"  wd-button-wrapper text-left\"><a  class=\"btn btn-color-black btn-style-default btn-style-round btn-size-default\">Saiba mais<\/a><\/div><\/div>\t\t\t\t\t<\/div>\n\t\t\t\t<\/div>\n\t\t\t\t\t\t\t<\/div>\n\t\t<\/div>\n\n\t\t[\/vc_column][vc_column width=&#8221;1\/4&#8243;]\t\t<div class=\"promo-banner-wrapper  wd-rs-663e2d63d2cfc \">\n\t\t\t<div id=\"wd-663e2d63d2cfc\" class=\"promo-banner  banner- banner-hover-zoom color-scheme-light banner-btn-size-default banner-btn-style-default  with-btn banner-btn-position-hover cursor-pointer wd-underline-colored\"\t\t\t\t onclick=\"window.location.href='#'\"\t\t\t>\n\t\t\t\t<div class=\"main-wrapp-img\">\n\t\t\t\t\t<div class=\"banner-image wd-bg-position-center\" >\n\t\t\t\t\t\t<img loading=\"lazy\" decoding=\"async\" class=\"promo-banner-image \" src=\"https:\/\/pierreportugal.shop\/wp-content\/uploads\/2024\/05\/ref_neolith_fusion_zahasstone-800x600.jpg\" width=\"800\" height=\"600\" alt=\"Neolith Fusion\" title=\"ref_neolith_fusion_zahasstone\" \/>\t\t\t\t\t<\/div>\n\t\t\t\t<\/div>\n\n\t\t\t\t<div class=\"wrapper-content-banner wd-fill  wd-items-top wd-justify-left\">\n\t\t\t\t\t<div class=\"content-banner text-left\">\n\t\t\t\t\t\t<div class=\"banner-title-wrap\">\n\t\t\t\t\t\t\t<h4 class=\"banner-title wd-font-weight- wd-fontsize-l\">Porcelana de Neolith 3<\/h4>\t\t\t\t\t\t<\/div>\n\t\t\t\t\t\t\t\t\t\t\t\t<div class=\"banner-btn-wrapper\"><div id=\"wd-69f36f4ec2c3d\" class=\"  wd-button-wrapper text-left\"><a  class=\"btn btn-color-black btn-style-default btn-style-round btn-size-default\">Know more<\/a><\/div><\/div>\t\t\t\t\t<\/div>\n\t\t\t\t<\/div>\n\t\t\t\t\t\t\t<\/div>\n\t\t<\/div>\n\n\t\t[\/vc_column][vc_column width=&#8221;1\/4&#8243;]\t\t<div class=\"promo-banner-wrapper  wd-rs-663e2d76a1deb \">\n\t\t\t<div id=\"wd-663e2d76a1deb\" class=\"promo-banner  banner- banner-hover-zoom color-scheme-light banner-btn-size-default banner-btn-style-default  with-btn banner-btn-position-hover cursor-pointer wd-underline-colored\"\t\t\t\t onclick=\"window.location.href='#'\"\t\t\t>\n\t\t\t\t<div class=\"main-wrapp-img\">\n\t\t\t\t\t<div class=\"banner-image wd-bg-position-center\" >\n\t\t\t\t\t\t<img loading=\"lazy\" decoding=\"async\" class=\"promo-banner-image \" src=\"https:\/\/pierreportugal.shop\/wp-content\/uploads\/2023\/06\/ref_neolith_classtone_calacattaluxe-800x600.jpg\" width=\"800\" height=\"600\" alt=\"CALCATTA LUX PARA PROJETOS DE LUXO\" title=\"ref_neolith_classtone_calacattaluxe\" \/>\t\t\t\t\t<\/div>\n\t\t\t\t<\/div>\n\n\t\t\t\t<div class=\"wrapper-content-banner wd-fill  wd-items-top wd-justify-left\">\n\t\t\t\t\t<div class=\"content-banner text-left\">\n\t\t\t\t\t\t<div class=\"banner-title-wrap\">\n\t\t\t\t\t\t\t<h4 class=\"banner-title wd-font-weight- wd-fontsize-l\">Porcelana de Florim 4<\/h4>\t\t\t\t\t\t<\/div>\n\t\t\t\t\t\t\t\t\t\t\t\t<div class=\"banner-btn-wrapper\"><div id=\"wd-69f36f4ec3ef7\" class=\"  wd-button-wrapper text-left\"><a  class=\"btn btn-color-black btn-style-default btn-style-round btn-size-default\">Know more<\/a><\/div><\/div>\t\t\t\t\t<\/div>\n\t\t\t\t<\/div>\n\t\t\t\t\t\t\t<\/div>\n\t\t<\/div>\n\n\t\t[\/vc_column][\/vc_row]","protected":false},"excerpt":{"rendered":"<p>[vc_row][vc_column][vc_column_text woodmart_inline=&#8221;no&#8221; text_larger=&#8221;no&#8221;] PIERREPORTUGAL\u00a0 STONE PREMIUM NEOLITH Sintered Stone \u00e9 um material inovador que est\u00e1 redefinindo o futuro do design<\/p>\n","protected":false},"author":1,"featured_media":0,"parent":8868,"menu_order":0,"comment_status":"closed","ping_status":"closed","template":"","meta":{"footnotes":""},"class_list":["post-8876","page","type-page","status-publish","hentry"],"yoast_head":"<!-- This site is optimized with the Yoast SEO plugin v19.14 - https:\/\/yoast.com\/wordpress\/plugins\/seo\/ -->\n<title>Azulejo de grande formato Neolith - Pierre Portugal Stone From Portugal<\/title>\n<meta name=\"robots\" content=\"index, follow, max-snippet:-1, max-image-preview:large, max-video-preview:-1\" \/>\n<link rel=\"canonical\" href=\"https:\/\/pierreportugal.shop\/pt-pt\/pedra-natural-marmore-calcario-ardosia-em-ladrilho-chapa-e-fachada\/azulejo-de-grande-formato-neolith\/\" \/>\n<meta property=\"og:locale\" content=\"pt_PT\" \/>\n<meta property=\"og:type\" content=\"article\" \/>\n<meta property=\"og:title\" content=\"Azulejo de grande formato Neolith - Pierre Portugal Stone From Portugal\" \/>\n<meta property=\"og:description\" content=\"[vc_row][vc_column][vc_column_text woodmart_inline=&#8221;no&#8221; text_larger=&#8221;no&#8221;] PIERREPORTUGAL\u00a0 STONE PREMIUM NEOLITH Sintered Stone \u00e9 um material inovador que est\u00e1 redefinindo o futuro do design\" \/>\n<meta property=\"og:url\" content=\"https:\/\/pierreportugal.shop\/pt-pt\/pedra-natural-marmore-calcario-ardosia-em-ladrilho-chapa-e-fachada\/azulejo-de-grande-formato-neolith\/\" \/>\n<meta property=\"og:site_name\" content=\"Pierre Portugal Stone From Portugal\" \/>\n<meta property=\"article:modified_time\" content=\"2024-05-10T14:23:29+00:00\" \/>\n<meta name=\"twitter:card\" content=\"summary_large_image\" \/>\n<meta name=\"twitter:site\" content=\"@pierre_dalle\" \/>\n<meta name=\"twitter:label1\" content=\"Tempo estimado de leitura\" \/>\n\t<meta name=\"twitter:data1\" content=\"2 minutos\" \/>\n<script type=\"application\/ld+json\" class=\"yoast-schema-graph\">{\"@context\":\"https:\/\/schema.org\",\"@graph\":[{\"@type\":\"WebPage\",\"@id\":\"https:\/\/pierreportugal.shop\/pt-pt\/pedra-natural-marmore-calcario-ardosia-em-ladrilho-chapa-e-fachada\/azulejo-de-grande-formato-neolith\/\",\"url\":\"https:\/\/pierreportugal.shop\/pt-pt\/pedra-natural-marmore-calcario-ardosia-em-ladrilho-chapa-e-fachada\/azulejo-de-grande-formato-neolith\/\",\"name\":\"Azulejo de grande formato Neolith - Pierre Portugal Stone From Portugal\",\"isPartOf\":{\"@id\":\"https:\/\/pierreportugal.shop\/pt-pt\/#website\"},\"datePublished\":\"2022-12-20T14:04:49+00:00\",\"dateModified\":\"2024-05-10T14:23:29+00:00\",\"breadcrumb\":{\"@id\":\"https:\/\/pierreportugal.shop\/pt-pt\/pedra-natural-marmore-calcario-ardosia-em-ladrilho-chapa-e-fachada\/azulejo-de-grande-formato-neolith\/#breadcrumb\"},\"inLanguage\":\"pt-PT\",\"potentialAction\":[{\"@type\":\"ReadAction\",\"target\":[\"https:\/\/pierreportugal.shop\/pt-pt\/pedra-natural-marmore-calcario-ardosia-em-ladrilho-chapa-e-fachada\/azulejo-de-grande-formato-neolith\/\"]}]},{\"@type\":\"BreadcrumbList\",\"@id\":\"https:\/\/pierreportugal.shop\/pt-pt\/pedra-natural-marmore-calcario-ardosia-em-ladrilho-chapa-e-fachada\/azulejo-de-grande-formato-neolith\/#breadcrumb\",\"itemListElement\":[{\"@type\":\"ListItem\",\"position\":1,\"name\":\"In\u00edcio\",\"item\":\"https:\/\/pierreportugal.shop\/pt-pt\/\"},{\"@type\":\"ListItem\",\"position\":2,\"name\":\"Marcas\",\"item\":\"https:\/\/pierreportugal.shop\/pt-pt\/pedra-natural-marmore-calcario-ardosia-em-ladrilho-chapa-e-fachada\/\"},{\"@type\":\"ListItem\",\"position\":3,\"name\":\"Azulejo de grande formato Neolith\"}]},{\"@type\":\"WebSite\",\"@id\":\"https:\/\/pierreportugal.shop\/pt-pt\/#website\",\"url\":\"https:\/\/pierreportugal.shop\/pt-pt\/\",\"name\":\"Pierre Portugal | Stone Premium\",\"description\":\"Pierre Portugal Stone Premium\",\"publisher\":{\"@id\":\"https:\/\/pierreportugal.shop\/pt-pt\/#organization\"},\"potentialAction\":[{\"@type\":\"SearchAction\",\"target\":{\"@type\":\"EntryPoint\",\"urlTemplate\":\"https:\/\/pierreportugal.shop\/pt-pt\/?s={search_term_string}\"},\"query-input\":\"required name=search_term_string\"}],\"inLanguage\":\"pt-PT\"},{\"@type\":\"Organization\",\"@id\":\"https:\/\/pierreportugal.shop\/pt-pt\/#organization\",\"name\":\"Pierre Portugal\",\"url\":\"https:\/\/pierreportugal.shop\/pt-pt\/\",\"logo\":{\"@type\":\"ImageObject\",\"inLanguage\":\"pt-PT\",\"@id\":\"https:\/\/pierreportugal.shop\/pt-pt\/#\/schema\/logo\/image\/\",\"url\":\"https:\/\/pierreportugal.shop\/wp-content\/uploads\/2022\/10\/novo-logo.png\",\"contentUrl\":\"https:\/\/pierreportugal.shop\/wp-content\/uploads\/2022\/10\/novo-logo.png\",\"width\":321,\"height\":113,\"caption\":\"Pierre Portugal\"},\"image\":{\"@id\":\"https:\/\/pierreportugal.shop\/pt-pt\/#\/schema\/logo\/image\/\"},\"sameAs\":[\"https:\/\/www.linkedin.com\/in\/pierreportugal-shop-dalles-et-tranches-tiles-and-slabs-export-a74373150\/\",\"https:\/\/twitter.com\/pierre_dalle\"]}]}<\/script>\n<!-- \/ Yoast SEO plugin. -->","yoast_head_json":{"title":"Azulejo de grande formato Neolith - Pierre Portugal Stone From Portugal","robots":{"index":"index","follow":"follow","max-snippet":"max-snippet:-1","max-image-preview":"max-image-preview:large","max-video-preview":"max-video-preview:-1"},"canonical":"https:\/\/pierreportugal.shop\/pt-pt\/pedra-natural-marmore-calcario-ardosia-em-ladrilho-chapa-e-fachada\/azulejo-de-grande-formato-neolith\/","og_locale":"pt_PT","og_type":"article","og_title":"Azulejo de grande formato Neolith - Pierre Portugal Stone From Portugal","og_description":"[vc_row][vc_column][vc_column_text woodmart_inline=&#8221;no&#8221; text_larger=&#8221;no&#8221;] PIERREPORTUGAL\u00a0 STONE PREMIUM NEOLITH Sintered Stone \u00e9 um material inovador que est\u00e1 redefinindo o futuro do design","og_url":"https:\/\/pierreportugal.shop\/pt-pt\/pedra-natural-marmore-calcario-ardosia-em-ladrilho-chapa-e-fachada\/azulejo-de-grande-formato-neolith\/","og_site_name":"Pierre Portugal Stone From Portugal","article_modified_time":"2024-05-10T14:23:29+00:00","twitter_card":"summary_large_image","twitter_site":"@pierre_dalle","twitter_misc":{"Tempo estimado de leitura":"2 minutos"},"schema":{"@context":"https:\/\/schema.org","@graph":[{"@type":"WebPage","@id":"https:\/\/pierreportugal.shop\/pt-pt\/pedra-natural-marmore-calcario-ardosia-em-ladrilho-chapa-e-fachada\/azulejo-de-grande-formato-neolith\/","url":"https:\/\/pierreportugal.shop\/pt-pt\/pedra-natural-marmore-calcario-ardosia-em-ladrilho-chapa-e-fachada\/azulejo-de-grande-formato-neolith\/","name":"Azulejo de grande formato Neolith - Pierre Portugal Stone From Portugal","isPartOf":{"@id":"https:\/\/pierreportugal.shop\/pt-pt\/#website"},"datePublished":"2022-12-20T14:04:49+00:00","dateModified":"2024-05-10T14:23:29+00:00","breadcrumb":{"@id":"https:\/\/pierreportugal.shop\/pt-pt\/pedra-natural-marmore-calcario-ardosia-em-ladrilho-chapa-e-fachada\/azulejo-de-grande-formato-neolith\/#breadcrumb"},"inLanguage":"pt-PT","potentialAction":[{"@type":"ReadAction","target":["https:\/\/pierreportugal.shop\/pt-pt\/pedra-natural-marmore-calcario-ardosia-em-ladrilho-chapa-e-fachada\/azulejo-de-grande-formato-neolith\/"]}]},{"@type":"BreadcrumbList","@id":"https:\/\/pierreportugal.shop\/pt-pt\/pedra-natural-marmore-calcario-ardosia-em-ladrilho-chapa-e-fachada\/azulejo-de-grande-formato-neolith\/#breadcrumb","itemListElement":[{"@type":"ListItem","position":1,"name":"In\u00edcio","item":"https:\/\/pierreportugal.shop\/pt-pt\/"},{"@type":"ListItem","position":2,"name":"Marcas","item":"https:\/\/pierreportugal.shop\/pt-pt\/pedra-natural-marmore-calcario-ardosia-em-ladrilho-chapa-e-fachada\/"},{"@type":"ListItem","position":3,"name":"Azulejo de grande formato Neolith"}]},{"@type":"WebSite","@id":"https:\/\/pierreportugal.shop\/pt-pt\/#website","url":"https:\/\/pierreportugal.shop\/pt-pt\/","name":"Pierre Portugal | Stone Premium","description":"Pierre Portugal Stone Premium","publisher":{"@id":"https:\/\/pierreportugal.shop\/pt-pt\/#organization"},"potentialAction":[{"@type":"SearchAction","target":{"@type":"EntryPoint","urlTemplate":"https:\/\/pierreportugal.shop\/pt-pt\/?s={search_term_string}"},"query-input":"required name=search_term_string"}],"inLanguage":"pt-PT"},{"@type":"Organization","@id":"https:\/\/pierreportugal.shop\/pt-pt\/#organization","name":"Pierre Portugal","url":"https:\/\/pierreportugal.shop\/pt-pt\/","logo":{"@type":"ImageObject","inLanguage":"pt-PT","@id":"https:\/\/pierreportugal.shop\/pt-pt\/#\/schema\/logo\/image\/","url":"https:\/\/pierreportugal.shop\/wp-content\/uploads\/2022\/10\/novo-logo.png","contentUrl":"https:\/\/pierreportugal.shop\/wp-content\/uploads\/2022\/10\/novo-logo.png","width":321,"height":113,"caption":"Pierre Portugal"},"image":{"@id":"https:\/\/pierreportugal.shop\/pt-pt\/#\/schema\/logo\/image\/"},"sameAs":["https:\/\/www.linkedin.com\/in\/pierreportugal-shop-dalles-et-tranches-tiles-and-slabs-export-a74373150\/","https:\/\/twitter.com\/pierre_dalle"]}]}},"_links":{"self":[{"href":"https:\/\/pierreportugal.shop\/pt-pt\/wp-json\/wp\/v2\/pages\/8876","targetHints":{"allow":["GET"]}}],"collection":[{"href":"https:\/\/pierreportugal.shop\/pt-pt\/wp-json\/wp\/v2\/pages"}],"about":[{"href":"https:\/\/pierreportugal.shop\/pt-pt\/wp-json\/wp\/v2\/types\/page"}],"author":[{"embeddable":true,"href":"https:\/\/pierreportugal.shop\/pt-pt\/wp-json\/wp\/v2\/users\/1"}],"replies":[{"embeddable":true,"href":"https:\/\/pierreportugal.shop\/pt-pt\/wp-json\/wp\/v2\/comments?post=8876"}],"version-history":[{"count":5,"href":"https:\/\/pierreportugal.shop\/pt-pt\/wp-json\/wp\/v2\/pages\/8876\/revisions"}],"predecessor-version":[{"id":10491,"href":"https:\/\/pierreportugal.shop\/pt-pt\/wp-json\/wp\/v2\/pages\/8876\/revisions\/10491"}],"up":[{"embeddable":true,"href":"https:\/\/pierreportugal.shop\/pt-pt\/wp-json\/wp\/v2\/pages\/8868"}],"wp:attachment":[{"href":"https:\/\/pierreportugal.shop\/pt-pt\/wp-json\/wp\/v2\/media?parent=8876"}],"curies":[{"name":"wp","href":"https:\/\/api.w.org\/{rel}","templated":true}]}}