{"id":8873,"date":"2022-09-24T15:12:00","date_gmt":"2022-09-24T15:12:00","guid":{"rendered":"https:\/\/pierreportugal.shop\/marcas\/natural-stone\/"},"modified":"2024-05-09T11:04:20","modified_gmt":"2024-05-09T11:04:20","slug":"pedra-natural-calcario-ardosia-marmore","status":"publish","type":"page","link":"https:\/\/pierreportugal.shop\/pt-pt\/pedra-natural-marmore-calcario-ardosia-em-ladrilho-chapa-e-fachada\/pedra-natural-calcario-ardosia-marmore\/","title":{"rendered":"Pedra Natural"},"content":{"rendered":"[vc_row][vc_column][vc_column_text css_animation=&#8221;rotateIn&#8221; woodmart_inline=&#8221;no&#8221; text_larger=&#8221;no&#8221;]\r\n<h3>LINHA DE PEDRA NATURAL DA LUSOROCHAS\r\nLADRILHO &#8211; CHAPA &#8211; FACHADA &#8211; CASAS DE BANHO &#8211; TAMPOS &#8211; CORTE \u00c0 MEDIDA<\/h3>\r\n<h3>PIERREPORTUGAL STONE PREMIUM<\/h3>\r\nOferece uma sele\u00e7\u00e3o incompar\u00e1vel de pedras naturais excepcionais. Desenterradas de pedreiras em todo o mundo, selecionamos apenas a pedra da melhor qualidade e a oferecemos em v\u00e1rios tamanhos, incluindo laje extra grande e v\u00e1rias configura\u00e7\u00f5es.\r\n\r\nFormada por anos de calor e press\u00e3o subterr\u00e2neos, a pedra natural possui extraordin\u00e1ria beleza e for\u00e7a.\r\n\u2022 Resistente ao calor e ao fogo\r\n\u2022 Resistente a arranh\u00f5es e lascas\r\n\u2022 Resistente a manchas e corros\u00e3o\r\n\u2022 Dura toda a vida com os devidos cuidados\r\n\r\nComo a pedra natural \u00e9 extra\u00edda, cada uma \u00e9 completamente \u00fanica. De <strong>bancadas<\/strong> de cozinha e vaidades de banheiro a azulejos e pisos de pedra, a pedra natural transforma qualquer superf\u00edcie em uma obra-prima \u00fanica.\r\n\r\nContacte <strong>PIERREPORTUGAL<\/strong> para todos os <strong>PROJETOS em Pedra Natural<\/strong>\r\n<h4>Os nossos produtos em pedra\u00a0 :<\/h4>\r\nLADRILHO E PAVIMENTOS em Moca Creme, Moleanos Blue, gascogne beige, Relvinha, Valverde, Lagos Blue, Branco do Mar, Rosal, Vogue, Azul Atlantico, Marbre\r\n\r\nREVESTIMENTO DE PAREDE em Moca Creme, Moleanos Blue, gascogne beige, Relvinha, Valverde, Lagos Blue, Branco do Mar, Rosal, Vogue, Azul Atlantico, Marbre\r\n\r\nESCADAS em Moca Creme, Moleanos Blue, gascogne beige, Relvinha, Valverde, Lagos Blue, Branco do Mar, Rosal, Vogue, Azul Atlantico, Marbre\r\n\r\nCAPEAMENTOS DE PISCINA RETOS OU CURVOS em Moca Creme, Moleanos Blue, gascogne beige, Relvinha, Valverde, Lagos Blue, Branco do Mar, Rosal, Vogue, Azul Atlantico, Marbre\r\n\r\nFACHADAS ventiladas ou com CLIP\/KERF em Moca Creme, Moleanos Blue, gascogne beige, Relvinha, Valverde, Lagos Blue, Branco do Mar, Rosal, Vogue, Azul Atlantico, Marbre\r\n\r\nCAPEAMENTOS DE MUROS RETOS OU CURVOS eM Moca Creme, Moleanos Blue, gascogne beige, Relvinha, Valverde, Lagos Blue, Branco do Mar, Rosal, Vogue, Azul Atlantico, Marbre\r\n\r\nBALUSTRADAS em Moca Creme, Moleanos Blue, gascogne beige, Relvinha, Valverde, Lagos Blue, Branco do Mar, Rosal, Vogue, Azul Atlantico, Marbre\r\n\r\nTAMPOS DE COZINHA &amp; CASAS DE BANHO Moca Creme, Moleanos Blue, gascogne beige, Relvinha, Valverde, Lagos Blue, Branco do Mar, Rosal, Vogue, Azul Atlantico, Marbre\r\n\r\nLAVAT\u00d3RIOS em Moca Creme, Moleanos Blue, gascogne beige, Relvinha, Valverde, Lagos Blue, Branco do Mar, Rosal, Vogue, Azul Atlantico, Marbre\r\n\r\nELEMENTOS DE RESTAURO &amp; ARQUITETURA em project in Moca Cream, Moleanos Blue, gascogne beige, Relvinha, Valverde, Lagos Blue, Branco do Mar, Rosal, Vogue, Azul Atlantico, Marbre\r\n\r\nLAREIRAS em Moca Cream, Moleanos Blue, gascogne beige, Relvinha, Valverde, Lagos Blue, Branco do Mar, Rosal, Vogue, Azul Atlantico, Marbre\r\n\r\nCORNIJAS em Moca Cream, Moleanos Blue, gascogne beige, Relvinha, Valverde, Lagos Blue, Branco do Mar, Rosal, Vogue, Azul Atlantico, Marbre.[\/vc_column_text][\/vc_column][\/vc_row][vc_row][vc_column width=&#8221;1\/3&#8243;]\t\t<div class=\"promo-banner-wrapper  wd-rs-63d7e317dfb67 \">\n\t\t\t<div id=\"wd-63d7e317dfb67\" class=\"promo-banner  banner- banner-hover-zoom color-scheme-light banner-btn-size-default banner-btn-style-default  cursor-pointer wd-underline-colored\"\t\t\t\t onclick=\"window.location.href='https:\/\/pierreportugal.shop\/product-tag\/marble\/'\"\t\t\t>\n\t\t\t\t<div class=\"main-wrapp-img\">\n\t\t\t\t\t<div class=\"banner-image wd-bg-position-center\" >\n\t\t\t\t\t\t<img loading=\"lazy\" decoding=\"async\" class=\"promo-banner-image \" src=\"https:\/\/pierreportugal.shop\/wp-content\/uploads\/2022\/09\/bloco1.png\" width=\"500\" height=\"500\" alt=\"bloco1\" title=\"bloco1\" \/>\t\t\t\t\t<\/div>\n\t\t\t\t<\/div>\n\n\t\t\t\t<div class=\"wrapper-content-banner wd-fill  wd-items-top wd-justify-left\">\n\t\t\t\t\t<div class=\"content-banner text-left\">\n\t\t\t\t\t\t<div class=\"banner-title-wrap\">\n\t\t\t\t\t\t\t<h4 class=\"banner-title wd-font-weight- wd-fontsize-l\">M\u00e1rmore<\/h4>\t\t\t\t\t\t<\/div>\n\t\t\t\t\t\t\t\t\t\t\t\t\t\t\t\t\t<\/div>\n\t\t\t\t<\/div>\n\t\t\t\t\t\t\t<\/div>\n\t\t<\/div>\n\n\t\t[\/vc_column][vc_column width=&#8221;1\/3&#8243;]\t\t<div class=\"promo-banner-wrapper  wd-rs-63dc15e907045 \">\n\t\t\t<div id=\"wd-63dc15e907045\" class=\"promo-banner  banner- banner-hover-zoom color-scheme-light banner-btn-size-default banner-btn-style-default  cursor-pointer wd-underline-colored\"\t\t\t\t onclick=\"window.location.href='https:\/\/pierreportugal.shop\/product-tag\/limestone\/'\"\t\t\t>\n\t\t\t\t<div class=\"main-wrapp-img\">\n\t\t\t\t\t<div class=\"banner-image wd-bg-position-center\" >\n\t\t\t\t\t\t<img loading=\"lazy\" decoding=\"async\" class=\"promo-banner-image \" src=\"https:\/\/pierreportugal.shop\/wp-content\/uploads\/2022\/09\/bloco2.jpg\" width=\"500\" height=\"500\" alt=\"bloco2\" title=\"bloco2\" \/>\t\t\t\t\t<\/div>\n\t\t\t\t<\/div>\n\n\t\t\t\t<div class=\"wrapper-content-banner wd-fill  wd-items-top wd-justify-left\">\n\t\t\t\t\t<div class=\"content-banner text-left\">\n\t\t\t\t\t\t<div class=\"banner-title-wrap\">\n\t\t\t\t\t\t\t<h4 class=\"banner-title wd-font-weight- wd-fontsize-l\">Calc\u00e1rio<\/h4>\t\t\t\t\t\t<\/div>\n\t\t\t\t\t\t\t\t\t\t\t\t\t\t\t\t\t<\/div>\n\t\t\t\t<\/div>\n\t\t\t\t\t\t\t<\/div>\n\t\t<\/div>\n\n\t\t[\/vc_column][vc_column width=&#8221;1\/3&#8243;]\t\t<div class=\"promo-banner-wrapper  wd-rs-63d7e34936a40 \">\n\t\t\t<div id=\"wd-63d7e34936a40\" class=\"promo-banner  banner- banner-hover-zoom color-scheme-light banner-btn-size-default banner-btn-style-default  cursor-pointer wd-underline-colored\"\t\t\t\t onclick=\"window.location.href='https:\/\/pierreportugal.shop\/product-category\/salate\/'\"\t\t\t>\n\t\t\t\t<div class=\"main-wrapp-img\">\n\t\t\t\t\t<div class=\"banner-image wd-bg-position-center\" >\n\t\t\t\t\t\t<img loading=\"lazy\" decoding=\"async\" class=\"promo-banner-image \" src=\"https:\/\/pierreportugal.shop\/wp-content\/uploads\/2022\/09\/bloco3.jpg\" width=\"500\" height=\"500\" alt=\"bloco3\" title=\"bloco3\" \/>\t\t\t\t\t<\/div>\n\t\t\t\t<\/div>\n\n\t\t\t\t<div class=\"wrapper-content-banner wd-fill  wd-items-top wd-justify-left\">\n\t\t\t\t\t<div class=\"content-banner text-left\">\n\t\t\t\t\t\t<div class=\"banner-title-wrap\">\n\t\t\t\t\t\t\t<h4 class=\"banner-title wd-font-weight- wd-fontsize-l\">Ard\u00f3sia<\/h4>\t\t\t\t\t\t<\/div>\n\t\t\t\t\t\t\t\t\t\t\t\t\t\t\t\t\t<\/div>\n\t\t\t\t<\/div>\n\t\t\t\t\t\t\t<\/div>\n\t\t<\/div>\n\n\t\t[\/vc_column][\/vc_row]","protected":false},"excerpt":{"rendered":"<p>[vc_row][vc_column][vc_column_text css_animation=&#8221;rotateIn&#8221; woodmart_inline=&#8221;no&#8221; text_larger=&#8221;no&#8221;] LINHA DE PEDRA NATURAL DA LUSOROCHAS LADRILHO &#8211; CHAPA &#8211; FACHADA &#8211; CASAS DE BANHO &#8211;<\/p>\n","protected":false},"author":1,"featured_media":0,"parent":8868,"menu_order":0,"comment_status":"closed","ping_status":"closed","template":"","meta":{"footnotes":""},"class_list":["post-8873","page","type-page","status-publish","hentry"],"yoast_head":"<!-- This site is optimized with the Yoast SEO plugin v19.14 - https:\/\/yoast.com\/wordpress\/plugins\/seo\/ -->\n<title>Pedra Natural - Pierre Portugal Stone From Portugal<\/title>\n<meta name=\"description\" content=\"pedra natural calc\u00e1rio ard\u00f3sia m\u00e1rmore\" \/>\n<meta name=\"robots\" content=\"index, follow, max-snippet:-1, max-image-preview:large, max-video-preview:-1\" \/>\n<link rel=\"canonical\" href=\"https:\/\/pierreportugal.shop\/pt-pt\/pedra-natural-marmore-calcario-ardosia-em-ladrilho-chapa-e-fachada\/pedra-natural-calcario-ardosia-marmore\/\" \/>\n<meta property=\"og:locale\" content=\"pt_PT\" \/>\n<meta property=\"og:type\" content=\"article\" \/>\n<meta property=\"og:title\" content=\"Pedra Natural - Pierre Portugal Stone From Portugal\" \/>\n<meta property=\"og:description\" content=\"pedra natural calc\u00e1rio ard\u00f3sia m\u00e1rmore\" \/>\n<meta property=\"og:url\" content=\"https:\/\/pierreportugal.shop\/pt-pt\/pedra-natural-marmore-calcario-ardosia-em-ladrilho-chapa-e-fachada\/pedra-natural-calcario-ardosia-marmore\/\" \/>\n<meta property=\"og:site_name\" content=\"Pierre Portugal Stone From Portugal\" \/>\n<meta property=\"article:modified_time\" content=\"2024-05-09T11:04:20+00:00\" \/>\n<meta name=\"twitter:card\" content=\"summary_large_image\" \/>\n<meta name=\"twitter:site\" content=\"@pierre_dalle\" \/>\n<meta name=\"twitter:label1\" content=\"Tempo estimado de leitura\" \/>\n\t<meta name=\"twitter:data1\" content=\"1 minuto\" \/>\n<script type=\"application\/ld+json\" class=\"yoast-schema-graph\">{\"@context\":\"https:\/\/schema.org\",\"@graph\":[{\"@type\":\"WebPage\",\"@id\":\"https:\/\/pierreportugal.shop\/pt-pt\/pedra-natural-marmore-calcario-ardosia-em-ladrilho-chapa-e-fachada\/pedra-natural-calcario-ardosia-marmore\/\",\"url\":\"https:\/\/pierreportugal.shop\/pt-pt\/pedra-natural-marmore-calcario-ardosia-em-ladrilho-chapa-e-fachada\/pedra-natural-calcario-ardosia-marmore\/\",\"name\":\"Pedra Natural - Pierre Portugal Stone From Portugal\",\"isPartOf\":{\"@id\":\"https:\/\/pierreportugal.shop\/pt-pt\/#website\"},\"datePublished\":\"2022-09-24T15:12:00+00:00\",\"dateModified\":\"2024-05-09T11:04:20+00:00\",\"description\":\"pedra natural calc\u00e1rio ard\u00f3sia m\u00e1rmore\",\"breadcrumb\":{\"@id\":\"https:\/\/pierreportugal.shop\/pt-pt\/pedra-natural-marmore-calcario-ardosia-em-ladrilho-chapa-e-fachada\/pedra-natural-calcario-ardosia-marmore\/#breadcrumb\"},\"inLanguage\":\"pt-PT\",\"potentialAction\":[{\"@type\":\"ReadAction\",\"target\":[\"https:\/\/pierreportugal.shop\/pt-pt\/pedra-natural-marmore-calcario-ardosia-em-ladrilho-chapa-e-fachada\/pedra-natural-calcario-ardosia-marmore\/\"]}]},{\"@type\":\"BreadcrumbList\",\"@id\":\"https:\/\/pierreportugal.shop\/pt-pt\/pedra-natural-marmore-calcario-ardosia-em-ladrilho-chapa-e-fachada\/pedra-natural-calcario-ardosia-marmore\/#breadcrumb\",\"itemListElement\":[{\"@type\":\"ListItem\",\"position\":1,\"name\":\"In\u00edcio\",\"item\":\"https:\/\/pierreportugal.shop\/pt-pt\/\"},{\"@type\":\"ListItem\",\"position\":2,\"name\":\"Marcas\",\"item\":\"https:\/\/pierreportugal.shop\/pt-pt\/pedra-natural-marmore-calcario-ardosia-em-ladrilho-chapa-e-fachada\/\"},{\"@type\":\"ListItem\",\"position\":3,\"name\":\"Pedra Natural\"}]},{\"@type\":\"WebSite\",\"@id\":\"https:\/\/pierreportugal.shop\/pt-pt\/#website\",\"url\":\"https:\/\/pierreportugal.shop\/pt-pt\/\",\"name\":\"Pierre Portugal | Stone Premium\",\"description\":\"Pierre Portugal Stone Premium\",\"publisher\":{\"@id\":\"https:\/\/pierreportugal.shop\/pt-pt\/#organization\"},\"potentialAction\":[{\"@type\":\"SearchAction\",\"target\":{\"@type\":\"EntryPoint\",\"urlTemplate\":\"https:\/\/pierreportugal.shop\/pt-pt\/?s={search_term_string}\"},\"query-input\":\"required name=search_term_string\"}],\"inLanguage\":\"pt-PT\"},{\"@type\":\"Organization\",\"@id\":\"https:\/\/pierreportugal.shop\/pt-pt\/#organization\",\"name\":\"Pierre Portugal\",\"url\":\"https:\/\/pierreportugal.shop\/pt-pt\/\",\"logo\":{\"@type\":\"ImageObject\",\"inLanguage\":\"pt-PT\",\"@id\":\"https:\/\/pierreportugal.shop\/pt-pt\/#\/schema\/logo\/image\/\",\"url\":\"https:\/\/pierreportugal.shop\/wp-content\/uploads\/2022\/10\/novo-logo.png\",\"contentUrl\":\"https:\/\/pierreportugal.shop\/wp-content\/uploads\/2022\/10\/novo-logo.png\",\"width\":321,\"height\":113,\"caption\":\"Pierre Portugal\"},\"image\":{\"@id\":\"https:\/\/pierreportugal.shop\/pt-pt\/#\/schema\/logo\/image\/\"},\"sameAs\":[\"https:\/\/www.linkedin.com\/in\/pierreportugal-shop-dalles-et-tranches-tiles-and-slabs-export-a74373150\/\",\"https:\/\/twitter.com\/pierre_dalle\"]}]}<\/script>\n<!-- \/ Yoast SEO plugin. -->","yoast_head_json":{"title":"Pedra Natural - Pierre Portugal Stone From Portugal","description":"pedra natural calc\u00e1rio ard\u00f3sia m\u00e1rmore","robots":{"index":"index","follow":"follow","max-snippet":"max-snippet:-1","max-image-preview":"max-image-preview:large","max-video-preview":"max-video-preview:-1"},"canonical":"https:\/\/pierreportugal.shop\/pt-pt\/pedra-natural-marmore-calcario-ardosia-em-ladrilho-chapa-e-fachada\/pedra-natural-calcario-ardosia-marmore\/","og_locale":"pt_PT","og_type":"article","og_title":"Pedra Natural - Pierre Portugal Stone From Portugal","og_description":"pedra natural calc\u00e1rio ard\u00f3sia m\u00e1rmore","og_url":"https:\/\/pierreportugal.shop\/pt-pt\/pedra-natural-marmore-calcario-ardosia-em-ladrilho-chapa-e-fachada\/pedra-natural-calcario-ardosia-marmore\/","og_site_name":"Pierre Portugal Stone From Portugal","article_modified_time":"2024-05-09T11:04:20+00:00","twitter_card":"summary_large_image","twitter_site":"@pierre_dalle","twitter_misc":{"Tempo estimado de leitura":"1 minuto"},"schema":{"@context":"https:\/\/schema.org","@graph":[{"@type":"WebPage","@id":"https:\/\/pierreportugal.shop\/pt-pt\/pedra-natural-marmore-calcario-ardosia-em-ladrilho-chapa-e-fachada\/pedra-natural-calcario-ardosia-marmore\/","url":"https:\/\/pierreportugal.shop\/pt-pt\/pedra-natural-marmore-calcario-ardosia-em-ladrilho-chapa-e-fachada\/pedra-natural-calcario-ardosia-marmore\/","name":"Pedra Natural - Pierre Portugal Stone From Portugal","isPartOf":{"@id":"https:\/\/pierreportugal.shop\/pt-pt\/#website"},"datePublished":"2022-09-24T15:12:00+00:00","dateModified":"2024-05-09T11:04:20+00:00","description":"pedra natural calc\u00e1rio ard\u00f3sia m\u00e1rmore","breadcrumb":{"@id":"https:\/\/pierreportugal.shop\/pt-pt\/pedra-natural-marmore-calcario-ardosia-em-ladrilho-chapa-e-fachada\/pedra-natural-calcario-ardosia-marmore\/#breadcrumb"},"inLanguage":"pt-PT","potentialAction":[{"@type":"ReadAction","target":["https:\/\/pierreportugal.shop\/pt-pt\/pedra-natural-marmore-calcario-ardosia-em-ladrilho-chapa-e-fachada\/pedra-natural-calcario-ardosia-marmore\/"]}]},{"@type":"BreadcrumbList","@id":"https:\/\/pierreportugal.shop\/pt-pt\/pedra-natural-marmore-calcario-ardosia-em-ladrilho-chapa-e-fachada\/pedra-natural-calcario-ardosia-marmore\/#breadcrumb","itemListElement":[{"@type":"ListItem","position":1,"name":"In\u00edcio","item":"https:\/\/pierreportugal.shop\/pt-pt\/"},{"@type":"ListItem","position":2,"name":"Marcas","item":"https:\/\/pierreportugal.shop\/pt-pt\/pedra-natural-marmore-calcario-ardosia-em-ladrilho-chapa-e-fachada\/"},{"@type":"ListItem","position":3,"name":"Pedra Natural"}]},{"@type":"WebSite","@id":"https:\/\/pierreportugal.shop\/pt-pt\/#website","url":"https:\/\/pierreportugal.shop\/pt-pt\/","name":"Pierre Portugal | Stone Premium","description":"Pierre Portugal Stone Premium","publisher":{"@id":"https:\/\/pierreportugal.shop\/pt-pt\/#organization"},"potentialAction":[{"@type":"SearchAction","target":{"@type":"EntryPoint","urlTemplate":"https:\/\/pierreportugal.shop\/pt-pt\/?s={search_term_string}"},"query-input":"required name=search_term_string"}],"inLanguage":"pt-PT"},{"@type":"Organization","@id":"https:\/\/pierreportugal.shop\/pt-pt\/#organization","name":"Pierre Portugal","url":"https:\/\/pierreportugal.shop\/pt-pt\/","logo":{"@type":"ImageObject","inLanguage":"pt-PT","@id":"https:\/\/pierreportugal.shop\/pt-pt\/#\/schema\/logo\/image\/","url":"https:\/\/pierreportugal.shop\/wp-content\/uploads\/2022\/10\/novo-logo.png","contentUrl":"https:\/\/pierreportugal.shop\/wp-content\/uploads\/2022\/10\/novo-logo.png","width":321,"height":113,"caption":"Pierre Portugal"},"image":{"@id":"https:\/\/pierreportugal.shop\/pt-pt\/#\/schema\/logo\/image\/"},"sameAs":["https:\/\/www.linkedin.com\/in\/pierreportugal-shop-dalles-et-tranches-tiles-and-slabs-export-a74373150\/","https:\/\/twitter.com\/pierre_dalle"]}]}},"_links":{"self":[{"href":"https:\/\/pierreportugal.shop\/pt-pt\/wp-json\/wp\/v2\/pages\/8873","targetHints":{"allow":["GET"]}}],"collection":[{"href":"https:\/\/pierreportugal.shop\/pt-pt\/wp-json\/wp\/v2\/pages"}],"about":[{"href":"https:\/\/pierreportugal.shop\/pt-pt\/wp-json\/wp\/v2\/types\/page"}],"author":[{"embeddable":true,"href":"https:\/\/pierreportugal.shop\/pt-pt\/wp-json\/wp\/v2\/users\/1"}],"replies":[{"embeddable":true,"href":"https:\/\/pierreportugal.shop\/pt-pt\/wp-json\/wp\/v2\/comments?post=8873"}],"version-history":[{"count":7,"href":"https:\/\/pierreportugal.shop\/pt-pt\/wp-json\/wp\/v2\/pages\/8873\/revisions"}],"predecessor-version":[{"id":10453,"href":"https:\/\/pierreportugal.shop\/pt-pt\/wp-json\/wp\/v2\/pages\/8873\/revisions\/10453"}],"up":[{"embeddable":true,"href":"https:\/\/pierreportugal.shop\/pt-pt\/wp-json\/wp\/v2\/pages\/8868"}],"wp:attachment":[{"href":"https:\/\/pierreportugal.shop\/pt-pt\/wp-json\/wp\/v2\/media?parent=8873"}],"curies":[{"name":"wp","href":"https:\/\/api.w.org\/{rel}","templated":true}]}}