{"id":8860,"date":"2022-09-24T16:25:09","date_gmt":"2022-09-24T16:25:09","guid":{"rendered":"https:\/\/pierreportugal.shop\/about-materials\/"},"modified":"2024-05-09T10:05:16","modified_gmt":"2024-05-09T10:05:16","slug":"sobre-materiais","status":"publish","type":"page","link":"https:\/\/pierreportugal.shop\/pt-pt\/sobre-materiais\/","title":{"rendered":"Sobre Materiais"},"content":{"rendered":"[vc_row][vc_column][vc_column_text woodmart_inline=&#8221;no&#8221; text_larger=&#8221;no&#8221;]\r\n<h1>Quanto aos materiais<\/h1>\r\n[\/vc_column_text][\/vc_column][\/vc_row][vc_row][vc_column][vc_column_text woodmart_inline=&#8221;no&#8221; text_larger=&#8221;no&#8221;]\r\n<h3 style=\"text-align: center;\">Ladrilhos e Pavimentos<\/h3>\r\nOs ladrilhos de pedra natural s\u00e3o bonitos, mas sendo um produto natural s\u00e3o menos uniformes em termos de cor e padr\u00e3o e requerem mais planeamento para a utiliza\u00e7\u00e3o e instala\u00e7\u00e3o. Os ladrilhos standard em pedra s\u00e3o uniformes em largura e comprimento. Ladrilhos em Granito ou m\u00e1rmore s\u00e3o serrados de ambos os lados e depois polidos ou acabados na face superior para uma espessura uniforme. Outros ladrilhos em pedra natural tais como ard\u00f3sia, por exemplo, s\u00e3o normalmente divididos na parte superior, de modo que a espessura do ladrilho varia ligeiramente <u>no<\/u> ladrilho e de um ladrilho para outro. As varia\u00e7\u00f5es na espessura do ladrilho podem ser conseguidas com o acabamento de superf\u00edcie feito na m\u00e1quina. Esse acabamento, polido ou amaciado, permite calibrar os ladrilhos para obter uma espessura sempre id\u00eantica, caso o cliente o solicite.\r\n[\/vc_column_text][\/vc_column][\/vc_row][vc_row][vc_column][vc_column_text woodmart_inline=&#8221;no&#8221; text_larger=&#8221;no&#8221;]\r\n<h3 style=\"text-align: center;\">Ladrilhos e Fachadas por medida<\/h3>\r\n<b>\u00a0<\/b>Um ladrilho \u00e9 uma pe\u00e7a de material resistente ao desgaste, de cer\u00e2mica, pedra, metal ou mesmo de vidro, que \u00e9 normalmente utilizado para cobrir telhados, pavimentos, paredes, chuveiros ou para outros objetos, tais como tampos de mesas, soleiras, escadas.\r\n\r\nOs azulejos e ladrilhos s\u00e3o frequentemente utilizados para a produ\u00e7\u00e3o de revestimentos de paredes e pavimentos, desde simples azulejos quadrados a azulejos ou mosaicos complexos com v\u00e1rias formas. Os ladrilhos s\u00e3o, na sua maioria, ladrilhos cer\u00e2micos, maioritariamente vidrados para interiores e n\u00e3o vidrados para coberturas, mas tamb\u00e9m s\u00e3o frequentemente utilizados outros materiais, como o vidro, a corti\u00e7a, o bet\u00e3o e outros materiais compostos, bem como a pedra.\r\n\r\nO Ladrilho em pedra pode ser de m\u00e1rmore, \u00f3nix, granito ou ard\u00f3sia. Os ladrilhos mais finos podem ser utilizados como revestimento de paredes e requerem superf\u00edcies mais dur\u00e1veis e resistentes ao impacto.\r\n\r\n[\/vc_column_text][\/vc_column][\/vc_row][vc_row][vc_column][vc_column_text woodmart_inline=&#8221;no&#8221; text_larger=&#8221;no&#8221;]\r\n<strong>GLOSSARIO DE PEDRAS NATURAIS\r\nTIPOS DE PEDRAS NATURAIS\r\nFORMATOS\r\nACABAMENTOS\r\nINSTALA\u00c7\u00c3O<\/strong>\r\n\r\n<strong>TIPOS DE PEDRAS NATURAIS<\/strong>\r\n\r\n&nbsp;\r\n\r\nAs pedras naturais s\u00e3o rochas duras e compactas extra\u00eddas de pedreiras e s\u00e3o geralmente utilizadas em projetos de arquitetura e constru\u00e7\u00e3o. S\u00e3o extremamente resistentes e duradouras ao longo do tempo.\r\n\r\n<strong>ARENITO\/GR\u00c9S<\/strong>\r\n\r\nRocha sedimentar com cores variadas, formada ao longo de muitos anos sob a superf\u00edcie dos oceanos, lagos e rios a partir de fragmentos de quartzo. Cintilante e lisa, esta pedra natural pode ser cortada e polida para uso interior e exterior.\r\n\r\n&nbsp;\r\n\r\n<strong>LIMESTONE\/CALC\u00c1RIO<\/strong>\r\n\r\nRocha sedimentar formada em \u00e1guas marinhas quentes e pouco profundas. Cont\u00e9m frequentemente fragmentos de f\u00f3sseis ou faixas de cor. Muito utilizada em revestimentos interiores e exteriores.\r\n\r\n<strong>QUARTZITE<\/strong>\r\n\r\nRocha metam\u00f3rfica formada inteiramente por gr\u00e3os de quartzo, geralmente de cor esbranqui\u00e7ada. A sua dureza e resili\u00eancia permitem-lhe ser utilizada na constru\u00e7\u00e3o e na decora\u00e7\u00e3o.\r\n\r\n<strong>PHYLLITE<\/strong>\r\n\r\nRocha metam\u00f3rfica a meio caminho entre a ard\u00f3sia e o xisto. O seu brilho acetinado e a sua superf\u00edcie ondulada tornam-na perfeita para projetos de design.\r\n\r\n<strong>\u00a0<\/strong>\r\n\r\n<strong>GNEISS<\/strong>\r\n\r\nRocha metam\u00f3rfica de gr\u00e3o grosso composta pelos mesmos minerais que o granito (quartzo, feldspato e mica), mas com bandas alternadas de minerais claros e escuros. \u00c9 mais utilizado em espa\u00e7os exteriores do que em espa\u00e7os interiores.\r\n\r\n<strong>GRANITO<\/strong>\r\nTipo de rocha \u00edgnea dura e compacta formada por quartzo, feldspato e mica. O seu aspeto salpicado e cintilante, a sua resist\u00eancia e durabilidade fazem dele um material ideal para a constru\u00e7\u00e3o e a decora\u00e7\u00e3o.\r\n\r\n&nbsp;\r\n\r\n<strong>M\u00c1RMORE<\/strong>\r\n\r\nRocha metam\u00f3rfica constitu\u00edda por calcite e dolomite. Muito utilizada na constru\u00e7\u00e3o e decora\u00e7\u00e3o devido \u00e0 sua textura compacta e cristalina e aos seus veios de v\u00e1rias cores.\r\n\r\n<strong>TRAVERTINO<\/strong>\r\n\r\nRocha sedimentar porosa, de cor creme, formada por dep\u00f3sitos de carbonato de c\u00e1lcio. \u00c9 frequentemente utilizada como pedra ornamental em constru\u00e7\u00f5es interiores e exteriores.[\/vc_column_text][\/vc_column][\/vc_row][vc_row][vc_column][vc_column_text woodmart_inline=&#8221;no&#8221; text_larger=&#8221;no&#8221;]\r\n<h4><strong>OS DIVERSOS FORMATOS DE LADRILHOS E PE\u00c7AS POR MEDIDA<\/strong><\/h4>\r\nAlguns ladrilhos de pedra, como o granito polido, o m\u00e1rmore e o travertino, s\u00e3o muito escorregadios quando molhados. Alguns tipos de pedra, como a ard\u00f3sia podem ter uma superf\u00edcie \u201cclivada\u201d natural ou com uma superf\u00edcie serrada. Os acabamentos de superf\u00edcie dos ladrilhos ou pe\u00e7as por medidas podem variar tendo em conta a utiliza\u00e7\u00e3o. Em zonas exteriores, iremos privilegiar o acabamento areado ou flamejado que s\u00e3o ambos antiderrapante. Em zonas interiores podemos usar o amaciado o polido ou mesmo o areado e o escovado..\r\n\r\nA dureza dos ladrilhos de pedra natural varia, pelo que algumas pe\u00e7as de pedra macia (por exemplo, calc\u00e1rio) n\u00e3o s\u00e3o adequadas para pavimentos sujeitos a grandes esfor\u00e7os. Por outro lado, os ladrilhos de cer\u00e2mica t\u00eam geralmente uma superf\u00edcie esmaltada superior e, quando esta \u00e9 riscada ou gravada, o pavimento parece estar desgastado, enquanto que a mesma quantidade de desgaste nos ladrilhos de pedra natural n\u00e3o aparece, ou \u00e9 menos percet\u00edvel.\r\n\r\nOs ladrilhos de pedra natural podem ficar manchados com l\u00edquidos derramados; precisam de ser selados e selados regularmente, ao contr\u00e1rio dos ladrilhos de cer\u00e2mica que apenas precisam de ser selados uma \u00fanica vez. A pedra natural m\u00e1rmore e calc\u00e1rio, s\u00e3o ambos adequados para aquecimento em piso radiante.\r\n\r\n<strong>LADRILHO<\/strong>\r\n\r\nLaje ou ladrilho de pedra natural retangular ou quadrada, dispon\u00edvel em v\u00e1rios tamanhos. \u00c9 utilizado para revestir pavimentos e paredes.\r\n\r\n<strong>FORMATOS PAVIMENTA\u00c7\u00c3O<\/strong>\r\n\r\nPedras ou blocos retangulares utilizados na constru\u00e7\u00e3o de pavimentos. O granito e o basalto s\u00e3o os materiais de pavimenta\u00e7\u00e3o mais utilizados devido \u00e0 sua dureza e resist\u00eancia.\r\n\r\n<strong>OPUS INCERTUM <\/strong>\r\n\r\nT\u00e9cnica de constru\u00e7\u00e3o que utiliza pedras naturais cortadas irregularmente e fixadas com argamassa. \u00c9 sobretudo utilizada para pavimentos e cal\u00e7adas exteriores, embora por vezes tamb\u00e9m seja utilizada em paredes.\r\n\r\n<strong>\u00a0<\/strong>\r\n\r\n<strong>OPUS ROMAIN<\/strong>\r\nT\u00e9cnica de constru\u00e7\u00e3o que envolve a instala\u00e7\u00e3o de pe\u00e7as quadradas e retangulares de pedra natural de acordo com um padr\u00e3o. \u00c9 normalmente utilizado para pavimentos e revestimentos exteriores.\r\n\r\n<strong>CHAPAS<\/strong>\r\nPe\u00e7as retangulares de pedra cortadas do bloco com l\u00e2mina ou serra de fio diamantado. Os tamanhos dispon\u00edveis para venda dependem das caracter\u00edsticas e da origem do material.\r\n\r\n<strong>FACHADAS<\/strong>\r\n\r\nPe\u00e7as quadradas ou retangulares cortadas \u00e1 medida por forma a forrarem o exterior de um edif\u00edcio ou de uma casa. Podem ser utilizadas pe\u00e7as de forro de 2cm at\u00e9 10cm de espessura com diversos acabamentos de superf\u00edcie, seguindo as especifica\u00e7\u00f5es do cliente e do arquiteto do projeto. A PierrePortugal consegue cumprir com todas as exig\u00eancias dos clientes, em termos de pedra, padr\u00e3o e acabamento.\r\n\r\n[\/vc_column_text][\/vc_column][\/vc_row]","protected":false},"excerpt":{"rendered":"<p>[vc_row][vc_column][vc_column_text woodmart_inline=&#8221;no&#8221; text_larger=&#8221;no&#8221;] Quanto aos materiais [\/vc_column_text][\/vc_column][\/vc_row][vc_row][vc_column][vc_column_text woodmart_inline=&#8221;no&#8221; text_larger=&#8221;no&#8221;] Ladrilhos e Pavimentos Os ladrilhos de pedra natural s\u00e3o bonitos, mas<\/p>\n","protected":false},"author":1,"featured_media":0,"parent":0,"menu_order":0,"comment_status":"closed","ping_status":"closed","template":"","meta":{"footnotes":""},"class_list":["post-8860","page","type-page","status-publish","hentry"],"yoast_head":"<!-- This site is optimized with the Yoast SEO plugin v19.14 - https:\/\/yoast.com\/wordpress\/plugins\/seo\/ -->\n<title>Sobre Materiais - Pierre Portugal Stone From Portugal<\/title>\n<meta name=\"description\" content=\"A PierrePortugal \u00e9 especialista em projectos de corte pode medida com pedra natural, fachadas, pavimentos, casas de banho, cornijas.\" \/>\n<meta name=\"robots\" content=\"index, follow, max-snippet:-1, max-image-preview:large, max-video-preview:-1\" \/>\n<link rel=\"canonical\" href=\"https:\/\/pierreportugal.shop\/pt-pt\/sobre-materiais\/\" \/>\n<meta property=\"og:locale\" content=\"pt_PT\" \/>\n<meta property=\"og:type\" content=\"article\" \/>\n<meta property=\"og:title\" content=\"Sobre Materiais - Pierre Portugal Stone From Portugal\" \/>\n<meta property=\"og:description\" content=\"A PierrePortugal \u00e9 especialista em projectos de corte pode medida com pedra natural, fachadas, pavimentos, casas de banho, cornijas.\" \/>\n<meta property=\"og:url\" content=\"https:\/\/pierreportugal.shop\/pt-pt\/sobre-materiais\/\" \/>\n<meta property=\"og:site_name\" content=\"Pierre Portugal Stone From Portugal\" \/>\n<meta property=\"article:modified_time\" content=\"2024-05-09T10:05:16+00:00\" \/>\n<meta name=\"twitter:card\" content=\"summary_large_image\" \/>\n<meta name=\"twitter:site\" content=\"@pierre_dalle\" \/>\n<meta name=\"twitter:label1\" content=\"Tempo estimado de leitura\" \/>\n\t<meta name=\"twitter:data1\" content=\"4 minutos\" \/>\n<script type=\"application\/ld+json\" class=\"yoast-schema-graph\">{\"@context\":\"https:\/\/schema.org\",\"@graph\":[{\"@type\":\"WebPage\",\"@id\":\"https:\/\/pierreportugal.shop\/pt-pt\/sobre-materiais\/\",\"url\":\"https:\/\/pierreportugal.shop\/pt-pt\/sobre-materiais\/\",\"name\":\"Sobre Materiais - Pierre Portugal Stone From Portugal\",\"isPartOf\":{\"@id\":\"https:\/\/pierreportugal.shop\/pt-pt\/#website\"},\"datePublished\":\"2022-09-24T16:25:09+00:00\",\"dateModified\":\"2024-05-09T10:05:16+00:00\",\"description\":\"A PierrePortugal \u00e9 especialista em projectos de corte pode medida com pedra natural, fachadas, pavimentos, casas de banho, cornijas.\",\"breadcrumb\":{\"@id\":\"https:\/\/pierreportugal.shop\/pt-pt\/sobre-materiais\/#breadcrumb\"},\"inLanguage\":\"pt-PT\",\"potentialAction\":[{\"@type\":\"ReadAction\",\"target\":[\"https:\/\/pierreportugal.shop\/pt-pt\/sobre-materiais\/\"]}]},{\"@type\":\"BreadcrumbList\",\"@id\":\"https:\/\/pierreportugal.shop\/pt-pt\/sobre-materiais\/#breadcrumb\",\"itemListElement\":[{\"@type\":\"ListItem\",\"position\":1,\"name\":\"In\u00edcio\",\"item\":\"https:\/\/pierreportugal.shop\/pt-pt\/\"},{\"@type\":\"ListItem\",\"position\":2,\"name\":\"Sobre Materiais\"}]},{\"@type\":\"WebSite\",\"@id\":\"https:\/\/pierreportugal.shop\/pt-pt\/#website\",\"url\":\"https:\/\/pierreportugal.shop\/pt-pt\/\",\"name\":\"Pierre Portugal | Stone Premium\",\"description\":\"Pierre Portugal Stone Premium\",\"publisher\":{\"@id\":\"https:\/\/pierreportugal.shop\/pt-pt\/#organization\"},\"potentialAction\":[{\"@type\":\"SearchAction\",\"target\":{\"@type\":\"EntryPoint\",\"urlTemplate\":\"https:\/\/pierreportugal.shop\/pt-pt\/?s={search_term_string}\"},\"query-input\":\"required name=search_term_string\"}],\"inLanguage\":\"pt-PT\"},{\"@type\":\"Organization\",\"@id\":\"https:\/\/pierreportugal.shop\/pt-pt\/#organization\",\"name\":\"Pierre Portugal\",\"url\":\"https:\/\/pierreportugal.shop\/pt-pt\/\",\"logo\":{\"@type\":\"ImageObject\",\"inLanguage\":\"pt-PT\",\"@id\":\"https:\/\/pierreportugal.shop\/pt-pt\/#\/schema\/logo\/image\/\",\"url\":\"https:\/\/pierreportugal.shop\/wp-content\/uploads\/2022\/10\/novo-logo.png\",\"contentUrl\":\"https:\/\/pierreportugal.shop\/wp-content\/uploads\/2022\/10\/novo-logo.png\",\"width\":321,\"height\":113,\"caption\":\"Pierre Portugal\"},\"image\":{\"@id\":\"https:\/\/pierreportugal.shop\/pt-pt\/#\/schema\/logo\/image\/\"},\"sameAs\":[\"https:\/\/www.linkedin.com\/in\/pierreportugal-shop-dalles-et-tranches-tiles-and-slabs-export-a74373150\/\",\"https:\/\/twitter.com\/pierre_dalle\"]}]}<\/script>\n<!-- \/ Yoast SEO plugin. -->","yoast_head_json":{"title":"Sobre Materiais - Pierre Portugal Stone From Portugal","description":"A PierrePortugal \u00e9 especialista em projectos de corte pode medida com pedra natural, fachadas, pavimentos, casas de banho, cornijas.","robots":{"index":"index","follow":"follow","max-snippet":"max-snippet:-1","max-image-preview":"max-image-preview:large","max-video-preview":"max-video-preview:-1"},"canonical":"https:\/\/pierreportugal.shop\/pt-pt\/sobre-materiais\/","og_locale":"pt_PT","og_type":"article","og_title":"Sobre Materiais - Pierre Portugal Stone From Portugal","og_description":"A PierrePortugal \u00e9 especialista em projectos de corte pode medida com pedra natural, fachadas, pavimentos, casas de banho, cornijas.","og_url":"https:\/\/pierreportugal.shop\/pt-pt\/sobre-materiais\/","og_site_name":"Pierre Portugal Stone From Portugal","article_modified_time":"2024-05-09T10:05:16+00:00","twitter_card":"summary_large_image","twitter_site":"@pierre_dalle","twitter_misc":{"Tempo estimado de leitura":"4 minutos"},"schema":{"@context":"https:\/\/schema.org","@graph":[{"@type":"WebPage","@id":"https:\/\/pierreportugal.shop\/pt-pt\/sobre-materiais\/","url":"https:\/\/pierreportugal.shop\/pt-pt\/sobre-materiais\/","name":"Sobre Materiais - Pierre Portugal Stone From Portugal","isPartOf":{"@id":"https:\/\/pierreportugal.shop\/pt-pt\/#website"},"datePublished":"2022-09-24T16:25:09+00:00","dateModified":"2024-05-09T10:05:16+00:00","description":"A PierrePortugal \u00e9 especialista em projectos de corte pode medida com pedra natural, fachadas, pavimentos, casas de banho, cornijas.","breadcrumb":{"@id":"https:\/\/pierreportugal.shop\/pt-pt\/sobre-materiais\/#breadcrumb"},"inLanguage":"pt-PT","potentialAction":[{"@type":"ReadAction","target":["https:\/\/pierreportugal.shop\/pt-pt\/sobre-materiais\/"]}]},{"@type":"BreadcrumbList","@id":"https:\/\/pierreportugal.shop\/pt-pt\/sobre-materiais\/#breadcrumb","itemListElement":[{"@type":"ListItem","position":1,"name":"In\u00edcio","item":"https:\/\/pierreportugal.shop\/pt-pt\/"},{"@type":"ListItem","position":2,"name":"Sobre Materiais"}]},{"@type":"WebSite","@id":"https:\/\/pierreportugal.shop\/pt-pt\/#website","url":"https:\/\/pierreportugal.shop\/pt-pt\/","name":"Pierre Portugal | Stone Premium","description":"Pierre Portugal Stone Premium","publisher":{"@id":"https:\/\/pierreportugal.shop\/pt-pt\/#organization"},"potentialAction":[{"@type":"SearchAction","target":{"@type":"EntryPoint","urlTemplate":"https:\/\/pierreportugal.shop\/pt-pt\/?s={search_term_string}"},"query-input":"required name=search_term_string"}],"inLanguage":"pt-PT"},{"@type":"Organization","@id":"https:\/\/pierreportugal.shop\/pt-pt\/#organization","name":"Pierre Portugal","url":"https:\/\/pierreportugal.shop\/pt-pt\/","logo":{"@type":"ImageObject","inLanguage":"pt-PT","@id":"https:\/\/pierreportugal.shop\/pt-pt\/#\/schema\/logo\/image\/","url":"https:\/\/pierreportugal.shop\/wp-content\/uploads\/2022\/10\/novo-logo.png","contentUrl":"https:\/\/pierreportugal.shop\/wp-content\/uploads\/2022\/10\/novo-logo.png","width":321,"height":113,"caption":"Pierre Portugal"},"image":{"@id":"https:\/\/pierreportugal.shop\/pt-pt\/#\/schema\/logo\/image\/"},"sameAs":["https:\/\/www.linkedin.com\/in\/pierreportugal-shop-dalles-et-tranches-tiles-and-slabs-export-a74373150\/","https:\/\/twitter.com\/pierre_dalle"]}]}},"_links":{"self":[{"href":"https:\/\/pierreportugal.shop\/pt-pt\/wp-json\/wp\/v2\/pages\/8860","targetHints":{"allow":["GET"]}}],"collection":[{"href":"https:\/\/pierreportugal.shop\/pt-pt\/wp-json\/wp\/v2\/pages"}],"about":[{"href":"https:\/\/pierreportugal.shop\/pt-pt\/wp-json\/wp\/v2\/types\/page"}],"author":[{"embeddable":true,"href":"https:\/\/pierreportugal.shop\/pt-pt\/wp-json\/wp\/v2\/users\/1"}],"replies":[{"embeddable":true,"href":"https:\/\/pierreportugal.shop\/pt-pt\/wp-json\/wp\/v2\/comments?post=8860"}],"version-history":[{"count":14,"href":"https:\/\/pierreportugal.shop\/pt-pt\/wp-json\/wp\/v2\/pages\/8860\/revisions"}],"predecessor-version":[{"id":10445,"href":"https:\/\/pierreportugal.shop\/pt-pt\/wp-json\/wp\/v2\/pages\/8860\/revisions\/10445"}],"wp:attachment":[{"href":"https:\/\/pierreportugal.shop\/pt-pt\/wp-json\/wp\/v2\/media?parent=8860"}],"curies":[{"name":"wp","href":"https:\/\/api.w.org\/{rel}","templated":true}]}}