{"id":10501,"date":"2024-05-10T15:16:55","date_gmt":"2024-05-10T15:16:55","guid":{"rendered":"https:\/\/pierreportugal.shop\/?page_id=10501"},"modified":"2024-05-10T15:18:28","modified_gmt":"2024-05-10T15:18:28","slug":"porcelanico-atlas","status":"publish","type":"page","link":"https:\/\/pierreportugal.shop\/pt-pt\/pedra-natural-marmore-calcario-ardosia-em-ladrilho-chapa-e-fachada\/porcelanico-atlas\/","title":{"rendered":"Porcel\u00e2nico ATLAS"},"content":{"rendered":"[vc_row][vc_column][vc_column_text woodmart_inline=&#8221;no&#8221; text_larger=&#8221;no&#8221;]\r\n<h3>PIERREPORTUGAL\u00a0 STONE PREMIUM<\/h3>\r\no Premium Gr\u00e9s da ATLAS oferece o melhor do mundo do Gr\u00e9s Porcel\u00e2nico com as tecnologias exclusivas Natura-Vein\u00ae Tech e Natura &#8211; Body\u00ae Tech, a extensa gama de espessuras e formatos XL e uma capacidade impressionante de reproduzir a beleza dos m\u00e1rmores que t\u00e3o bem conhecemos.\r\n\r\n[\/vc_column_text][\/vc_column][\/vc_row][vc_row][vc_column width=&#8221;1\/4&#8243;]\t\t<div class=\"promo-banner-wrapper  wd-rs-663e3a04748ba \">\n\t\t\t<div id=\"wd-663e3a04748ba\" class=\"promo-banner  banner- banner-hover-zoom color-scheme-light banner-btn-size-default banner-btn-style-default  with-btn banner-btn-position-hover cursor-pointer wd-underline-colored\"\t\t\t\t onclick=\"window.location.href='#'\"\t\t\t>\n\t\t\t\t<div class=\"main-wrapp-img\">\n\t\t\t\t\t<div class=\"banner-image wd-bg-position-center\" >\n\t\t\t\t\t\t<img loading=\"lazy\" decoding=\"async\" class=\"promo-banner-image \" src=\"https:\/\/pierreportugal.shop\/wp-content\/uploads\/2023\/10\/AtlasPlan_041_03_Travertino-Sand_Copyright-800x600.jpg\" width=\"800\" height=\"600\" alt=\"Travertino Sand big slabs\" title=\"AtlasPlan_041_03_Travertino Sand_Copyright\" \/>\t\t\t\t\t<\/div>\n\t\t\t\t<\/div>\n\n\t\t\t\t<div class=\"wrapper-content-banner wd-fill  wd-items-top wd-justify-left\">\n\t\t\t\t\t<div class=\"content-banner text-left\">\n\t\t\t\t\t\t<div class=\"banner-title-wrap\">\n\t\t\t\t\t\t\t<h4 class=\"banner-title wd-font-weight- wd-fontsize-l\">Porcelana de Atlas 1<\/h4>\t\t\t\t\t\t<\/div>\n\t\t\t\t\t\t\t\t\t\t\t\t<div class=\"banner-btn-wrapper\"><div id=\"wd-69f49df0cc20a\" class=\"  wd-button-wrapper text-left\"><a  class=\"btn btn-color-black btn-style-default btn-style-round btn-size-default\">Saiba mais<\/a><\/div><\/div>\t\t\t\t\t<\/div>\n\t\t\t\t<\/div>\n\t\t\t\t\t\t\t<\/div>\n\t\t<\/div>\n\n\t\t[\/vc_column][vc_column width=&#8221;1\/4&#8243;]\t\t<div class=\"promo-banner-wrapper  wd-rs-663e3a161416d \">\n\t\t\t<div id=\"wd-663e3a161416d\" class=\"promo-banner  banner- banner-hover-zoom color-scheme-light banner-btn-size-default banner-btn-style-default  with-btn banner-btn-position-hover cursor-pointer wd-underline-colored\"\t\t\t\t onclick=\"window.location.href='#'\"\t\t\t>\n\t\t\t\t<div class=\"main-wrapp-img\">\n\t\t\t\t\t<div class=\"banner-image wd-bg-position-center\" >\n\t\t\t\t\t\t<img loading=\"lazy\" decoding=\"async\" class=\"promo-banner-image \" src=\"https:\/\/pierreportugal.shop\/wp-content\/uploads\/2023\/10\/AtlasPlan_002_00_CalacattaExtra-c-copyright-2-800x600.jpg\" width=\"800\" height=\"600\" alt=\"calacatta extra stoneware\" title=\"AtlasPlan_002_00_CalacattaExtra (c copyright) (2)\" \/>\t\t\t\t\t<\/div>\n\t\t\t\t<\/div>\n\n\t\t\t\t<div class=\"wrapper-content-banner wd-fill  wd-items-top wd-justify-left\">\n\t\t\t\t\t<div class=\"content-banner text-left\">\n\t\t\t\t\t\t<div class=\"banner-title-wrap\">\n\t\t\t\t\t\t\t<h4 class=\"banner-title wd-font-weight- wd-fontsize-l\">Porcelana de Atlas 2<\/h4>\t\t\t\t\t\t<\/div>\n\t\t\t\t\t\t\t\t\t\t\t\t<div class=\"banner-btn-wrapper\"><div id=\"wd-69f49df0cd017\" class=\"  wd-button-wrapper text-left\"><a  class=\"btn btn-color-black btn-style-default btn-style-round btn-size-default\">Saiba mais<\/a><\/div><\/div>\t\t\t\t\t<\/div>\n\t\t\t\t<\/div>\n\t\t\t\t\t\t\t<\/div>\n\t\t<\/div>\n\n\t\t[\/vc_column][vc_column width=&#8221;1\/4&#8243;]\t\t<div class=\"promo-banner-wrapper  wd-rs-663e3a3330f6b \">\n\t\t\t<div id=\"wd-663e3a3330f6b\" class=\"promo-banner  banner- banner-hover-zoom color-scheme-light banner-btn-size-default banner-btn-style-default  with-btn banner-btn-position-hover cursor-pointer wd-underline-colored\"\t\t\t\t onclick=\"window.location.href='#'\"\t\t\t>\n\t\t\t\t<div class=\"main-wrapp-img\">\n\t\t\t\t\t<div class=\"banner-image wd-bg-position-center\" >\n\t\t\t\t\t\t<img loading=\"lazy\" decoding=\"async\" class=\"promo-banner-image \" src=\"https:\/\/pierreportugal.shop\/wp-content\/uploads\/2023\/10\/AtlasPlan_046_03_Black-Atlantis_Copyright-800x600.jpg\" width=\"800\" height=\"600\" alt=\"black atlantis chapa grande para pavimento e parede\" title=\"AtlasPlan_046_03_Black Atlantis_Copyright\" \/>\t\t\t\t\t<\/div>\n\t\t\t\t<\/div>\n\n\t\t\t\t<div class=\"wrapper-content-banner wd-fill  wd-items-top wd-justify-left\">\n\t\t\t\t\t<div class=\"content-banner text-left\">\n\t\t\t\t\t\t<div class=\"banner-title-wrap\">\n\t\t\t\t\t\t\t<h4 class=\"banner-title wd-font-weight- wd-fontsize-l\">Porcelana de Atlas 3<\/h4>\t\t\t\t\t\t<\/div>\n\t\t\t\t\t\t\t\t\t\t\t\t<div class=\"banner-btn-wrapper\"><div id=\"wd-69f49df0cdb60\" class=\"  wd-button-wrapper text-left\"><a  class=\"btn btn-color-black btn-style-default btn-style-round btn-size-default\">Know more<\/a><\/div><\/div>\t\t\t\t\t<\/div>\n\t\t\t\t<\/div>\n\t\t\t\t\t\t\t<\/div>\n\t\t<\/div>\n\n\t\t[\/vc_column][vc_column width=&#8221;1\/4&#8243;]\t\t<div class=\"promo-banner-wrapper  wd-rs-663e3a7270641 \">\n\t\t\t<div id=\"wd-663e3a7270641\" class=\"promo-banner  banner- banner-hover-zoom color-scheme-light banner-btn-size-default banner-btn-style-default  with-btn banner-btn-position-hover cursor-pointer wd-underline-colored\"\t\t\t\t onclick=\"window.location.href='#'\"\t\t\t>\n\t\t\t\t<div class=\"main-wrapp-img\">\n\t\t\t\t\t<div class=\"banner-image wd-bg-position-center\" >\n\t\t\t\t\t\t<img loading=\"lazy\" decoding=\"async\" class=\"promo-banner-image \" src=\"https:\/\/pierreportugal.shop\/wp-content\/uploads\/2023\/10\/AtlasPlan_033_04_StatuarioSupremo-c-copyright-800x600.jpg\" width=\"800\" height=\"600\" alt=\"Statuario Supremo stoneware slabs for luxury design\" title=\"AtlasPlan_033_04_StatuarioSupremo (c copyright)\" \/>\t\t\t\t\t<\/div>\n\t\t\t\t<\/div>\n\n\t\t\t\t<div class=\"wrapper-content-banner wd-fill  wd-items-top wd-justify-left\">\n\t\t\t\t\t<div class=\"content-banner text-left\">\n\t\t\t\t\t\t<div class=\"banner-title-wrap\">\n\t\t\t\t\t\t\t<h4 class=\"banner-title wd-font-weight- wd-fontsize-l\">Porcelana de Atlas 4<\/h4>\t\t\t\t\t\t<\/div>\n\t\t\t\t\t\t\t\t\t\t\t\t<div class=\"banner-btn-wrapper\"><div id=\"wd-69f49df0ce9c0\" class=\"  wd-button-wrapper text-left\"><a  class=\"btn btn-color-black btn-style-default btn-style-round btn-size-default\">Know more<\/a><\/div><\/div>\t\t\t\t\t<\/div>\n\t\t\t\t<\/div>\n\t\t\t\t\t\t\t<\/div>\n\t\t<\/div>\n\n\t\t[\/vc_column][\/vc_row]","protected":false},"excerpt":{"rendered":"<p>[vc_row][vc_column][vc_column_text woodmart_inline=&#8221;no&#8221; text_larger=&#8221;no&#8221;] PIERREPORTUGAL\u00a0 STONE PREMIUM o Premium Gr\u00e9s da ATLAS oferece o melhor do mundo do Gr\u00e9s Porcel\u00e2nico com<\/p>\n","protected":false},"author":1,"featured_media":0,"parent":8868,"menu_order":0,"comment_status":"closed","ping_status":"closed","template":"","meta":{"footnotes":""},"class_list":["post-10501","page","type-page","status-publish","hentry"],"yoast_head":"<!-- This site is optimized with the Yoast SEO plugin v19.14 - https:\/\/yoast.com\/wordpress\/plugins\/seo\/ -->\n<title>Porcel\u00e2nico ATLAS - Pierre Portugal Stone From Portugal<\/title>\n<meta name=\"robots\" content=\"index, follow, max-snippet:-1, max-image-preview:large, max-video-preview:-1\" \/>\n<link rel=\"canonical\" href=\"https:\/\/pierreportugal.shop\/pt-pt\/pedra-natural-marmore-calcario-ardosia-em-ladrilho-chapa-e-fachada\/porcelanico-atlas\/\" \/>\n<meta property=\"og:locale\" content=\"pt_PT\" \/>\n<meta property=\"og:type\" content=\"article\" \/>\n<meta property=\"og:title\" content=\"Porcel\u00e2nico ATLAS - Pierre Portugal Stone From Portugal\" \/>\n<meta property=\"og:description\" content=\"[vc_row][vc_column][vc_column_text woodmart_inline=&#8221;no&#8221; text_larger=&#8221;no&#8221;] PIERREPORTUGAL\u00a0 STONE PREMIUM o Premium Gr\u00e9s da ATLAS oferece o melhor do mundo do Gr\u00e9s Porcel\u00e2nico com\" \/>\n<meta property=\"og:url\" content=\"https:\/\/pierreportugal.shop\/pt-pt\/pedra-natural-marmore-calcario-ardosia-em-ladrilho-chapa-e-fachada\/porcelanico-atlas\/\" \/>\n<meta property=\"og:site_name\" content=\"Pierre Portugal Stone From Portugal\" \/>\n<meta property=\"article:modified_time\" content=\"2024-05-10T15:18:28+00:00\" \/>\n<meta name=\"twitter:card\" content=\"summary_large_image\" \/>\n<meta name=\"twitter:site\" content=\"@pierre_dalle\" \/>\n<meta name=\"twitter:label1\" content=\"Tempo estimado de leitura\" \/>\n\t<meta name=\"twitter:data1\" content=\"2 minutos\" \/>\n<script type=\"application\/ld+json\" class=\"yoast-schema-graph\">{\"@context\":\"https:\/\/schema.org\",\"@graph\":[{\"@type\":\"WebPage\",\"@id\":\"https:\/\/pierreportugal.shop\/pt-pt\/pedra-natural-marmore-calcario-ardosia-em-ladrilho-chapa-e-fachada\/porcelanico-atlas\/\",\"url\":\"https:\/\/pierreportugal.shop\/pt-pt\/pedra-natural-marmore-calcario-ardosia-em-ladrilho-chapa-e-fachada\/porcelanico-atlas\/\",\"name\":\"Porcel\u00e2nico ATLAS - Pierre Portugal Stone From Portugal\",\"isPartOf\":{\"@id\":\"https:\/\/pierreportugal.shop\/pt-pt\/#website\"},\"datePublished\":\"2024-05-10T15:16:55+00:00\",\"dateModified\":\"2024-05-10T15:18:28+00:00\",\"breadcrumb\":{\"@id\":\"https:\/\/pierreportugal.shop\/pt-pt\/pedra-natural-marmore-calcario-ardosia-em-ladrilho-chapa-e-fachada\/porcelanico-atlas\/#breadcrumb\"},\"inLanguage\":\"pt-PT\",\"potentialAction\":[{\"@type\":\"ReadAction\",\"target\":[\"https:\/\/pierreportugal.shop\/pt-pt\/pedra-natural-marmore-calcario-ardosia-em-ladrilho-chapa-e-fachada\/porcelanico-atlas\/\"]}]},{\"@type\":\"BreadcrumbList\",\"@id\":\"https:\/\/pierreportugal.shop\/pt-pt\/pedra-natural-marmore-calcario-ardosia-em-ladrilho-chapa-e-fachada\/porcelanico-atlas\/#breadcrumb\",\"itemListElement\":[{\"@type\":\"ListItem\",\"position\":1,\"name\":\"In\u00edcio\",\"item\":\"https:\/\/pierreportugal.shop\/pt-pt\/\"},{\"@type\":\"ListItem\",\"position\":2,\"name\":\"Marcas\",\"item\":\"https:\/\/pierreportugal.shop\/pt-pt\/pedra-natural-marmore-calcario-ardosia-em-ladrilho-chapa-e-fachada\/\"},{\"@type\":\"ListItem\",\"position\":3,\"name\":\"Porcel\u00e2nico ATLAS\"}]},{\"@type\":\"WebSite\",\"@id\":\"https:\/\/pierreportugal.shop\/pt-pt\/#website\",\"url\":\"https:\/\/pierreportugal.shop\/pt-pt\/\",\"name\":\"Pierre Portugal | Stone Premium\",\"description\":\"Pierre Portugal Stone Premium\",\"publisher\":{\"@id\":\"https:\/\/pierreportugal.shop\/pt-pt\/#organization\"},\"potentialAction\":[{\"@type\":\"SearchAction\",\"target\":{\"@type\":\"EntryPoint\",\"urlTemplate\":\"https:\/\/pierreportugal.shop\/pt-pt\/?s={search_term_string}\"},\"query-input\":\"required name=search_term_string\"}],\"inLanguage\":\"pt-PT\"},{\"@type\":\"Organization\",\"@id\":\"https:\/\/pierreportugal.shop\/pt-pt\/#organization\",\"name\":\"Pierre Portugal\",\"url\":\"https:\/\/pierreportugal.shop\/pt-pt\/\",\"logo\":{\"@type\":\"ImageObject\",\"inLanguage\":\"pt-PT\",\"@id\":\"https:\/\/pierreportugal.shop\/pt-pt\/#\/schema\/logo\/image\/\",\"url\":\"https:\/\/pierreportugal.shop\/wp-content\/uploads\/2022\/10\/novo-logo.png\",\"contentUrl\":\"https:\/\/pierreportugal.shop\/wp-content\/uploads\/2022\/10\/novo-logo.png\",\"width\":321,\"height\":113,\"caption\":\"Pierre Portugal\"},\"image\":{\"@id\":\"https:\/\/pierreportugal.shop\/pt-pt\/#\/schema\/logo\/image\/\"},\"sameAs\":[\"https:\/\/www.linkedin.com\/in\/pierreportugal-shop-dalles-et-tranches-tiles-and-slabs-export-a74373150\/\",\"https:\/\/twitter.com\/pierre_dalle\"]}]}<\/script>\n<!-- \/ Yoast SEO plugin. -->","yoast_head_json":{"title":"Porcel\u00e2nico ATLAS - Pierre Portugal Stone From Portugal","robots":{"index":"index","follow":"follow","max-snippet":"max-snippet:-1","max-image-preview":"max-image-preview:large","max-video-preview":"max-video-preview:-1"},"canonical":"https:\/\/pierreportugal.shop\/pt-pt\/pedra-natural-marmore-calcario-ardosia-em-ladrilho-chapa-e-fachada\/porcelanico-atlas\/","og_locale":"pt_PT","og_type":"article","og_title":"Porcel\u00e2nico ATLAS - Pierre Portugal Stone From Portugal","og_description":"[vc_row][vc_column][vc_column_text woodmart_inline=&#8221;no&#8221; text_larger=&#8221;no&#8221;] PIERREPORTUGAL\u00a0 STONE PREMIUM o Premium Gr\u00e9s da ATLAS oferece o melhor do mundo do Gr\u00e9s Porcel\u00e2nico com","og_url":"https:\/\/pierreportugal.shop\/pt-pt\/pedra-natural-marmore-calcario-ardosia-em-ladrilho-chapa-e-fachada\/porcelanico-atlas\/","og_site_name":"Pierre Portugal Stone From Portugal","article_modified_time":"2024-05-10T15:18:28+00:00","twitter_card":"summary_large_image","twitter_site":"@pierre_dalle","twitter_misc":{"Tempo estimado de leitura":"2 minutos"},"schema":{"@context":"https:\/\/schema.org","@graph":[{"@type":"WebPage","@id":"https:\/\/pierreportugal.shop\/pt-pt\/pedra-natural-marmore-calcario-ardosia-em-ladrilho-chapa-e-fachada\/porcelanico-atlas\/","url":"https:\/\/pierreportugal.shop\/pt-pt\/pedra-natural-marmore-calcario-ardosia-em-ladrilho-chapa-e-fachada\/porcelanico-atlas\/","name":"Porcel\u00e2nico ATLAS - Pierre Portugal Stone From Portugal","isPartOf":{"@id":"https:\/\/pierreportugal.shop\/pt-pt\/#website"},"datePublished":"2024-05-10T15:16:55+00:00","dateModified":"2024-05-10T15:18:28+00:00","breadcrumb":{"@id":"https:\/\/pierreportugal.shop\/pt-pt\/pedra-natural-marmore-calcario-ardosia-em-ladrilho-chapa-e-fachada\/porcelanico-atlas\/#breadcrumb"},"inLanguage":"pt-PT","potentialAction":[{"@type":"ReadAction","target":["https:\/\/pierreportugal.shop\/pt-pt\/pedra-natural-marmore-calcario-ardosia-em-ladrilho-chapa-e-fachada\/porcelanico-atlas\/"]}]},{"@type":"BreadcrumbList","@id":"https:\/\/pierreportugal.shop\/pt-pt\/pedra-natural-marmore-calcario-ardosia-em-ladrilho-chapa-e-fachada\/porcelanico-atlas\/#breadcrumb","itemListElement":[{"@type":"ListItem","position":1,"name":"In\u00edcio","item":"https:\/\/pierreportugal.shop\/pt-pt\/"},{"@type":"ListItem","position":2,"name":"Marcas","item":"https:\/\/pierreportugal.shop\/pt-pt\/pedra-natural-marmore-calcario-ardosia-em-ladrilho-chapa-e-fachada\/"},{"@type":"ListItem","position":3,"name":"Porcel\u00e2nico ATLAS"}]},{"@type":"WebSite","@id":"https:\/\/pierreportugal.shop\/pt-pt\/#website","url":"https:\/\/pierreportugal.shop\/pt-pt\/","name":"Pierre Portugal | Stone Premium","description":"Pierre Portugal Stone Premium","publisher":{"@id":"https:\/\/pierreportugal.shop\/pt-pt\/#organization"},"potentialAction":[{"@type":"SearchAction","target":{"@type":"EntryPoint","urlTemplate":"https:\/\/pierreportugal.shop\/pt-pt\/?s={search_term_string}"},"query-input":"required name=search_term_string"}],"inLanguage":"pt-PT"},{"@type":"Organization","@id":"https:\/\/pierreportugal.shop\/pt-pt\/#organization","name":"Pierre Portugal","url":"https:\/\/pierreportugal.shop\/pt-pt\/","logo":{"@type":"ImageObject","inLanguage":"pt-PT","@id":"https:\/\/pierreportugal.shop\/pt-pt\/#\/schema\/logo\/image\/","url":"https:\/\/pierreportugal.shop\/wp-content\/uploads\/2022\/10\/novo-logo.png","contentUrl":"https:\/\/pierreportugal.shop\/wp-content\/uploads\/2022\/10\/novo-logo.png","width":321,"height":113,"caption":"Pierre Portugal"},"image":{"@id":"https:\/\/pierreportugal.shop\/pt-pt\/#\/schema\/logo\/image\/"},"sameAs":["https:\/\/www.linkedin.com\/in\/pierreportugal-shop-dalles-et-tranches-tiles-and-slabs-export-a74373150\/","https:\/\/twitter.com\/pierre_dalle"]}]}},"_links":{"self":[{"href":"https:\/\/pierreportugal.shop\/pt-pt\/wp-json\/wp\/v2\/pages\/10501","targetHints":{"allow":["GET"]}}],"collection":[{"href":"https:\/\/pierreportugal.shop\/pt-pt\/wp-json\/wp\/v2\/pages"}],"about":[{"href":"https:\/\/pierreportugal.shop\/pt-pt\/wp-json\/wp\/v2\/types\/page"}],"author":[{"embeddable":true,"href":"https:\/\/pierreportugal.shop\/pt-pt\/wp-json\/wp\/v2\/users\/1"}],"replies":[{"embeddable":true,"href":"https:\/\/pierreportugal.shop\/pt-pt\/wp-json\/wp\/v2\/comments?post=10501"}],"version-history":[{"count":2,"href":"https:\/\/pierreportugal.shop\/pt-pt\/wp-json\/wp\/v2\/pages\/10501\/revisions"}],"predecessor-version":[{"id":10505,"href":"https:\/\/pierreportugal.shop\/pt-pt\/wp-json\/wp\/v2\/pages\/10501\/revisions\/10505"}],"up":[{"embeddable":true,"href":"https:\/\/pierreportugal.shop\/pt-pt\/wp-json\/wp\/v2\/pages\/8868"}],"wp:attachment":[{"href":"https:\/\/pierreportugal.shop\/pt-pt\/wp-json\/wp\/v2\/media?parent=10501"}],"curies":[{"name":"wp","href":"https:\/\/api.w.org\/{rel}","templated":true}]}}