{"id":9412,"date":"2022-08-04T16:59:42","date_gmt":"2022-08-04T16:59:42","guid":{"rendered":"https:\/\/pierreportugal.shop\/produto\/creme-fin-branco-do-mar-40x40x2cm-adouci\/"},"modified":"2024-02-17T13:45:27","modified_gmt":"2024-02-17T13:45:27","slug":"pierre-creme-fin-branco-do-mar-40x40x2cm-adouci","status":"publish","type":"product","link":"https:\/\/pierreportugal.shop\/fr\/produto\/pierre-creme-fin-branco-do-mar-40x40x2cm-adouci\/","title":{"rendered":"PIERRE CREME FIN BRANCO DO MAR 40X40X2CM ADOUCI"},"content":{"rendered":"<p><br data-mce-bogus=\"1\"><\/p>","protected":false},"excerpt":{"rendered":"<p>Le Creme Fin ou Branco do Mar,&nbsp;est une pierre de qualit\u00e9, tr\u00e9s appreci\u00e9e&nbsp;pour la decoration de salles de bain et de salons. N&rsquo;hesitez pas \u00e0 l&rsquo;utiliser, vous serez satisfait du r\u00e9sultat! Pour l&rsquo;application et l&rsquo;entretien de&nbsp;toutes nos pierre, faites vous conseillez par des professionels qui sauront vous prtoposer les meilleurs produits.<\/p>\n","protected":false},"featured_media":8382,"comment_status":"open","ping_status":"closed","template":"","meta":[],"product_cat":[160],"product_tag":[597],"class_list":["post-9412","product","type-product","status-publish","has-post-thumbnail","hentry","product_cat-dalle-2cm","product_tag-branco-do-mar-beige-imperial"],"yoast_head":"<!-- This site is optimized with the Yoast SEO plugin v19.14 - https:\/\/yoast.com\/wordpress\/plugins\/seo\/ -->\n<title>PIERRE CREME FIN BRANCO DO MAR 40X40X2CM ADOUCI - Pierre Portugal Stone From Portugal<\/title>\n<meta name=\"robots\" content=\"index, follow, max-snippet:-1, max-image-preview:large, max-video-preview:-1\" \/>\n<link rel=\"canonical\" href=\"https:\/\/pierreportugal.shop\/fr\/produto\/pierre-creme-fin-branco-do-mar-40x40x2cm-adouci\/\" \/>\n<meta property=\"og:locale\" content=\"fr_FR\" \/>\n<meta property=\"og:type\" content=\"article\" \/>\n<meta property=\"og:title\" content=\"PIERRE CREME FIN BRANCO DO MAR 40X40X2CM ADOUCI - Pierre Portugal Stone From Portugal\" \/>\n<meta property=\"og:description\" content=\"Le Creme Fin ou Branco do Mar,&nbsp;est une pierre de qualit\u00e9, tr\u00e9s appreci\u00e9e&nbsp;pour la decoration de salles de bain et de salons. N&#039;hesitez pas \u00e0 l&#039;utiliser, vous serez satisfait du r\u00e9sultat! Pour l&#039;application et l&#039;entretien de&nbsp;toutes nos pierre, faites vous conseillez par des professionels qui sauront vous prtoposer les meilleurs produits.\" \/>\n<meta property=\"og:url\" content=\"https:\/\/pierreportugal.shop\/fr\/produto\/pierre-creme-fin-branco-do-mar-40x40x2cm-adouci\/\" \/>\n<meta property=\"og:site_name\" content=\"Pierre Portugal Stone From Portugal\" \/>\n<meta property=\"article:modified_time\" content=\"2024-02-17T13:45:27+00:00\" \/>\n<meta property=\"og:image\" content=\"https:\/\/pierreportugal.shop\/wp-content\/uploads\/2022\/08\/CREME-FIN-BRANCO-DO-MAR-40X40X2-CM-ADOUCI.jpg\" \/>\n\t<meta property=\"og:image:width\" content=\"500\" \/>\n\t<meta property=\"og:image:height\" content=\"500\" \/>\n\t<meta property=\"og:image:type\" content=\"image\/jpeg\" \/>\n<meta name=\"twitter:card\" content=\"summary_large_image\" \/>\n<meta name=\"twitter:site\" content=\"@pierre_dalle\" \/>\n<script type=\"application\/ld+json\" class=\"yoast-schema-graph\">{\"@context\":\"https:\/\/schema.org\",\"@graph\":[{\"@type\":\"WebPage\",\"@id\":\"https:\/\/pierreportugal.shop\/fr\/produto\/pierre-creme-fin-branco-do-mar-40x40x2cm-adouci\/\",\"url\":\"https:\/\/pierreportugal.shop\/fr\/produto\/pierre-creme-fin-branco-do-mar-40x40x2cm-adouci\/\",\"name\":\"PIERRE CREME FIN BRANCO DO MAR 40X40X2CM ADOUCI - Pierre Portugal Stone From Portugal\",\"isPartOf\":{\"@id\":\"https:\/\/pierreportugal.shop\/fr\/#website\"},\"datePublished\":\"2022-08-04T16:59:42+00:00\",\"dateModified\":\"2024-02-17T13:45:27+00:00\",\"breadcrumb\":{\"@id\":\"https:\/\/pierreportugal.shop\/fr\/produto\/pierre-creme-fin-branco-do-mar-40x40x2cm-adouci\/#breadcrumb\"},\"inLanguage\":\"fr-FR\",\"potentialAction\":[{\"@type\":\"ReadAction\",\"target\":[\"https:\/\/pierreportugal.shop\/fr\/produto\/pierre-creme-fin-branco-do-mar-40x40x2cm-adouci\/\"]}]},{\"@type\":\"BreadcrumbList\",\"@id\":\"https:\/\/pierreportugal.shop\/fr\/produto\/pierre-creme-fin-branco-do-mar-40x40x2cm-adouci\/#breadcrumb\",\"itemListElement\":[{\"@type\":\"ListItem\",\"position\":1,\"name\":\"In\u00edcio\",\"item\":\"https:\/\/pierreportugal.shop\/fr\/\"},{\"@type\":\"ListItem\",\"position\":2,\"name\":\"Boutique\",\"item\":\"https:\/\/pierreportugal.shop\/fr\/boutique-pierre-stone-stein-marble-limestone-facade-bespoke-fireplaces-marbre\/\"},{\"@type\":\"ListItem\",\"position\":3,\"name\":\"PIERRE CREME FIN BRANCO DO MAR 40X40X2CM ADOUCI\"}]},{\"@type\":\"WebSite\",\"@id\":\"https:\/\/pierreportugal.shop\/fr\/#website\",\"url\":\"https:\/\/pierreportugal.shop\/fr\/\",\"name\":\"Pierre Portugal | Stone Premium\",\"description\":\"Pierre Portugal Stone Premium\",\"publisher\":{\"@id\":\"https:\/\/pierreportugal.shop\/fr\/#organization\"},\"potentialAction\":[{\"@type\":\"SearchAction\",\"target\":{\"@type\":\"EntryPoint\",\"urlTemplate\":\"https:\/\/pierreportugal.shop\/fr\/?s={search_term_string}\"},\"query-input\":\"required name=search_term_string\"}],\"inLanguage\":\"fr-FR\"},{\"@type\":\"Organization\",\"@id\":\"https:\/\/pierreportugal.shop\/fr\/#organization\",\"name\":\"Pierre Portugal\",\"url\":\"https:\/\/pierreportugal.shop\/fr\/\",\"logo\":{\"@type\":\"ImageObject\",\"inLanguage\":\"fr-FR\",\"@id\":\"https:\/\/pierreportugal.shop\/fr\/#\/schema\/logo\/image\/\",\"url\":\"https:\/\/pierreportugal.shop\/wp-content\/uploads\/2022\/10\/novo-logo.png\",\"contentUrl\":\"https:\/\/pierreportugal.shop\/wp-content\/uploads\/2022\/10\/novo-logo.png\",\"width\":321,\"height\":113,\"caption\":\"Pierre Portugal\"},\"image\":{\"@id\":\"https:\/\/pierreportugal.shop\/fr\/#\/schema\/logo\/image\/\"},\"sameAs\":[\"https:\/\/www.linkedin.com\/in\/pierreportugal-shop-dalles-et-tranches-tiles-and-slabs-export-a74373150\/\",\"https:\/\/twitter.com\/pierre_dalle\"]}]}<\/script>\n<!-- \/ Yoast SEO plugin. -->","yoast_head_json":{"title":"PIERRE CREME FIN BRANCO DO MAR 40X40X2CM ADOUCI - Pierre Portugal Stone From Portugal","robots":{"index":"index","follow":"follow","max-snippet":"max-snippet:-1","max-image-preview":"max-image-preview:large","max-video-preview":"max-video-preview:-1"},"canonical":"https:\/\/pierreportugal.shop\/fr\/produto\/pierre-creme-fin-branco-do-mar-40x40x2cm-adouci\/","og_locale":"fr_FR","og_type":"article","og_title":"PIERRE CREME FIN BRANCO DO MAR 40X40X2CM ADOUCI - Pierre Portugal Stone From Portugal","og_description":"Le Creme Fin ou Branco do Mar,&nbsp;est une pierre de qualit\u00e9, tr\u00e9s appreci\u00e9e&nbsp;pour la decoration de salles de bain et de salons. N'hesitez pas \u00e0 l'utiliser, vous serez satisfait du r\u00e9sultat! Pour l'application et l'entretien de&nbsp;toutes nos pierre, faites vous conseillez par des professionels qui sauront vous prtoposer les meilleurs produits.","og_url":"https:\/\/pierreportugal.shop\/fr\/produto\/pierre-creme-fin-branco-do-mar-40x40x2cm-adouci\/","og_site_name":"Pierre Portugal Stone From Portugal","article_modified_time":"2024-02-17T13:45:27+00:00","og_image":[{"width":500,"height":500,"url":"https:\/\/pierreportugal.shop\/wp-content\/uploads\/2022\/08\/CREME-FIN-BRANCO-DO-MAR-40X40X2-CM-ADOUCI.jpg","type":"image\/jpeg"}],"twitter_card":"summary_large_image","twitter_site":"@pierre_dalle","schema":{"@context":"https:\/\/schema.org","@graph":[{"@type":"WebPage","@id":"https:\/\/pierreportugal.shop\/fr\/produto\/pierre-creme-fin-branco-do-mar-40x40x2cm-adouci\/","url":"https:\/\/pierreportugal.shop\/fr\/produto\/pierre-creme-fin-branco-do-mar-40x40x2cm-adouci\/","name":"PIERRE CREME FIN BRANCO DO MAR 40X40X2CM ADOUCI - Pierre Portugal Stone From Portugal","isPartOf":{"@id":"https:\/\/pierreportugal.shop\/fr\/#website"},"datePublished":"2022-08-04T16:59:42+00:00","dateModified":"2024-02-17T13:45:27+00:00","breadcrumb":{"@id":"https:\/\/pierreportugal.shop\/fr\/produto\/pierre-creme-fin-branco-do-mar-40x40x2cm-adouci\/#breadcrumb"},"inLanguage":"fr-FR","potentialAction":[{"@type":"ReadAction","target":["https:\/\/pierreportugal.shop\/fr\/produto\/pierre-creme-fin-branco-do-mar-40x40x2cm-adouci\/"]}]},{"@type":"BreadcrumbList","@id":"https:\/\/pierreportugal.shop\/fr\/produto\/pierre-creme-fin-branco-do-mar-40x40x2cm-adouci\/#breadcrumb","itemListElement":[{"@type":"ListItem","position":1,"name":"In\u00edcio","item":"https:\/\/pierreportugal.shop\/fr\/"},{"@type":"ListItem","position":2,"name":"Boutique","item":"https:\/\/pierreportugal.shop\/fr\/boutique-pierre-stone-stein-marble-limestone-facade-bespoke-fireplaces-marbre\/"},{"@type":"ListItem","position":3,"name":"PIERRE CREME FIN BRANCO DO MAR 40X40X2CM ADOUCI"}]},{"@type":"WebSite","@id":"https:\/\/pierreportugal.shop\/fr\/#website","url":"https:\/\/pierreportugal.shop\/fr\/","name":"Pierre Portugal | Stone Premium","description":"Pierre Portugal Stone Premium","publisher":{"@id":"https:\/\/pierreportugal.shop\/fr\/#organization"},"potentialAction":[{"@type":"SearchAction","target":{"@type":"EntryPoint","urlTemplate":"https:\/\/pierreportugal.shop\/fr\/?s={search_term_string}"},"query-input":"required name=search_term_string"}],"inLanguage":"fr-FR"},{"@type":"Organization","@id":"https:\/\/pierreportugal.shop\/fr\/#organization","name":"Pierre Portugal","url":"https:\/\/pierreportugal.shop\/fr\/","logo":{"@type":"ImageObject","inLanguage":"fr-FR","@id":"https:\/\/pierreportugal.shop\/fr\/#\/schema\/logo\/image\/","url":"https:\/\/pierreportugal.shop\/wp-content\/uploads\/2022\/10\/novo-logo.png","contentUrl":"https:\/\/pierreportugal.shop\/wp-content\/uploads\/2022\/10\/novo-logo.png","width":321,"height":113,"caption":"Pierre Portugal"},"image":{"@id":"https:\/\/pierreportugal.shop\/fr\/#\/schema\/logo\/image\/"},"sameAs":["https:\/\/www.linkedin.com\/in\/pierreportugal-shop-dalles-et-tranches-tiles-and-slabs-export-a74373150\/","https:\/\/twitter.com\/pierre_dalle"]}]}},"_links":{"self":[{"href":"https:\/\/pierreportugal.shop\/fr\/wp-json\/wp\/v2\/product\/9412","targetHints":{"allow":["GET"]}}],"collection":[{"href":"https:\/\/pierreportugal.shop\/fr\/wp-json\/wp\/v2\/product"}],"about":[{"href":"https:\/\/pierreportugal.shop\/fr\/wp-json\/wp\/v2\/types\/product"}],"replies":[{"embeddable":true,"href":"https:\/\/pierreportugal.shop\/fr\/wp-json\/wp\/v2\/comments?post=9412"}],"wp:featuredmedia":[{"embeddable":true,"href":"https:\/\/pierreportugal.shop\/fr\/wp-json\/wp\/v2\/media\/8382"}],"wp:attachment":[{"href":"https:\/\/pierreportugal.shop\/fr\/wp-json\/wp\/v2\/media?parent=9412"}],"wp:term":[{"taxonomy":"product_cat","embeddable":true,"href":"https:\/\/pierreportugal.shop\/fr\/wp-json\/wp\/v2\/product_cat?post=9412"},{"taxonomy":"product_tag","embeddable":true,"href":"https:\/\/pierreportugal.shop\/fr\/wp-json\/wp\/v2\/product_tag?post=9412"}],"curies":[{"name":"wp","href":"https:\/\/api.w.org\/{rel}","templated":true}]}}