{"id":9332,"date":"2023-01-12T14:55:14","date_gmt":"2023-01-12T14:55:14","guid":{"rendered":"https:\/\/pierreportugal.shop\/produto\/marbre-blanc-estremoz-tranches\/"},"modified":"2024-02-17T12:50:55","modified_gmt":"2024-02-17T12:50:55","slug":"marbre-blanc-estremoz-tranches","status":"publish","type":"product","link":"https:\/\/pierreportugal.shop\/fr\/produto\/marbre-blanc-estremoz-tranches\/","title":{"rendered":"MARBRE BLANC ESTREMOZ TRANCHES"},"content":{"rendered":"","protected":false},"excerpt":{"rendered":"","protected":false},"featured_media":8801,"comment_status":"open","ping_status":"closed","template":"","meta":[],"product_cat":[154],"product_tag":[554,578,260,543,579,187,577,242,576,232],"class_list":["post-9332","product","type-product","status-publish","has-post-thumbnail","hentry","product_cat-tranches-2cm","product_tag-estremoz-fr","product_tag-luxury-marble-fr","product_tag-marbre-de-luxe","product_tag-pierre-naturelle-fr","product_tag-rosa-portugal-fr","product_tag-slabs-fr","product_tag-stone-fr","product_tag-tiles-fr","product_tag-tranches-fr","product_tag-white-marble-fr"],"yoast_head":"<!-- This site is optimized with the Yoast SEO plugin v19.14 - https:\/\/yoast.com\/wordpress\/plugins\/seo\/ -->\n<title>MARBRE BLANC ESTREMOZ TRANCHES - Pierre Portugal Stone From Portugal<\/title>\n<meta name=\"description\" content=\"MARBRE ESTREMOZ BLANC. FOURNISSEUR DE PIERRE NATURELLE POUR ESCALIER PLAN DE TRAVAIL REV\u00caTEMENTS CONTOUR DE PISCINE PLAQUETTE SOL SALLE DE BAIN BASE DE DOUCHE CHEMINEE, MARBRE POUR SOL, MARBRE POUR CHEMIN\u00c9E, MARBRE POUR PLAN DE TRAVAIL, MARBRE POUR PLAQUETTE, MARBRE POUR SALLE DE BAIN, MARBRE POUR RESTAURANT, MARBRE POUR D\u00c9CORATION DE MAGASINS, MARBRE POUR PLAN DE CUISINE, MARBRE POUR SOL DE CUISINE\" \/>\n<meta name=\"robots\" content=\"index, follow, max-snippet:-1, max-image-preview:large, max-video-preview:-1\" \/>\n<link rel=\"canonical\" href=\"https:\/\/pierreportugal.shop\/fr\/produto\/marbre-blanc-estremoz-tranches\/\" \/>\n<meta property=\"og:locale\" content=\"fr_FR\" \/>\n<meta property=\"og:type\" content=\"article\" \/>\n<meta property=\"og:title\" content=\"MARBRE BLANC ESTREMOZ TRANCHES - Pierre Portugal Stone From Portugal\" \/>\n<meta property=\"og:description\" content=\"MARBRE ESTREMOZ BLANC. FOURNISSEUR DE PIERRE NATURELLE POUR ESCALIER PLAN DE TRAVAIL REV\u00caTEMENTS CONTOUR DE PISCINE PLAQUETTE SOL SALLE DE BAIN BASE DE DOUCHE CHEMINEE, MARBRE POUR SOL, MARBRE POUR CHEMIN\u00c9E, MARBRE POUR PLAN DE TRAVAIL, MARBRE POUR PLAQUETTE, MARBRE POUR SALLE DE BAIN, MARBRE POUR RESTAURANT, MARBRE POUR D\u00c9CORATION DE MAGASINS, MARBRE POUR PLAN DE CUISINE, MARBRE POUR SOL DE CUISINE\" \/>\n<meta property=\"og:url\" content=\"https:\/\/pierreportugal.shop\/fr\/produto\/marbre-blanc-estremoz-tranches\/\" \/>\n<meta property=\"og:site_name\" content=\"Pierre Portugal Stone From Portugal\" \/>\n<meta property=\"article:modified_time\" content=\"2024-02-17T12:50:55+00:00\" \/>\n<meta property=\"og:image\" content=\"https:\/\/pierreportugal.shop\/wp-content\/uploads\/2023\/01\/MARBLE11-e1677094300922.jpg\" \/>\n\t<meta property=\"og:image:width\" content=\"843\" \/>\n\t<meta property=\"og:image:height\" content=\"564\" \/>\n\t<meta property=\"og:image:type\" content=\"image\/jpeg\" \/>\n<meta name=\"twitter:card\" content=\"summary_large_image\" \/>\n<meta name=\"twitter:site\" content=\"@pierre_dalle\" \/>\n<script type=\"application\/ld+json\" class=\"yoast-schema-graph\">{\"@context\":\"https:\/\/schema.org\",\"@graph\":[{\"@type\":\"WebPage\",\"@id\":\"https:\/\/pierreportugal.shop\/fr\/produto\/marbre-blanc-estremoz-tranches\/\",\"url\":\"https:\/\/pierreportugal.shop\/fr\/produto\/marbre-blanc-estremoz-tranches\/\",\"name\":\"MARBRE BLANC ESTREMOZ TRANCHES - Pierre Portugal Stone From Portugal\",\"isPartOf\":{\"@id\":\"https:\/\/pierreportugal.shop\/fr\/#website\"},\"datePublished\":\"2023-01-12T14:55:14+00:00\",\"dateModified\":\"2024-02-17T12:50:55+00:00\",\"description\":\"MARBRE ESTREMOZ BLANC. FOURNISSEUR DE PIERRE NATURELLE POUR ESCALIER PLAN DE TRAVAIL REV\u00caTEMENTS CONTOUR DE PISCINE PLAQUETTE SOL SALLE DE BAIN BASE DE DOUCHE CHEMINEE, MARBRE POUR SOL, MARBRE POUR CHEMIN\u00c9E, MARBRE POUR PLAN DE TRAVAIL, MARBRE POUR PLAQUETTE, MARBRE POUR SALLE DE BAIN, MARBRE POUR RESTAURANT, MARBRE POUR D\u00c9CORATION DE MAGASINS, MARBRE POUR PLAN DE CUISINE, MARBRE POUR SOL DE CUISINE\",\"breadcrumb\":{\"@id\":\"https:\/\/pierreportugal.shop\/fr\/produto\/marbre-blanc-estremoz-tranches\/#breadcrumb\"},\"inLanguage\":\"fr-FR\",\"potentialAction\":[{\"@type\":\"ReadAction\",\"target\":[\"https:\/\/pierreportugal.shop\/fr\/produto\/marbre-blanc-estremoz-tranches\/\"]}]},{\"@type\":\"BreadcrumbList\",\"@id\":\"https:\/\/pierreportugal.shop\/fr\/produto\/marbre-blanc-estremoz-tranches\/#breadcrumb\",\"itemListElement\":[{\"@type\":\"ListItem\",\"position\":1,\"name\":\"In\u00edcio\",\"item\":\"https:\/\/pierreportugal.shop\/fr\/\"},{\"@type\":\"ListItem\",\"position\":2,\"name\":\"Boutique\",\"item\":\"https:\/\/pierreportugal.shop\/fr\/boutique-pierre-stone-stein-marble-limestone-facade-bespoke-fireplaces-marbre\/\"},{\"@type\":\"ListItem\",\"position\":3,\"name\":\"MARBRE BLANC ESTREMOZ TRANCHES\"}]},{\"@type\":\"WebSite\",\"@id\":\"https:\/\/pierreportugal.shop\/fr\/#website\",\"url\":\"https:\/\/pierreportugal.shop\/fr\/\",\"name\":\"Pierre Portugal | Stone Premium\",\"description\":\"Pierre Portugal Stone Premium\",\"publisher\":{\"@id\":\"https:\/\/pierreportugal.shop\/fr\/#organization\"},\"potentialAction\":[{\"@type\":\"SearchAction\",\"target\":{\"@type\":\"EntryPoint\",\"urlTemplate\":\"https:\/\/pierreportugal.shop\/fr\/?s={search_term_string}\"},\"query-input\":\"required name=search_term_string\"}],\"inLanguage\":\"fr-FR\"},{\"@type\":\"Organization\",\"@id\":\"https:\/\/pierreportugal.shop\/fr\/#organization\",\"name\":\"Pierre Portugal\",\"url\":\"https:\/\/pierreportugal.shop\/fr\/\",\"logo\":{\"@type\":\"ImageObject\",\"inLanguage\":\"fr-FR\",\"@id\":\"https:\/\/pierreportugal.shop\/fr\/#\/schema\/logo\/image\/\",\"url\":\"https:\/\/pierreportugal.shop\/wp-content\/uploads\/2022\/10\/novo-logo.png\",\"contentUrl\":\"https:\/\/pierreportugal.shop\/wp-content\/uploads\/2022\/10\/novo-logo.png\",\"width\":321,\"height\":113,\"caption\":\"Pierre Portugal\"},\"image\":{\"@id\":\"https:\/\/pierreportugal.shop\/fr\/#\/schema\/logo\/image\/\"},\"sameAs\":[\"https:\/\/www.linkedin.com\/in\/pierreportugal-shop-dalles-et-tranches-tiles-and-slabs-export-a74373150\/\",\"https:\/\/twitter.com\/pierre_dalle\"]}]}<\/script>\n<!-- \/ Yoast SEO plugin. -->","yoast_head_json":{"title":"MARBRE BLANC ESTREMOZ TRANCHES - Pierre Portugal Stone From Portugal","description":"MARBRE ESTREMOZ BLANC. FOURNISSEUR DE PIERRE NATURELLE POUR ESCALIER PLAN DE TRAVAIL REV\u00caTEMENTS CONTOUR DE PISCINE PLAQUETTE SOL SALLE DE BAIN BASE DE DOUCHE CHEMINEE, MARBRE POUR SOL, MARBRE POUR CHEMIN\u00c9E, MARBRE POUR PLAN DE TRAVAIL, MARBRE POUR PLAQUETTE, MARBRE POUR SALLE DE BAIN, MARBRE POUR RESTAURANT, MARBRE POUR D\u00c9CORATION DE MAGASINS, MARBRE POUR PLAN DE CUISINE, MARBRE POUR SOL DE CUISINE","robots":{"index":"index","follow":"follow","max-snippet":"max-snippet:-1","max-image-preview":"max-image-preview:large","max-video-preview":"max-video-preview:-1"},"canonical":"https:\/\/pierreportugal.shop\/fr\/produto\/marbre-blanc-estremoz-tranches\/","og_locale":"fr_FR","og_type":"article","og_title":"MARBRE BLANC ESTREMOZ TRANCHES - Pierre Portugal Stone From Portugal","og_description":"MARBRE ESTREMOZ BLANC. FOURNISSEUR DE PIERRE NATURELLE POUR ESCALIER PLAN DE TRAVAIL REV\u00caTEMENTS CONTOUR DE PISCINE PLAQUETTE SOL SALLE DE BAIN BASE DE DOUCHE CHEMINEE, MARBRE POUR SOL, MARBRE POUR CHEMIN\u00c9E, MARBRE POUR PLAN DE TRAVAIL, MARBRE POUR PLAQUETTE, MARBRE POUR SALLE DE BAIN, MARBRE POUR RESTAURANT, MARBRE POUR D\u00c9CORATION DE MAGASINS, MARBRE POUR PLAN DE CUISINE, MARBRE POUR SOL DE CUISINE","og_url":"https:\/\/pierreportugal.shop\/fr\/produto\/marbre-blanc-estremoz-tranches\/","og_site_name":"Pierre Portugal Stone From Portugal","article_modified_time":"2024-02-17T12:50:55+00:00","og_image":[{"width":843,"height":564,"url":"https:\/\/pierreportugal.shop\/wp-content\/uploads\/2023\/01\/MARBLE11-e1677094300922.jpg","type":"image\/jpeg"}],"twitter_card":"summary_large_image","twitter_site":"@pierre_dalle","schema":{"@context":"https:\/\/schema.org","@graph":[{"@type":"WebPage","@id":"https:\/\/pierreportugal.shop\/fr\/produto\/marbre-blanc-estremoz-tranches\/","url":"https:\/\/pierreportugal.shop\/fr\/produto\/marbre-blanc-estremoz-tranches\/","name":"MARBRE BLANC ESTREMOZ TRANCHES - Pierre Portugal Stone From Portugal","isPartOf":{"@id":"https:\/\/pierreportugal.shop\/fr\/#website"},"datePublished":"2023-01-12T14:55:14+00:00","dateModified":"2024-02-17T12:50:55+00:00","description":"MARBRE ESTREMOZ BLANC. FOURNISSEUR DE PIERRE NATURELLE POUR ESCALIER PLAN DE TRAVAIL REV\u00caTEMENTS CONTOUR DE PISCINE PLAQUETTE SOL SALLE DE BAIN BASE DE DOUCHE CHEMINEE, MARBRE POUR SOL, MARBRE POUR CHEMIN\u00c9E, MARBRE POUR PLAN DE TRAVAIL, MARBRE POUR PLAQUETTE, MARBRE POUR SALLE DE BAIN, MARBRE POUR RESTAURANT, MARBRE POUR D\u00c9CORATION DE MAGASINS, MARBRE POUR PLAN DE CUISINE, MARBRE POUR SOL DE CUISINE","breadcrumb":{"@id":"https:\/\/pierreportugal.shop\/fr\/produto\/marbre-blanc-estremoz-tranches\/#breadcrumb"},"inLanguage":"fr-FR","potentialAction":[{"@type":"ReadAction","target":["https:\/\/pierreportugal.shop\/fr\/produto\/marbre-blanc-estremoz-tranches\/"]}]},{"@type":"BreadcrumbList","@id":"https:\/\/pierreportugal.shop\/fr\/produto\/marbre-blanc-estremoz-tranches\/#breadcrumb","itemListElement":[{"@type":"ListItem","position":1,"name":"In\u00edcio","item":"https:\/\/pierreportugal.shop\/fr\/"},{"@type":"ListItem","position":2,"name":"Boutique","item":"https:\/\/pierreportugal.shop\/fr\/boutique-pierre-stone-stein-marble-limestone-facade-bespoke-fireplaces-marbre\/"},{"@type":"ListItem","position":3,"name":"MARBRE BLANC ESTREMOZ TRANCHES"}]},{"@type":"WebSite","@id":"https:\/\/pierreportugal.shop\/fr\/#website","url":"https:\/\/pierreportugal.shop\/fr\/","name":"Pierre Portugal | Stone Premium","description":"Pierre Portugal Stone Premium","publisher":{"@id":"https:\/\/pierreportugal.shop\/fr\/#organization"},"potentialAction":[{"@type":"SearchAction","target":{"@type":"EntryPoint","urlTemplate":"https:\/\/pierreportugal.shop\/fr\/?s={search_term_string}"},"query-input":"required name=search_term_string"}],"inLanguage":"fr-FR"},{"@type":"Organization","@id":"https:\/\/pierreportugal.shop\/fr\/#organization","name":"Pierre Portugal","url":"https:\/\/pierreportugal.shop\/fr\/","logo":{"@type":"ImageObject","inLanguage":"fr-FR","@id":"https:\/\/pierreportugal.shop\/fr\/#\/schema\/logo\/image\/","url":"https:\/\/pierreportugal.shop\/wp-content\/uploads\/2022\/10\/novo-logo.png","contentUrl":"https:\/\/pierreportugal.shop\/wp-content\/uploads\/2022\/10\/novo-logo.png","width":321,"height":113,"caption":"Pierre Portugal"},"image":{"@id":"https:\/\/pierreportugal.shop\/fr\/#\/schema\/logo\/image\/"},"sameAs":["https:\/\/www.linkedin.com\/in\/pierreportugal-shop-dalles-et-tranches-tiles-and-slabs-export-a74373150\/","https:\/\/twitter.com\/pierre_dalle"]}]}},"_links":{"self":[{"href":"https:\/\/pierreportugal.shop\/fr\/wp-json\/wp\/v2\/product\/9332","targetHints":{"allow":["GET"]}}],"collection":[{"href":"https:\/\/pierreportugal.shop\/fr\/wp-json\/wp\/v2\/product"}],"about":[{"href":"https:\/\/pierreportugal.shop\/fr\/wp-json\/wp\/v2\/types\/product"}],"replies":[{"embeddable":true,"href":"https:\/\/pierreportugal.shop\/fr\/wp-json\/wp\/v2\/comments?post=9332"}],"wp:featuredmedia":[{"embeddable":true,"href":"https:\/\/pierreportugal.shop\/fr\/wp-json\/wp\/v2\/media\/8801"}],"wp:attachment":[{"href":"https:\/\/pierreportugal.shop\/fr\/wp-json\/wp\/v2\/media?parent=9332"}],"wp:term":[{"taxonomy":"product_cat","embeddable":true,"href":"https:\/\/pierreportugal.shop\/fr\/wp-json\/wp\/v2\/product_cat?post=9332"},{"taxonomy":"product_tag","embeddable":true,"href":"https:\/\/pierreportugal.shop\/fr\/wp-json\/wp\/v2\/product_tag?post=9332"}],"curies":[{"name":"wp","href":"https:\/\/api.w.org\/{rel}","templated":true}]}}