{"id":10286,"date":"2024-02-17T17:17:31","date_gmt":"2024-02-17T17:17:31","guid":{"rendered":"https:\/\/pierreportugal.shop\/?post_type=product&#038;p=10286"},"modified":"2024-05-10T16:30:39","modified_gmt":"2024-05-10T16:30:39","slug":"pierre-moca-creme-medium-passe-40x40x2-cm-adouci-copia","status":"publish","type":"product","link":"https:\/\/pierreportugal.shop\/fr\/produto\/pierre-moca-creme-medium-passe-40x40x2-cm-adouci-copia\/","title":{"rendered":"PIERRE MOCA CREME MEDIUM PASSE 40X40X2 CM ADOUCI"},"content":{"rendered":"","protected":false},"excerpt":{"rendered":"<p>Un calcaire du Portugal pour vos fa\u00e7ades et sols avec un veinage tr\u00e9s naturel et une couleur chaude. PierrePortugal vous offre la meilleur qualit\u00e9 pour vos sols et murs en pierre naturelle.<\/p>\n","protected":false},"featured_media":9610,"comment_status":"open","ping_status":"closed","template":"","meta":[],"product_cat":[160],"product_tag":[473,477,183,475,184,941,472,185,476,940,474,939,187,242],"class_list":["post-10286","product","type-product","status-publish","has-post-thumbnail","hentry","product_cat-dalle-2cm","product_tag-caliza-moca","product_tag-moca-cream-fr-2","product_tag-moca-cream-fr","product_tag-moca-creme-fr-2","product_tag-moca-creme-fr","product_tag-moca-creme-m-m-c-fr","product_tag-moca-limestone-fr","product_tag-moca-stone-fr","product_tag-moca-stone-fr-2","product_tag-moka-cream-fr","product_tag-pierre-moca","product_tag-pierre-moca-creme-fr","product_tag-slabs-fr","product_tag-tiles-fr"],"yoast_head":"<!-- This site is optimized with the Yoast SEO plugin v19.14 - https:\/\/yoast.com\/wordpress\/plugins\/seo\/ -->\n<title>PIERRE MOCA CREME MEDIUM PASSE 40X40X2 CM ADOUCI - Pierre Portugal Stone From Portugal<\/title>\n<meta name=\"description\" content=\"fa\u00e7ade en pierre de moca creme , fa\u00e7ade en pierre moca fin ou saint hubbert , FOURNISSEUR DE PIERRE NATURELLE PIERREPORTUGAL STONE PREMIUM, PIERRE MOCA CREME POUR PLAQUETTE, PIERRE MOCA CREME POUR ESCALIER, PIERRE MOCA CREME POUR REV\u00caTEMENT DE SOL, PIERRE MOCA CREME POUR MARGELLE DE PISCINE, PIERRE MOCA CREME POUR COUVRE MURS\" \/>\n<meta name=\"robots\" content=\"index, follow, max-snippet:-1, max-image-preview:large, max-video-preview:-1\" \/>\n<link rel=\"canonical\" href=\"https:\/\/pierreportugal.shop\/fr\/produto\/pierre-moca-creme-medium-passe-40x40x2-cm-adouci-copia\/\" \/>\n<meta property=\"og:locale\" content=\"fr_FR\" \/>\n<meta property=\"og:type\" content=\"article\" \/>\n<meta property=\"og:title\" content=\"PIERREPORTUGAL.SHOP\" \/>\n<meta property=\"og:description\" content=\"PIERREPORTUGAL.SHOP\" \/>\n<meta property=\"og:url\" content=\"https:\/\/pierreportugal.shop\/fr\/produto\/pierre-moca-creme-medium-passe-40x40x2-cm-adouci-copia\/\" \/>\n<meta property=\"og:site_name\" content=\"Pierre Portugal Stone From Portugal\" \/>\n<meta property=\"article:modified_time\" content=\"2024-05-10T16:30:39+00:00\" \/>\n<meta property=\"og:image\" content=\"https:\/\/pierreportugal.shop\/wp-content\/uploads\/2023\/09\/moca-formatcontreecom-scaled.jpg\" \/>\n\t<meta property=\"og:image:width\" content=\"2560\" \/>\n\t<meta property=\"og:image:height\" content=\"2512\" \/>\n\t<meta property=\"og:image:type\" content=\"image\/jpeg\" \/>\n<meta name=\"twitter:card\" content=\"summary_large_image\" \/>\n<meta name=\"twitter:site\" content=\"@pierre_dalle\" \/>\n<script type=\"application\/ld+json\" class=\"yoast-schema-graph\">{\"@context\":\"https:\/\/schema.org\",\"@graph\":[{\"@type\":\"WebPage\",\"@id\":\"https:\/\/pierreportugal.shop\/fr\/produto\/pierre-moca-creme-medium-passe-40x40x2-cm-adouci-copia\/\",\"url\":\"https:\/\/pierreportugal.shop\/fr\/produto\/pierre-moca-creme-medium-passe-40x40x2-cm-adouci-copia\/\",\"name\":\"PIERRE MOCA CREME MEDIUM PASSE 40X40X2 CM ADOUCI - Pierre Portugal Stone From Portugal\",\"isPartOf\":{\"@id\":\"https:\/\/pierreportugal.shop\/fr\/#website\"},\"datePublished\":\"2024-02-17T17:17:31+00:00\",\"dateModified\":\"2024-05-10T16:30:39+00:00\",\"description\":\"fa\u00e7ade en pierre de moca creme , fa\u00e7ade en pierre moca fin ou saint hubbert , FOURNISSEUR DE PIERRE NATURELLE PIERREPORTUGAL STONE PREMIUM, PIERRE MOCA CREME POUR PLAQUETTE, PIERRE MOCA CREME POUR ESCALIER, PIERRE MOCA CREME POUR REV\u00caTEMENT DE SOL, PIERRE MOCA CREME POUR MARGELLE DE PISCINE, PIERRE MOCA CREME POUR COUVRE MURS\",\"breadcrumb\":{\"@id\":\"https:\/\/pierreportugal.shop\/fr\/produto\/pierre-moca-creme-medium-passe-40x40x2-cm-adouci-copia\/#breadcrumb\"},\"inLanguage\":\"fr-FR\",\"potentialAction\":[{\"@type\":\"ReadAction\",\"target\":[\"https:\/\/pierreportugal.shop\/fr\/produto\/pierre-moca-creme-medium-passe-40x40x2-cm-adouci-copia\/\"]}]},{\"@type\":\"BreadcrumbList\",\"@id\":\"https:\/\/pierreportugal.shop\/fr\/produto\/pierre-moca-creme-medium-passe-40x40x2-cm-adouci-copia\/#breadcrumb\",\"itemListElement\":[{\"@type\":\"ListItem\",\"position\":1,\"name\":\"In\u00edcio\",\"item\":\"https:\/\/pierreportugal.shop\/fr\/\"},{\"@type\":\"ListItem\",\"position\":2,\"name\":\"Boutique\",\"item\":\"https:\/\/pierreportugal.shop\/fr\/boutique-pierre-stone-stein-marble-limestone-facade-bespoke-fireplaces-marbre\/\"},{\"@type\":\"ListItem\",\"position\":3,\"name\":\"PIERRE MOCA CREME MEDIUM PASSE 40X40X2 CM ADOUCI\"}]},{\"@type\":\"WebSite\",\"@id\":\"https:\/\/pierreportugal.shop\/fr\/#website\",\"url\":\"https:\/\/pierreportugal.shop\/fr\/\",\"name\":\"Pierre Portugal | Stone Premium\",\"description\":\"Pierre Portugal Stone Premium\",\"publisher\":{\"@id\":\"https:\/\/pierreportugal.shop\/fr\/#organization\"},\"potentialAction\":[{\"@type\":\"SearchAction\",\"target\":{\"@type\":\"EntryPoint\",\"urlTemplate\":\"https:\/\/pierreportugal.shop\/fr\/?s={search_term_string}\"},\"query-input\":\"required name=search_term_string\"}],\"inLanguage\":\"fr-FR\"},{\"@type\":\"Organization\",\"@id\":\"https:\/\/pierreportugal.shop\/fr\/#organization\",\"name\":\"Pierre Portugal\",\"url\":\"https:\/\/pierreportugal.shop\/fr\/\",\"logo\":{\"@type\":\"ImageObject\",\"inLanguage\":\"fr-FR\",\"@id\":\"https:\/\/pierreportugal.shop\/fr\/#\/schema\/logo\/image\/\",\"url\":\"https:\/\/pierreportugal.shop\/wp-content\/uploads\/2022\/10\/novo-logo.png\",\"contentUrl\":\"https:\/\/pierreportugal.shop\/wp-content\/uploads\/2022\/10\/novo-logo.png\",\"width\":321,\"height\":113,\"caption\":\"Pierre Portugal\"},\"image\":{\"@id\":\"https:\/\/pierreportugal.shop\/fr\/#\/schema\/logo\/image\/\"},\"sameAs\":[\"https:\/\/www.linkedin.com\/in\/pierreportugal-shop-dalles-et-tranches-tiles-and-slabs-export-a74373150\/\",\"https:\/\/twitter.com\/pierre_dalle\"]}]}<\/script>\n<!-- \/ Yoast SEO plugin. -->","yoast_head_json":{"title":"PIERRE MOCA CREME MEDIUM PASSE 40X40X2 CM ADOUCI - Pierre Portugal Stone From Portugal","description":"fa\u00e7ade en pierre de moca creme , fa\u00e7ade en pierre moca fin ou saint hubbert , FOURNISSEUR DE PIERRE NATURELLE PIERREPORTUGAL STONE PREMIUM, PIERRE MOCA CREME POUR PLAQUETTE, PIERRE MOCA CREME POUR ESCALIER, PIERRE MOCA CREME POUR REV\u00caTEMENT DE SOL, PIERRE MOCA CREME POUR MARGELLE DE PISCINE, PIERRE MOCA CREME POUR COUVRE MURS","robots":{"index":"index","follow":"follow","max-snippet":"max-snippet:-1","max-image-preview":"max-image-preview:large","max-video-preview":"max-video-preview:-1"},"canonical":"https:\/\/pierreportugal.shop\/fr\/produto\/pierre-moca-creme-medium-passe-40x40x2-cm-adouci-copia\/","og_locale":"fr_FR","og_type":"article","og_title":"PIERREPORTUGAL.SHOP","og_description":"PIERREPORTUGAL.SHOP","og_url":"https:\/\/pierreportugal.shop\/fr\/produto\/pierre-moca-creme-medium-passe-40x40x2-cm-adouci-copia\/","og_site_name":"Pierre Portugal Stone From Portugal","article_modified_time":"2024-05-10T16:30:39+00:00","og_image":[{"width":2560,"height":2512,"url":"https:\/\/pierreportugal.shop\/wp-content\/uploads\/2023\/09\/moca-formatcontreecom-scaled.jpg","type":"image\/jpeg"}],"twitter_card":"summary_large_image","twitter_site":"@pierre_dalle","schema":{"@context":"https:\/\/schema.org","@graph":[{"@type":"WebPage","@id":"https:\/\/pierreportugal.shop\/fr\/produto\/pierre-moca-creme-medium-passe-40x40x2-cm-adouci-copia\/","url":"https:\/\/pierreportugal.shop\/fr\/produto\/pierre-moca-creme-medium-passe-40x40x2-cm-adouci-copia\/","name":"PIERRE MOCA CREME MEDIUM PASSE 40X40X2 CM ADOUCI - Pierre Portugal Stone From Portugal","isPartOf":{"@id":"https:\/\/pierreportugal.shop\/fr\/#website"},"datePublished":"2024-02-17T17:17:31+00:00","dateModified":"2024-05-10T16:30:39+00:00","description":"fa\u00e7ade en pierre de moca creme , fa\u00e7ade en pierre moca fin ou saint hubbert , FOURNISSEUR DE PIERRE NATURELLE PIERREPORTUGAL STONE PREMIUM, PIERRE MOCA CREME POUR PLAQUETTE, PIERRE MOCA CREME POUR ESCALIER, PIERRE MOCA CREME POUR REV\u00caTEMENT DE SOL, PIERRE MOCA CREME POUR MARGELLE DE PISCINE, PIERRE MOCA CREME POUR COUVRE MURS","breadcrumb":{"@id":"https:\/\/pierreportugal.shop\/fr\/produto\/pierre-moca-creme-medium-passe-40x40x2-cm-adouci-copia\/#breadcrumb"},"inLanguage":"fr-FR","potentialAction":[{"@type":"ReadAction","target":["https:\/\/pierreportugal.shop\/fr\/produto\/pierre-moca-creme-medium-passe-40x40x2-cm-adouci-copia\/"]}]},{"@type":"BreadcrumbList","@id":"https:\/\/pierreportugal.shop\/fr\/produto\/pierre-moca-creme-medium-passe-40x40x2-cm-adouci-copia\/#breadcrumb","itemListElement":[{"@type":"ListItem","position":1,"name":"In\u00edcio","item":"https:\/\/pierreportugal.shop\/fr\/"},{"@type":"ListItem","position":2,"name":"Boutique","item":"https:\/\/pierreportugal.shop\/fr\/boutique-pierre-stone-stein-marble-limestone-facade-bespoke-fireplaces-marbre\/"},{"@type":"ListItem","position":3,"name":"PIERRE MOCA CREME MEDIUM PASSE 40X40X2 CM ADOUCI"}]},{"@type":"WebSite","@id":"https:\/\/pierreportugal.shop\/fr\/#website","url":"https:\/\/pierreportugal.shop\/fr\/","name":"Pierre Portugal | Stone Premium","description":"Pierre Portugal Stone Premium","publisher":{"@id":"https:\/\/pierreportugal.shop\/fr\/#organization"},"potentialAction":[{"@type":"SearchAction","target":{"@type":"EntryPoint","urlTemplate":"https:\/\/pierreportugal.shop\/fr\/?s={search_term_string}"},"query-input":"required name=search_term_string"}],"inLanguage":"fr-FR"},{"@type":"Organization","@id":"https:\/\/pierreportugal.shop\/fr\/#organization","name":"Pierre Portugal","url":"https:\/\/pierreportugal.shop\/fr\/","logo":{"@type":"ImageObject","inLanguage":"fr-FR","@id":"https:\/\/pierreportugal.shop\/fr\/#\/schema\/logo\/image\/","url":"https:\/\/pierreportugal.shop\/wp-content\/uploads\/2022\/10\/novo-logo.png","contentUrl":"https:\/\/pierreportugal.shop\/wp-content\/uploads\/2022\/10\/novo-logo.png","width":321,"height":113,"caption":"Pierre Portugal"},"image":{"@id":"https:\/\/pierreportugal.shop\/fr\/#\/schema\/logo\/image\/"},"sameAs":["https:\/\/www.linkedin.com\/in\/pierreportugal-shop-dalles-et-tranches-tiles-and-slabs-export-a74373150\/","https:\/\/twitter.com\/pierre_dalle"]}]}},"_links":{"self":[{"href":"https:\/\/pierreportugal.shop\/fr\/wp-json\/wp\/v2\/product\/10286","targetHints":{"allow":["GET"]}}],"collection":[{"href":"https:\/\/pierreportugal.shop\/fr\/wp-json\/wp\/v2\/product"}],"about":[{"href":"https:\/\/pierreportugal.shop\/fr\/wp-json\/wp\/v2\/types\/product"}],"replies":[{"embeddable":true,"href":"https:\/\/pierreportugal.shop\/fr\/wp-json\/wp\/v2\/comments?post=10286"}],"wp:featuredmedia":[{"embeddable":true,"href":"https:\/\/pierreportugal.shop\/fr\/wp-json\/wp\/v2\/media\/9610"}],"wp:attachment":[{"href":"https:\/\/pierreportugal.shop\/fr\/wp-json\/wp\/v2\/media?parent=10286"}],"wp:term":[{"taxonomy":"product_cat","embeddable":true,"href":"https:\/\/pierreportugal.shop\/fr\/wp-json\/wp\/v2\/product_cat?post=10286"},{"taxonomy":"product_tag","embeddable":true,"href":"https:\/\/pierreportugal.shop\/fr\/wp-json\/wp\/v2\/product_tag?post=10286"}],"curies":[{"name":"wp","href":"https:\/\/api.w.org\/{rel}","templated":true}]}}