{"id":8981,"date":"2022-08-04T15:57:46","date_gmt":"2022-08-04T15:57:46","guid":{"rendered":"https:\/\/pierreportugal.shop\/privacy-policy\/"},"modified":"2023-01-31T11:08:09","modified_gmt":"2023-01-31T11:08:09","slug":"politique-de-confidentialite","status":"publish","type":"page","link":"https:\/\/pierreportugal.shop\/fr\/politique-de-confidentialite\/","title":{"rendered":"Politique de Confidentialit\u00e9"},"content":{"rendered":"\r\n<h2 class=\"wp-block-heading\">Politique de Confidentialit\u00e9<\/h2>\r\n<p>Votre vie priv\u00e9e est importante pour nous. La politique de s&rsquo;engage \u00e0 respecter votre vie priv\u00e9e concernant toute information que nous pouvons recueillir aupr\u00e8s de vous sur notre site Web et sur d&rsquo;autres sites que nous poss\u00e9dons et exploitons.<\/p>\r\n<p>Nous ne demandons des informations personnelles que lorsque nous en avons vraiment besoin pour vous fournir un service. Nous les collectons par des moyens loyales et licites, avec votre connaissance et votre consentement. Nous vous expliquons \u00e9galement pourquoi nous le collectons et comment il sera utilis\u00e9.<\/p>\r\n<p>Nous ne conservons les informations collect\u00e9es que le temps n\u00e9cessaire pour vous fournir le service demand\u00e9. Nous prot\u00e9gerons les donn\u00e9es que nous stockons par des moyens commercialement acceptables pour pr\u00e9venir la perte et le vol, ainsi que l&rsquo;acc\u00e8s, la divulgation, la copie, l&rsquo;utilisation ou la modification non autoris\u00e9s.<\/p>\r\n<p>Nous ne partageons aucune information d&rsquo;identification personnelle publiquement ou avec des tiers, sauf lorsque la loi l&rsquo;exige.<\/p>\r\n<p>Notre site Web peut contenir des liens vers des sites externes qui ne sont pas exploit\u00e9s par nous. Veuillez noter que nous n&rsquo;avons aucun contr\u00f4le sur le contenu et les pratiques de ces sites et que nous ne pouvons accepter aucune responsabilit\u00e9 pour leurs politiques de confidentialit\u00e9 respectives.<\/p>\r\n<p>Vous \u00eates libre de refuser notre demande d&rsquo;informations personnelles, \u00e9tant entendu que nous ne pourrons peut-\u00eatre pas vous fournir certains des services que vous souhaitez.<\/p>\r\n<p>Votre utilisation continue de notre site Web sera consid\u00e9r\u00e9e comme une acceptation de nos pratiques en mati\u00e8re de confidentialit\u00e9 et d&rsquo;informations personnelles. Si vous avez des questions sur la mani\u00e8re dont nous traitons les donn\u00e9es des utilisateurs et les informations personnelles, n&rsquo;h\u00e9sitez pas \u00e0 nous contacter.<\/p>\r\n<p>&nbsp;<\/p>\r\n<h2>Politique relative aux cookies pour<\/h2>\r\n<p>Il s&rsquo;agit de la politique relative aux cookies pour , accessible depuis l&rsquo;URL .<\/p>\r\n<h3>Que sont les cookies<\/h3>\r\n<p>Comme c&rsquo;est la pratique courante avec presque tous les sites Web professionnels, ce site utilise des cookies, qui sont de petits fichiers t\u00e9l\u00e9charg\u00e9s sur votre ordinateur, pour am\u00e9liorer votre exp\u00e9rience. Cette page d\u00e9crit les informations qu&rsquo;ils recueillent, comment nous les utilisons et pourquoi nous avons parfois besoin de stocker ces cookies. Nous partageons \u00e9galement comment vous pouvez emp\u00eacher le stockage de ces cookies, mais cela peut d\u00e9grader ou \u00ab\u00a0casser\u00a0\u00bb certains \u00e9l\u00e9ments de la fonctionnalit\u00e9 des sites.<\/p>\r\n<h3>Comment nous utilisons les cookies<\/h3>\r\n<p>Nous utilisons des cookies pour diverses raisons d\u00e9taill\u00e9es ci-dessous. Malheureusement, dans la plupart des cas, il n&rsquo;existe pas d&rsquo;options standard de l&rsquo;industrie pour d\u00e9sactiver les cookies sans d\u00e9sactiver compl\u00e8tement les fonctionnalit\u00e9s et fonctionnalit\u00e9s qu&rsquo;ils ajoutent \u00e0 ce site. Il est recommand\u00e9 de laisser tous les cookies si vous n&rsquo;\u00eates pas s\u00fbr d&rsquo;en avoir besoin ou non au cas o\u00f9 ils seraient utilis\u00e9s pour fournir un service que vous utilisez.<\/p>\r\n<h3>D\u00e9sactivation des cookies<\/h3>\r\n<p>Vous pouvez emp\u00eacher l&rsquo;installation de cookies en ajustant les param\u00e8tres de votre navigateur (voir l&rsquo;aide de votre navigateur pour savoir comment proc\u00e9der). Sachez que la d\u00e9sactivation des cookies affectera la fonctionnalit\u00e9 de ce site et de nombreux autres sites Web que vous visitez. La d\u00e9sactivation des cookies entra\u00eenera g\u00e9n\u00e9ralement la d\u00e9sactivation de certaines fonctionnalit\u00e9s et caract\u00e9ristiques de ce site. Il est donc recommand\u00e9 de ne pas d\u00e9sactiver les cookies.<\/p>\r\n<h3>Les cookies que nous installons<\/h3>\r\n<ul>\r\n<li>Cookies li\u00e9s au compte<\/li>\r\n<li>Si vous cr\u00e9ez un compte chez nous, nous utiliserons des cookies pour la gestion du processus d&rsquo;inscription et l&rsquo;administration g\u00e9n\u00e9rale. Ces cookies seront g\u00e9n\u00e9ralement supprim\u00e9s lorsque vous vous d\u00e9connectez, mais dans certains cas, ils peuvent rester par la suite pour m\u00e9moriser vos pr\u00e9f\u00e9rences de site lorsque vous vous d\u00e9connectez.<\/li>\r\n<li>Cookies li\u00e9s \u00e0 la connexion<\/li>\r\n<li>Nous utilisons des cookies lorsque vous \u00eates connect\u00e9 afin que nous puissions nous souvenir de ce fait. Cela vous \u00e9vite d&rsquo;avoir \u00e0 vous connecter \u00e0 chaque fois que vous visitez une nouvelle page. Ces cookies sont g\u00e9n\u00e9ralement supprim\u00e9s ou effac\u00e9s lorsque vous vous d\u00e9connectez pour vous assurer que vous ne pouvez acc\u00e9der qu&rsquo;aux fonctionnalit\u00e9s et zones restreintes lorsque vous \u00eates connect\u00e9.<\/li>\r\n<li>Cookies li\u00e9s aux newsletters par e-mail<\/li>\r\n<li>Ce site propose des services d&rsquo;abonnement \u00e0 des newsletters ou \u00e0 des e-mails et des cookies peuvent \u00eatre utilis\u00e9s pour se souvenir si vous \u00eates d\u00e9j\u00e0 inscrit et s&rsquo;il faut afficher certaines notifications qui pourraient n&rsquo;\u00eatre valables que pour les utilisateurs abonn\u00e9s\/d\u00e9sabonn\u00e9s.<\/li>\r\n<li>Commandes traitant les cookies associ\u00e9s<\/li>\r\n<li>Ce site propose des facilit\u00e9s de commerce \u00e9lectronique ou de paiement et certains cookies sont indispensables pour assurer la m\u00e9morisation de votre commande entre les pages afin que nous puissions la traiter correctement.<\/li>\r\n<li>Cookies li\u00e9s aux sondages<\/li>\r\n<li>De temps en temps, nous proposons des enqu\u00eates et des questionnaires aux utilisateurs pour vous fournir des informations int\u00e9ressantes, des outils utiles ou pour comprendre plus pr\u00e9cis\u00e9ment notre base d&rsquo;utilisateurs. Ces enqu\u00eates peuvent utiliser des cookies pour se rappeler qui a d\u00e9j\u00e0 particip\u00e9 \u00e0 une enqu\u00eate ou pour vous fournir des r\u00e9sultats pr\u00e9cis apr\u00e8s avoir chang\u00e9 de page.<\/li>\r\n<li>Cookies li\u00e9s aux formulaires<\/li>\r\n<li>Lorsque vous soumettez des donn\u00e9es via un formulaire tel que ceux trouv\u00e9s sur les pages de contact ou les formulaires de commentaires, des cookies peuvent \u00eatre configur\u00e9s pour m\u00e9moriser vos informations d&rsquo;utilisateur pour une correspondance future.<\/li>\r\n<li>Cookies de pr\u00e9f\u00e9rences du site<\/li>\r\n<li>Afin de vous offrir une excellente exp\u00e9rience sur ce site, nous fournissons la fonctionnalit\u00e9 permettant de d\u00e9finir vos pr\u00e9f\u00e9rences quant au fonctionnement de ce site lorsque vous l&rsquo;utilisez.<\/li>\r\n<li>Afin de m\u00e9moriser vos pr\u00e9f\u00e9rences, nous devons d\u00e9finir des cookies afin que ces informations puissent \u00eatre appel\u00e9es chaque fois que vous interagissez avec une page affect\u00e9e par vos pr\u00e9f\u00e9rences.<\/li>\r\n<\/ul>\r\n<h3>Niveaux de cookies<\/h3>\r\n<p>Dans certains cas particuliers, nous utilisons \u00e9galement des cookies fournis par des tiers de confiance. La section suivante d\u00e9taille les cookies tiers que vous pourriez rencontrer via ce site.<\/p>\r\n<ul>\r\n<li>Ce site utilise Google Analytics qui est l&rsquo;une des solutions d&rsquo;analyse les plus r\u00e9pandues et les plus fiables sur le Web pour nous aider \u00e0 comprendre comment vous utilisez le site et comment nous pouvons am\u00e9liorer votre exp\u00e9rience. Ces cookies peuvent suivre des \u00e9l\u00e9ments tels que le temps que vous passez sur le site et les pages que vous visitez afin que nous puissions continuer \u00e0 produire un contenu attrayant. Pour plus d&rsquo;informations sur les cookies de Google Analytics, consultez la page officielle de Google Analytics.<\/li>\r\n<li>Des analyses tierces sont utilis\u00e9es pour suivre et mesurer l&rsquo;utilisation de ce site afin que nous puissions continuer \u00e0 produire du contenu attrayant. Ces cookies peuvent suivre des \u00e9l\u00e9ments tels que le temps que vous passez sur le site ou les pages que vous visitez, ce qui nous aide \u00e0 comprendre comment nous pouvons am\u00e9liorer le site pour vous.<\/li>\r\n<li>De temps en temps, nous testons de nouvelles fonctionnalit\u00e9s et apportons des modifications subtiles \u00e0 la mani\u00e8re dont le site est livr\u00e9. Lorsque nous testons encore de nouvelles fonctionnalit\u00e9s, ces cookies peuvent \u00eatre utilis\u00e9s pour garantir que vous recevez une exp\u00e9rience coh\u00e9rente sur le site tout en garantissant que nous comprenons quelles optimisations nos utilisateurs appr\u00e9cient le plus.<\/li>\r\n<li>Lorsque nous vendons des produits, il est important pour nous de comprendre les statistiques sur le nombre de visiteurs de notre site qui effectuent r\u00e9ellement un achat et, \u00e0 ce titre, c&rsquo;est le type de donn\u00e9es que ces cookies suivront. Ceci est important pour vous car cela signifie que nous pouvons faire des pr\u00e9visions commerciales pr\u00e9cises qui nous permettent de surveiller nos co\u00fbts de publicit\u00e9 et de produit afin de garantir le meilleur prix possible.<\/li>\r\n<li>Nous utilisons \u00e9galement des boutons et\/ou des plugins de r\u00e9seaux sociaux sur ce site qui vous permettent de vous connecter \u00e0 votre r\u00e9seau social de diff\u00e9rentes mani\u00e8res. Pour que ceux-ci fonctionnent, les sites de m\u00e9dias sociaux suivants, y compris Facebook, Twitter, LinkedIn et Instagram, installeront des cookies via notre site qui peuvent \u00eatre utilis\u00e9s pour am\u00e9liorer votre profil sur leur site ou contribuer aux donn\u00e9es qu&rsquo;ils d\u00e9tiennent \u00e0 diverses fins d\u00e9crites dans leurs Les politiques de confidentialit\u00e9.<\/li>\r\n<\/ul>\r\n<h3>\u00a0<\/h3>\r\n<h3>Responsabilit\u00e9s de l&rsquo;utilisateur<\/h3>\r\n<p>L&rsquo;utilisateur s&rsquo;engage \u00e0 faire un usage appropri\u00e9 des contenus et informations propos\u00e9s sur le site avec un comportement \u00e9nonciatif, mais non imitatif :<\/p>\r\n<p>A) Ne pas se livrer \u00e0 des activit\u00e9s ill\u00e9gales ou contraires \u00e0 la bonne foi et \u00e0 l&rsquo;ordre public\u00a0;<br \/>B) Ne pas diffuser de propagande ou de contenu \u00e0 caract\u00e8re raciste, x\u00e9nophobe ou de jeu, tout type de pornographie ill\u00e9gale, d&rsquo;all\u00e9gations terroristes ou contre les droits de l&rsquo;homme\u00a0;<br \/>C) Ne pas endommager les syst\u00e8mes physiques (mat\u00e9riel) et inaccessibles (logiciels) de , ses fournisseurs ou des tiers, introduire ou diffuser des virus informatiques ou tout autre syst\u00e8me mat\u00e9riel ou logiciel susceptible de causer les dommages mentionn\u00e9s pr\u00e9c\u00e9demment.<\/p>\r\n<h3>Plus d&rsquo;information<\/h3>\r\n<p>J&rsquo;esp\u00e8re que cela a clarifi\u00e9 les choses pour vous et, comme mentionn\u00e9 pr\u00e9c\u00e9demment, s&rsquo;il y a quelque chose dont vous n&rsquo;\u00eates pas s\u00fbr d&rsquo;avoir besoin ou non, il est g\u00e9n\u00e9ralement plus s\u00fbr de laisser les cookies activ\u00e9s au cas o\u00f9 ils interagissent avec l&rsquo;une des fonctionnalit\u00e9s que vous utilisez sur notre site.<\/p>\r\n<p>Cette politique est effective \u00e0 compter du 26 ao\u00fbt 2022.<\/p>\r\n","protected":false},"excerpt":{"rendered":"<p>Politique de Confidentialit\u00e9 Votre vie priv\u00e9e est importante pour nous. La politique de s&rsquo;engage \u00e0 respecter votre vie priv\u00e9e concernant<\/p>\n","protected":false},"author":1,"featured_media":0,"parent":0,"menu_order":0,"comment_status":"closed","ping_status":"open","template":"","meta":{"footnotes":""},"class_list":["post-8981","page","type-page","status-publish","hentry"],"yoast_head":"<!-- This site is optimized with the Yoast SEO plugin v19.14 - https:\/\/yoast.com\/wordpress\/plugins\/seo\/ -->\n<title>Politique de Confidentialit\u00e9 - Pierre Portugal Stone From Portugal<\/title>\n<meta name=\"robots\" content=\"index, follow, max-snippet:-1, max-image-preview:large, max-video-preview:-1\" \/>\n<link rel=\"canonical\" href=\"https:\/\/pierreportugal.shop\/fr\/politique-de-confidentialite\/\" \/>\n<meta property=\"og:locale\" content=\"fr_FR\" \/>\n<meta property=\"og:type\" content=\"article\" \/>\n<meta property=\"og:title\" content=\"Politique de Confidentialit\u00e9 - Pierre Portugal Stone From Portugal\" \/>\n<meta property=\"og:description\" content=\"Politique de Confidentialit\u00e9 Votre vie priv\u00e9e est importante pour nous. La politique de s&rsquo;engage \u00e0 respecter votre vie priv\u00e9e concernant\" \/>\n<meta property=\"og:url\" content=\"https:\/\/pierreportugal.shop\/fr\/politique-de-confidentialite\/\" \/>\n<meta property=\"og:site_name\" content=\"Pierre Portugal Stone From Portugal\" \/>\n<meta property=\"article:modified_time\" content=\"2023-01-31T11:08:09+00:00\" \/>\n<meta name=\"twitter:card\" content=\"summary_large_image\" \/>\n<meta name=\"twitter:site\" content=\"@pierre_dalle\" \/>\n<meta name=\"twitter:label1\" content=\"Dur\u00e9e de lecture estim\u00e9e\" \/>\n\t<meta name=\"twitter:data1\" content=\"9 minutes\" \/>\n<script type=\"application\/ld+json\" class=\"yoast-schema-graph\">{\"@context\":\"https:\/\/schema.org\",\"@graph\":[{\"@type\":\"WebPage\",\"@id\":\"https:\/\/pierreportugal.shop\/fr\/politique-de-confidentialite\/\",\"url\":\"https:\/\/pierreportugal.shop\/fr\/politique-de-confidentialite\/\",\"name\":\"Politique de Confidentialit\u00e9 - Pierre Portugal Stone From Portugal\",\"isPartOf\":{\"@id\":\"https:\/\/pierreportugal.shop\/fr\/#website\"},\"datePublished\":\"2022-08-04T15:57:46+00:00\",\"dateModified\":\"2023-01-31T11:08:09+00:00\",\"breadcrumb\":{\"@id\":\"https:\/\/pierreportugal.shop\/fr\/politique-de-confidentialite\/#breadcrumb\"},\"inLanguage\":\"fr-FR\",\"potentialAction\":[{\"@type\":\"ReadAction\",\"target\":[\"https:\/\/pierreportugal.shop\/fr\/politique-de-confidentialite\/\"]}]},{\"@type\":\"BreadcrumbList\",\"@id\":\"https:\/\/pierreportugal.shop\/fr\/politique-de-confidentialite\/#breadcrumb\",\"itemListElement\":[{\"@type\":\"ListItem\",\"position\":1,\"name\":\"In\u00edcio\",\"item\":\"https:\/\/pierreportugal.shop\/fr\/\"},{\"@type\":\"ListItem\",\"position\":2,\"name\":\"Politique de Confidentialit\u00e9\"}]},{\"@type\":\"WebSite\",\"@id\":\"https:\/\/pierreportugal.shop\/fr\/#website\",\"url\":\"https:\/\/pierreportugal.shop\/fr\/\",\"name\":\"Pierre Portugal | Stone Premium\",\"description\":\"Pierre Portugal Stone Premium\",\"publisher\":{\"@id\":\"https:\/\/pierreportugal.shop\/fr\/#organization\"},\"potentialAction\":[{\"@type\":\"SearchAction\",\"target\":{\"@type\":\"EntryPoint\",\"urlTemplate\":\"https:\/\/pierreportugal.shop\/fr\/?s={search_term_string}\"},\"query-input\":\"required name=search_term_string\"}],\"inLanguage\":\"fr-FR\"},{\"@type\":\"Organization\",\"@id\":\"https:\/\/pierreportugal.shop\/fr\/#organization\",\"name\":\"Pierre Portugal\",\"url\":\"https:\/\/pierreportugal.shop\/fr\/\",\"logo\":{\"@type\":\"ImageObject\",\"inLanguage\":\"fr-FR\",\"@id\":\"https:\/\/pierreportugal.shop\/fr\/#\/schema\/logo\/image\/\",\"url\":\"https:\/\/pierreportugal.shop\/wp-content\/uploads\/2022\/10\/novo-logo.png\",\"contentUrl\":\"https:\/\/pierreportugal.shop\/wp-content\/uploads\/2022\/10\/novo-logo.png\",\"width\":321,\"height\":113,\"caption\":\"Pierre Portugal\"},\"image\":{\"@id\":\"https:\/\/pierreportugal.shop\/fr\/#\/schema\/logo\/image\/\"},\"sameAs\":[\"https:\/\/www.linkedin.com\/in\/pierreportugal-shop-dalles-et-tranches-tiles-and-slabs-export-a74373150\/\",\"https:\/\/twitter.com\/pierre_dalle\"]}]}<\/script>\n<!-- \/ Yoast SEO plugin. -->","yoast_head_json":{"title":"Politique de Confidentialit\u00e9 - Pierre Portugal Stone From Portugal","robots":{"index":"index","follow":"follow","max-snippet":"max-snippet:-1","max-image-preview":"max-image-preview:large","max-video-preview":"max-video-preview:-1"},"canonical":"https:\/\/pierreportugal.shop\/fr\/politique-de-confidentialite\/","og_locale":"fr_FR","og_type":"article","og_title":"Politique de Confidentialit\u00e9 - Pierre Portugal Stone From Portugal","og_description":"Politique de Confidentialit\u00e9 Votre vie priv\u00e9e est importante pour nous. La politique de s&rsquo;engage \u00e0 respecter votre vie priv\u00e9e concernant","og_url":"https:\/\/pierreportugal.shop\/fr\/politique-de-confidentialite\/","og_site_name":"Pierre Portugal Stone From Portugal","article_modified_time":"2023-01-31T11:08:09+00:00","twitter_card":"summary_large_image","twitter_site":"@pierre_dalle","twitter_misc":{"Dur\u00e9e de lecture estim\u00e9e":"9 minutes"},"schema":{"@context":"https:\/\/schema.org","@graph":[{"@type":"WebPage","@id":"https:\/\/pierreportugal.shop\/fr\/politique-de-confidentialite\/","url":"https:\/\/pierreportugal.shop\/fr\/politique-de-confidentialite\/","name":"Politique de Confidentialit\u00e9 - Pierre Portugal Stone From Portugal","isPartOf":{"@id":"https:\/\/pierreportugal.shop\/fr\/#website"},"datePublished":"2022-08-04T15:57:46+00:00","dateModified":"2023-01-31T11:08:09+00:00","breadcrumb":{"@id":"https:\/\/pierreportugal.shop\/fr\/politique-de-confidentialite\/#breadcrumb"},"inLanguage":"fr-FR","potentialAction":[{"@type":"ReadAction","target":["https:\/\/pierreportugal.shop\/fr\/politique-de-confidentialite\/"]}]},{"@type":"BreadcrumbList","@id":"https:\/\/pierreportugal.shop\/fr\/politique-de-confidentialite\/#breadcrumb","itemListElement":[{"@type":"ListItem","position":1,"name":"In\u00edcio","item":"https:\/\/pierreportugal.shop\/fr\/"},{"@type":"ListItem","position":2,"name":"Politique de Confidentialit\u00e9"}]},{"@type":"WebSite","@id":"https:\/\/pierreportugal.shop\/fr\/#website","url":"https:\/\/pierreportugal.shop\/fr\/","name":"Pierre Portugal | Stone Premium","description":"Pierre Portugal Stone Premium","publisher":{"@id":"https:\/\/pierreportugal.shop\/fr\/#organization"},"potentialAction":[{"@type":"SearchAction","target":{"@type":"EntryPoint","urlTemplate":"https:\/\/pierreportugal.shop\/fr\/?s={search_term_string}"},"query-input":"required name=search_term_string"}],"inLanguage":"fr-FR"},{"@type":"Organization","@id":"https:\/\/pierreportugal.shop\/fr\/#organization","name":"Pierre Portugal","url":"https:\/\/pierreportugal.shop\/fr\/","logo":{"@type":"ImageObject","inLanguage":"fr-FR","@id":"https:\/\/pierreportugal.shop\/fr\/#\/schema\/logo\/image\/","url":"https:\/\/pierreportugal.shop\/wp-content\/uploads\/2022\/10\/novo-logo.png","contentUrl":"https:\/\/pierreportugal.shop\/wp-content\/uploads\/2022\/10\/novo-logo.png","width":321,"height":113,"caption":"Pierre Portugal"},"image":{"@id":"https:\/\/pierreportugal.shop\/fr\/#\/schema\/logo\/image\/"},"sameAs":["https:\/\/www.linkedin.com\/in\/pierreportugal-shop-dalles-et-tranches-tiles-and-slabs-export-a74373150\/","https:\/\/twitter.com\/pierre_dalle"]}]}},"_links":{"self":[{"href":"https:\/\/pierreportugal.shop\/fr\/wp-json\/wp\/v2\/pages\/8981","targetHints":{"allow":["GET"]}}],"collection":[{"href":"https:\/\/pierreportugal.shop\/fr\/wp-json\/wp\/v2\/pages"}],"about":[{"href":"https:\/\/pierreportugal.shop\/fr\/wp-json\/wp\/v2\/types\/page"}],"author":[{"embeddable":true,"href":"https:\/\/pierreportugal.shop\/fr\/wp-json\/wp\/v2\/users\/1"}],"replies":[{"embeddable":true,"href":"https:\/\/pierreportugal.shop\/fr\/wp-json\/wp\/v2\/comments?post=8981"}],"version-history":[{"count":2,"href":"https:\/\/pierreportugal.shop\/fr\/wp-json\/wp\/v2\/pages\/8981\/revisions"}],"predecessor-version":[{"id":8988,"href":"https:\/\/pierreportugal.shop\/fr\/wp-json\/wp\/v2\/pages\/8981\/revisions\/8988"}],"wp:attachment":[{"href":"https:\/\/pierreportugal.shop\/fr\/wp-json\/wp\/v2\/media?parent=8981"}],"curies":[{"name":"wp","href":"https:\/\/api.w.org\/{rel}","templated":true}]}}