{"id":8954,"date":"2022-12-20T14:04:49","date_gmt":"2022-12-20T14:04:49","guid":{"rendered":"https:\/\/pierreportugal.shop\/brands\/neolith-large-format-tile\/"},"modified":"2024-05-10T14:30:50","modified_gmt":"2024-05-10T14:30:50","slug":"dalle-grand-format-neolith","status":"publish","type":"page","link":"https:\/\/pierreportugal.shop\/fr\/marques\/dalle-grand-format-neolith\/","title":{"rendered":"Dalle grand format Neolith"},"content":{"rendered":"[vc_row][vc_column][vc_column_text woodmart_inline=\u00a0\u00bbno\u00a0\u00bb text_larger=\u00a0\u00bbno\u00a0\u00bb]\r\n<h3><strong>PIERREPORTUGAL PREMIUM PIERRE<\/strong><\/h3>\r\nNEOLITH Sintered Stone est un mat\u00e9riau avant-gardiste qui red\u00e9finit l&rsquo;avenir du design d&rsquo;int\u00e9rieur. Avec une vaste gamme de couleurs et de finitions, NEOLITH est un produit design qui a cr\u00e9\u00e9 des possibilit\u00e9s int\u00e9ressantes pour les applications de d\u00e9coration int\u00e9rieure et les projets de rev\u00eatement ext\u00e9rieur.\r\n\r\nLes carreaux grand format NEOLITH \u00e9liminent les lignes de coulis, ce qui en fait une option plus hygi\u00e9nique que les carreaux traditionnels. Les carreaux sont r\u00e9sistants aux rayures, aux taches et \u00e0 la chaleur. Les carreaux sont \u00e9galement stables aux UV, ce qui les rend adapt\u00e9s aux applications ext\u00e9rieures.\r\n\r\nNEOLITH est 100% \u00e9coresponsable, utilisant des mat\u00e9riaux naturels et des technologies respectueuses de l&rsquo;environnement. Notre pierre fritt\u00e9e est fabriqu\u00e9e de mani\u00e8re durable et responsable, conform\u00e9ment \u00e0 toutes les normes europ\u00e9ennes de s\u00e9curit\u00e9 environnementale.\r\n\r\nLa technologie et la pr\u00e9cision utilis\u00e9es pour fabriquer NEOLITH garantissent une efficacit\u00e9 optimale en termes de consommation d&rsquo;\u00e9nergie et d&rsquo;utilisation des mati\u00e8res premi\u00e8res. La production et le cycle de vie des surfaces NEOLITH ont un impact minimal sur l&rsquo;environnement et le produit final est enti\u00e8rement recyclable.[\/vc_column_text][\/vc_column][\/vc_row][vc_row][vc_column width=\u00a0\u00bb1\/4&Prime;]\t\t<div class=\"promo-banner-wrapper  wd-rs-663e2df4d3eb8 \">\n\t\t\t<div id=\"wd-663e2df4d3eb8\" class=\"promo-banner  banner- banner-hover-zoom color-scheme-light banner-btn-size-default banner-btn-style-default  with-btn banner-btn-position-hover cursor-pointer wd-underline-colored\"\t\t\t\t onclick=\"window.location.href='#'\"\t\t\t>\n\t\t\t\t<div class=\"main-wrapp-img\">\n\t\t\t\t\t<div class=\"banner-image wd-bg-position-center\" >\n\t\t\t\t\t\t<img loading=\"lazy\" decoding=\"async\" class=\"promo-banner-image \" src=\"https:\/\/pierreportugal.shop\/wp-content\/uploads\/2024\/05\/Neolith-ESSENTIALS_METROPOLITAN_4105-008-scaled-800x600.jpg\" width=\"800\" height=\"600\" alt=\"Neolith - ESSENTIALS\" title=\"THESIZE SURFACES - NEOLITH  Almassora - Castell\u00f3n - Spain\" \/>\t\t\t\t\t<\/div>\n\t\t\t\t<\/div>\n\n\t\t\t\t<div class=\"wrapper-content-banner wd-fill  wd-items-top wd-justify-left\">\n\t\t\t\t\t<div class=\"content-banner text-left\">\n\t\t\t\t\t\t<div class=\"banner-title-wrap\">\n\t\t\t\t\t\t\t<h4 class=\"banner-title wd-font-weight- wd-fontsize-l\">Porcelaine de Neolith 1<\/h4>\t\t\t\t\t\t<\/div>\n\t\t\t\t\t\t\t\t\t\t\t\t<div class=\"banner-btn-wrapper\"><div id=\"wd-69f4ade3398d8\" class=\"  wd-button-wrapper text-left\"><a  class=\"btn btn-color-black btn-style-default btn-style-round btn-size-default\">Know more<\/a><\/div><\/div>\t\t\t\t\t<\/div>\n\t\t\t\t<\/div>\n\t\t\t\t\t\t\t<\/div>\n\t\t<\/div>\n\n\t\t[\/vc_column][vc_column width=\u00a0\u00bb1\/4&Prime;]\t\t<div class=\"promo-banner-wrapper  wd-rs-663e2e0e47bde \">\n\t\t\t<div id=\"wd-663e2e0e47bde\" class=\"promo-banner  banner- banner-hover-zoom color-scheme-light banner-btn-size-default banner-btn-style-default  with-btn banner-btn-position-hover cursor-pointer wd-underline-colored\"\t\t\t\t onclick=\"window.location.href='#'\"\t\t\t>\n\t\t\t\t<div class=\"main-wrapp-img\">\n\t\t\t\t\t<div class=\"banner-image wd-bg-position-center\" >\n\t\t\t\t\t\t<img loading=\"lazy\" decoding=\"async\" class=\"promo-banner-image \" src=\"https:\/\/pierreportugal.shop\/wp-content\/uploads\/2024\/05\/ref_neolith_fusion_zahasstone-800x600.jpg\" width=\"800\" height=\"600\" alt=\"Neolith Fusion\" title=\"ref_neolith_fusion_zahasstone\" \/>\t\t\t\t\t<\/div>\n\t\t\t\t<\/div>\n\n\t\t\t\t<div class=\"wrapper-content-banner wd-fill  wd-items-top wd-justify-left\">\n\t\t\t\t\t<div class=\"content-banner text-left\">\n\t\t\t\t\t\t<div class=\"banner-title-wrap\">\n\t\t\t\t\t\t\t<h4 class=\"banner-title wd-font-weight- wd-fontsize-l\">Porcelaine de Neolith 2<\/h4>\t\t\t\t\t\t<\/div>\n\t\t\t\t\t\t\t\t\t\t\t\t<div class=\"banner-btn-wrapper\"><div id=\"wd-69f4ade33a541\" class=\"  wd-button-wrapper text-left\"><a  class=\"btn btn-color-black btn-style-default btn-style-round btn-size-default\">Know more<\/a><\/div><\/div>\t\t\t\t\t<\/div>\n\t\t\t\t<\/div>\n\t\t\t\t\t\t\t<\/div>\n\t\t<\/div>\n\n\t\t[\/vc_column][vc_column width=\u00a0\u00bb1\/4&Prime;]\t\t<div class=\"promo-banner-wrapper  wd-rs-663e2f69cdc7c \">\n\t\t\t<div id=\"wd-663e2f69cdc7c\" class=\"promo-banner  banner- banner-hover-zoom color-scheme-light banner-btn-size-default banner-btn-style-default  with-btn banner-btn-position-hover cursor-pointer wd-underline-colored\"\t\t\t\t onclick=\"window.location.href='#'\"\t\t\t>\n\t\t\t\t<div class=\"main-wrapp-img\">\n\t\t\t\t\t<div class=\"banner-image wd-bg-position-center\" >\n\t\t\t\t\t\t<img loading=\"lazy\" decoding=\"async\" class=\"promo-banner-image \" src=\"https:\/\/pierreportugal.shop\/wp-content\/uploads\/2023\/06\/ref_neolith_classtone_strataargentum-800x600.jpg\" width=\"800\" height=\"600\" alt=\"STRATA ARGENTUM\" title=\"ref_neolith_classtone_strataargentum\" \/>\t\t\t\t\t<\/div>\n\t\t\t\t<\/div>\n\n\t\t\t\t<div class=\"wrapper-content-banner wd-fill  wd-items-top wd-justify-left\">\n\t\t\t\t\t<div class=\"content-banner text-left\">\n\t\t\t\t\t\t<div class=\"banner-title-wrap\">\n\t\t\t\t\t\t\t<h4 class=\"banner-title wd-font-weight- wd-fontsize-l\">Porcelaine de Neolith 3<\/h4>\t\t\t\t\t\t<\/div>\n\t\t\t\t\t\t\t\t\t\t\t\t<div class=\"banner-btn-wrapper\"><div id=\"wd-69f4ade33b69f\" class=\"  wd-button-wrapper text-left\"><a  class=\"btn btn-color-black btn-style-default btn-style-round btn-size-default\">Know more<\/a><\/div><\/div>\t\t\t\t\t<\/div>\n\t\t\t\t<\/div>\n\t\t\t\t\t\t\t<\/div>\n\t\t<\/div>\n\n\t\t[\/vc_column][vc_column width=\u00a0\u00bb1\/4&Prime;]\t\t<div class=\"promo-banner-wrapper  wd-rs-663e2f34d5728 \">\n\t\t\t<div id=\"wd-663e2f34d5728\" class=\"promo-banner  banner- banner-hover-zoom color-scheme-light banner-btn-size-default banner-btn-style-default  with-btn banner-btn-position-hover cursor-pointer wd-underline-colored\"\t\t\t\t onclick=\"window.location.href='#'\"\t\t\t>\n\t\t\t\t<div class=\"main-wrapp-img\">\n\t\t\t\t\t<div class=\"banner-image wd-bg-position-center\" >\n\t\t\t\t\t\t<img loading=\"lazy\" decoding=\"async\" class=\"promo-banner-image \" src=\"https:\/\/pierreportugal.shop\/wp-content\/uploads\/2024\/05\/Neolith-ESSENTIALS_WULONG_4104-019_rev-scaled-800x600.jpg\" width=\"800\" height=\"600\" alt=\"Neolith ESSENTIALS\" title=\"Neolith ESSENTIALS\" \/>\t\t\t\t\t<\/div>\n\t\t\t\t<\/div>\n\n\t\t\t\t<div class=\"wrapper-content-banner wd-fill  wd-items-top wd-justify-left\">\n\t\t\t\t\t<div class=\"content-banner text-left\">\n\t\t\t\t\t\t<div class=\"banner-title-wrap\">\n\t\t\t\t\t\t\t<h4 class=\"banner-title wd-font-weight- wd-fontsize-l\">Porcelaine de Neolith 4<\/h4>\t\t\t\t\t\t<\/div>\n\t\t\t\t\t\t\t\t\t\t\t\t<div class=\"banner-btn-wrapper\"><div id=\"wd-69f4ade33c8b1\" class=\"  wd-button-wrapper text-left\"><a  class=\"btn btn-color-black btn-style-default btn-style-round btn-size-default\">Know more<\/a><\/div><\/div>\t\t\t\t\t<\/div>\n\t\t\t\t<\/div>\n\t\t\t\t\t\t\t<\/div>\n\t\t<\/div>\n\n\t\t[\/vc_column][\/vc_row]","protected":false},"excerpt":{"rendered":"<p>[vc_row][vc_column][vc_column_text woodmart_inline=\u00a0\u00bbno\u00a0\u00bb text_larger=\u00a0\u00bbno\u00a0\u00bb] PIERREPORTUGAL PREMIUM PIERRE NEOLITH Sintered Stone est un mat\u00e9riau avant-gardiste qui red\u00e9finit l&rsquo;avenir du design d&rsquo;int\u00e9rieur. Avec<\/p>\n","protected":false},"author":1,"featured_media":0,"parent":8951,"menu_order":0,"comment_status":"closed","ping_status":"closed","template":"","meta":{"footnotes":""},"class_list":["post-8954","page","type-page","status-publish","hentry"],"yoast_head":"<!-- This site is optimized with the Yoast SEO plugin v19.14 - https:\/\/yoast.com\/wordpress\/plugins\/seo\/ -->\n<title>Dalle grand format Neolith - Pierre Portugal Stone From Portugal<\/title>\n<meta name=\"robots\" content=\"index, follow, max-snippet:-1, max-image-preview:large, max-video-preview:-1\" \/>\n<link rel=\"canonical\" href=\"https:\/\/pierreportugal.shop\/fr\/marques\/dalle-grand-format-neolith\/\" \/>\n<meta property=\"og:locale\" content=\"fr_FR\" \/>\n<meta property=\"og:type\" content=\"article\" \/>\n<meta property=\"og:title\" content=\"Dalle grand format Neolith - Pierre Portugal Stone From Portugal\" \/>\n<meta property=\"og:description\" content=\"[vc_row][vc_column][vc_column_text woodmart_inline=\u00a0\u00bbno\u00a0\u00bb text_larger=\u00a0\u00bbno\u00a0\u00bb] PIERREPORTUGAL PREMIUM PIERRE NEOLITH Sintered Stone est un mat\u00e9riau avant-gardiste qui red\u00e9finit l&rsquo;avenir du design d&rsquo;int\u00e9rieur. Avec\" \/>\n<meta property=\"og:url\" content=\"https:\/\/pierreportugal.shop\/fr\/marques\/dalle-grand-format-neolith\/\" \/>\n<meta property=\"og:site_name\" content=\"Pierre Portugal Stone From Portugal\" \/>\n<meta property=\"article:modified_time\" content=\"2024-05-10T14:30:50+00:00\" \/>\n<meta name=\"twitter:card\" content=\"summary_large_image\" \/>\n<meta name=\"twitter:site\" content=\"@pierre_dalle\" \/>\n<meta name=\"twitter:label1\" content=\"Dur\u00e9e de lecture estim\u00e9e\" \/>\n\t<meta name=\"twitter:data1\" content=\"2 minutes\" \/>\n<script type=\"application\/ld+json\" class=\"yoast-schema-graph\">{\"@context\":\"https:\/\/schema.org\",\"@graph\":[{\"@type\":\"WebPage\",\"@id\":\"https:\/\/pierreportugal.shop\/fr\/marques\/dalle-grand-format-neolith\/\",\"url\":\"https:\/\/pierreportugal.shop\/fr\/marques\/dalle-grand-format-neolith\/\",\"name\":\"Dalle grand format Neolith - Pierre Portugal Stone From Portugal\",\"isPartOf\":{\"@id\":\"https:\/\/pierreportugal.shop\/fr\/#website\"},\"datePublished\":\"2022-12-20T14:04:49+00:00\",\"dateModified\":\"2024-05-10T14:30:50+00:00\",\"breadcrumb\":{\"@id\":\"https:\/\/pierreportugal.shop\/fr\/marques\/dalle-grand-format-neolith\/#breadcrumb\"},\"inLanguage\":\"fr-FR\",\"potentialAction\":[{\"@type\":\"ReadAction\",\"target\":[\"https:\/\/pierreportugal.shop\/fr\/marques\/dalle-grand-format-neolith\/\"]}]},{\"@type\":\"BreadcrumbList\",\"@id\":\"https:\/\/pierreportugal.shop\/fr\/marques\/dalle-grand-format-neolith\/#breadcrumb\",\"itemListElement\":[{\"@type\":\"ListItem\",\"position\":1,\"name\":\"In\u00edcio\",\"item\":\"https:\/\/pierreportugal.shop\/fr\/\"},{\"@type\":\"ListItem\",\"position\":2,\"name\":\"Marques\",\"item\":\"https:\/\/pierreportugal.shop\/fr\/marques\/\"},{\"@type\":\"ListItem\",\"position\":3,\"name\":\"Dalle grand format Neolith\"}]},{\"@type\":\"WebSite\",\"@id\":\"https:\/\/pierreportugal.shop\/fr\/#website\",\"url\":\"https:\/\/pierreportugal.shop\/fr\/\",\"name\":\"Pierre Portugal | Stone Premium\",\"description\":\"Pierre Portugal Stone Premium\",\"publisher\":{\"@id\":\"https:\/\/pierreportugal.shop\/fr\/#organization\"},\"potentialAction\":[{\"@type\":\"SearchAction\",\"target\":{\"@type\":\"EntryPoint\",\"urlTemplate\":\"https:\/\/pierreportugal.shop\/fr\/?s={search_term_string}\"},\"query-input\":\"required name=search_term_string\"}],\"inLanguage\":\"fr-FR\"},{\"@type\":\"Organization\",\"@id\":\"https:\/\/pierreportugal.shop\/fr\/#organization\",\"name\":\"Pierre Portugal\",\"url\":\"https:\/\/pierreportugal.shop\/fr\/\",\"logo\":{\"@type\":\"ImageObject\",\"inLanguage\":\"fr-FR\",\"@id\":\"https:\/\/pierreportugal.shop\/fr\/#\/schema\/logo\/image\/\",\"url\":\"https:\/\/pierreportugal.shop\/wp-content\/uploads\/2022\/10\/novo-logo.png\",\"contentUrl\":\"https:\/\/pierreportugal.shop\/wp-content\/uploads\/2022\/10\/novo-logo.png\",\"width\":321,\"height\":113,\"caption\":\"Pierre Portugal\"},\"image\":{\"@id\":\"https:\/\/pierreportugal.shop\/fr\/#\/schema\/logo\/image\/\"},\"sameAs\":[\"https:\/\/www.linkedin.com\/in\/pierreportugal-shop-dalles-et-tranches-tiles-and-slabs-export-a74373150\/\",\"https:\/\/twitter.com\/pierre_dalle\"]}]}<\/script>\n<!-- \/ Yoast SEO plugin. -->","yoast_head_json":{"title":"Dalle grand format Neolith - Pierre Portugal Stone From Portugal","robots":{"index":"index","follow":"follow","max-snippet":"max-snippet:-1","max-image-preview":"max-image-preview:large","max-video-preview":"max-video-preview:-1"},"canonical":"https:\/\/pierreportugal.shop\/fr\/marques\/dalle-grand-format-neolith\/","og_locale":"fr_FR","og_type":"article","og_title":"Dalle grand format Neolith - Pierre Portugal Stone From Portugal","og_description":"[vc_row][vc_column][vc_column_text woodmart_inline=\u00a0\u00bbno\u00a0\u00bb text_larger=\u00a0\u00bbno\u00a0\u00bb] PIERREPORTUGAL PREMIUM PIERRE NEOLITH Sintered Stone est un mat\u00e9riau avant-gardiste qui red\u00e9finit l&rsquo;avenir du design d&rsquo;int\u00e9rieur. Avec","og_url":"https:\/\/pierreportugal.shop\/fr\/marques\/dalle-grand-format-neolith\/","og_site_name":"Pierre Portugal Stone From Portugal","article_modified_time":"2024-05-10T14:30:50+00:00","twitter_card":"summary_large_image","twitter_site":"@pierre_dalle","twitter_misc":{"Dur\u00e9e de lecture estim\u00e9e":"2 minutes"},"schema":{"@context":"https:\/\/schema.org","@graph":[{"@type":"WebPage","@id":"https:\/\/pierreportugal.shop\/fr\/marques\/dalle-grand-format-neolith\/","url":"https:\/\/pierreportugal.shop\/fr\/marques\/dalle-grand-format-neolith\/","name":"Dalle grand format Neolith - Pierre Portugal Stone From Portugal","isPartOf":{"@id":"https:\/\/pierreportugal.shop\/fr\/#website"},"datePublished":"2022-12-20T14:04:49+00:00","dateModified":"2024-05-10T14:30:50+00:00","breadcrumb":{"@id":"https:\/\/pierreportugal.shop\/fr\/marques\/dalle-grand-format-neolith\/#breadcrumb"},"inLanguage":"fr-FR","potentialAction":[{"@type":"ReadAction","target":["https:\/\/pierreportugal.shop\/fr\/marques\/dalle-grand-format-neolith\/"]}]},{"@type":"BreadcrumbList","@id":"https:\/\/pierreportugal.shop\/fr\/marques\/dalle-grand-format-neolith\/#breadcrumb","itemListElement":[{"@type":"ListItem","position":1,"name":"In\u00edcio","item":"https:\/\/pierreportugal.shop\/fr\/"},{"@type":"ListItem","position":2,"name":"Marques","item":"https:\/\/pierreportugal.shop\/fr\/marques\/"},{"@type":"ListItem","position":3,"name":"Dalle grand format Neolith"}]},{"@type":"WebSite","@id":"https:\/\/pierreportugal.shop\/fr\/#website","url":"https:\/\/pierreportugal.shop\/fr\/","name":"Pierre Portugal | Stone Premium","description":"Pierre Portugal Stone Premium","publisher":{"@id":"https:\/\/pierreportugal.shop\/fr\/#organization"},"potentialAction":[{"@type":"SearchAction","target":{"@type":"EntryPoint","urlTemplate":"https:\/\/pierreportugal.shop\/fr\/?s={search_term_string}"},"query-input":"required name=search_term_string"}],"inLanguage":"fr-FR"},{"@type":"Organization","@id":"https:\/\/pierreportugal.shop\/fr\/#organization","name":"Pierre Portugal","url":"https:\/\/pierreportugal.shop\/fr\/","logo":{"@type":"ImageObject","inLanguage":"fr-FR","@id":"https:\/\/pierreportugal.shop\/fr\/#\/schema\/logo\/image\/","url":"https:\/\/pierreportugal.shop\/wp-content\/uploads\/2022\/10\/novo-logo.png","contentUrl":"https:\/\/pierreportugal.shop\/wp-content\/uploads\/2022\/10\/novo-logo.png","width":321,"height":113,"caption":"Pierre Portugal"},"image":{"@id":"https:\/\/pierreportugal.shop\/fr\/#\/schema\/logo\/image\/"},"sameAs":["https:\/\/www.linkedin.com\/in\/pierreportugal-shop-dalles-et-tranches-tiles-and-slabs-export-a74373150\/","https:\/\/twitter.com\/pierre_dalle"]}]}},"_links":{"self":[{"href":"https:\/\/pierreportugal.shop\/fr\/wp-json\/wp\/v2\/pages\/8954","targetHints":{"allow":["GET"]}}],"collection":[{"href":"https:\/\/pierreportugal.shop\/fr\/wp-json\/wp\/v2\/pages"}],"about":[{"href":"https:\/\/pierreportugal.shop\/fr\/wp-json\/wp\/v2\/types\/page"}],"author":[{"embeddable":true,"href":"https:\/\/pierreportugal.shop\/fr\/wp-json\/wp\/v2\/users\/1"}],"replies":[{"embeddable":true,"href":"https:\/\/pierreportugal.shop\/fr\/wp-json\/wp\/v2\/comments?post=8954"}],"version-history":[{"count":6,"href":"https:\/\/pierreportugal.shop\/fr\/wp-json\/wp\/v2\/pages\/8954\/revisions"}],"predecessor-version":[{"id":10498,"href":"https:\/\/pierreportugal.shop\/fr\/wp-json\/wp\/v2\/pages\/8954\/revisions\/10498"}],"up":[{"embeddable":true,"href":"https:\/\/pierreportugal.shop\/fr\/wp-json\/wp\/v2\/pages\/8951"}],"wp:attachment":[{"href":"https:\/\/pierreportugal.shop\/fr\/wp-json\/wp\/v2\/media?parent=8954"}],"curies":[{"name":"wp","href":"https:\/\/api.w.org\/{rel}","templated":true}]}}