{"id":8953,"date":"2022-09-24T15:12:00","date_gmt":"2022-09-24T15:12:00","guid":{"rendered":"https:\/\/pierreportugal.shop\/brands\/natural-stone\/"},"modified":"2024-05-09T10:55:11","modified_gmt":"2024-05-09T10:55:11","slug":"pierre-naturelle","status":"publish","type":"page","link":"https:\/\/pierreportugal.shop\/fr\/marques\/pierre-naturelle\/","title":{"rendered":"Pierre Naturelle"},"content":{"rendered":"[vc_row][vc_column][vc_column_text woodmart_inline=\u00a0\u00bbno\u00a0\u00bb text_larger=\u00a0\u00bbno\u00a0\u00bb]\r\n<h2>COLLECTIONS DE PIERRE NATURELLE PAR LUSOROCHAS\r\nCARREAUX &#8211; DALLES COUP\u00c9ES SUR MESURE<\/h2>\r\n<h3>PIERREPORTUGAL PIERRE PREMIUM<\/h3>\r\nOffre une s\u00e9lection in\u00e9gal\u00e9e de pierres naturelles exceptionnelles. D\u00e9nich\u00e9es dans des carri\u00e8res du monde entier, nous s\u00e9lectionnons uniquement la pierre de la plus haute qualit\u00e9 et l&rsquo;offrons en plusieurs tailles,\r\ny compris une dalle extra large et diverses configurations.\r\n\r\nForm\u00e9e par des ann\u00e9es de chaleur et de pression souterraines, la pierre naturelle poss\u00e8de une beaut\u00e9 et une force extraordinaires.\r\n\u2022 R\u00e9sistant \u00e0 la chaleur et au feu\r\n\u2022 R\u00e9sistant aux rayures et aux \u00e9clats\r\n\u2022 R\u00e9sistant aux taches et \u00e0 la gravure\r\n\u2022 Dure toute une vie avec des soins appropri\u00e9s\r\n\r\nPuisque la pierre naturelle est extraite, chacune est compl\u00e8tement unique. Des <strong>Plan<\/strong> de cuisine et des vanit\u00e9s de salle de bain aux carreaux de mur en pierre et aux sols en pierre, la pierre naturelle transforme n&rsquo;importe quelle surface en un chef-d&rsquo;\u0153uvre unique en son genre.\r\n\r\n&nbsp;\r\n\r\nContactez <strong>PIERREPORTUGAL<\/strong> pour tous vos <strong>PROJETS en PIERRE NATURELLE<\/strong>\u00a0 <b>;<\/b>\r\n<h4>Ce que nous vous fournissons :<\/h4>\r\nDALLAGE \/ DALLES en Moca Creme, Moleanos Blue, gascogne beige, Relvinha, Valverde, Lagos Blue, Branco do Mar, Rosal, Vogue, Azul Atlantico, Marbre\r\n\r\nREV\u00caTEMENTS en Moca Creme, Moleanos Blue, gascogne beige, Relvinha, Valverde, Lagos Blue, Branco do Mar, Rosal, Vogue, Azul Atlantico, Marbre\r\n\r\nESCALIERS en Moca Creme, Moleanos Blue, gascogne beige, Relvinha, Valverde, Lagos Blue, Branco do Mar, Rosal, Vogue, Azul Atlantico, Marbre\r\n\r\nMARGELLES en Moca Creme, Moleanos Blue, gascogne beige, Relvinha, Valverde, Lagos Blue, Branco do Mar, Rosal, Vogue, Azul Atlantico, Marbre\r\n\r\nFA\u00c7ADES en Moca Creme, Moleanos Blue, gascogne beige, Relvinha, Valverde, Lagos Blue, Branco do Mar, Rosal, Vogue, Azul Atlantico, Marbre\r\n\r\nCOUVRE MURS en Moca Creme, Moleanos Blue, gascogne beige, Relvinha, Valverde, Lagos Blue, Branco do Mar, Rosal, Vogue, Azul Atlantico, Marbre\r\n\r\nBALUSTRADE in Moca Creme, Moleanos Blue, gascogne beige, Relvinha, Valverde, Lagos Blue, Branco do Mar, Rosal, Vogue, Azul Atlantico, Marbre\r\n\r\nPLAN DE CUISINE &amp; SALLE DE BAIN en Moca Creme, Moleanos Blue, gascogne beige, Relvinha, Valverde, Lagos Blue, Branco do Mar, Rosal, Vogue, Azul Atlantico, Marbre\r\n\r\n\u00c9VIER MASSIF en Moca Creme, Moleanos Blue, gascogne beige, Relvinha, Valverde, Lagos Blue, Branco do Mar, Rosal, Vogue, Azul Atlantico, Marbre\r\n\r\nRESTAURATION &amp; ARCHITECTURAL en project in Moca Cream, Moleanos Blue, gascogne beige, Relvinha, Valverde, Lagos Blue, Branco do Mar, Rosal, Vogue, Azul Atlantico, Marbre\r\n\r\nCHEMIN\u00c9S en Moca Cream, Moleanos Blue, gascogne beige, Relvinha, Valverde, Lagos Blue, Branco do Mar, Rosal, Vogue, Azul Atlantico, Marbre.\r\n\r\n[\/vc_column_text][\/vc_column][\/vc_row][vc_row][vc_column width=\u00a0\u00bb1\/3&Prime;]\t\t<div class=\"promo-banner-wrapper  wd-rs-63d8ef1022cbd \">\n\t\t\t<div id=\"wd-63d8ef1022cbd\" class=\"promo-banner  banner- banner-hover-zoom color-scheme-light banner-btn-size-default banner-btn-style-default  cursor-pointer wd-underline-colored\"\t\t\t\t onclick=\"window.location.href='https:\/\/pierreportugal.shop\/product-tag\/marble\/'\"\t\t\t>\n\t\t\t\t<div class=\"main-wrapp-img\">\n\t\t\t\t\t<div class=\"banner-image wd-bg-position-center\" >\n\t\t\t\t\t\t<img loading=\"lazy\" decoding=\"async\" class=\"promo-banner-image \" src=\"https:\/\/pierreportugal.shop\/wp-content\/uploads\/2022\/09\/bloco1.png\" width=\"500\" height=\"500\" alt=\"bloco1\" title=\"bloco1\" \/>\t\t\t\t\t<\/div>\n\t\t\t\t<\/div>\n\n\t\t\t\t<div class=\"wrapper-content-banner wd-fill  wd-items-top wd-justify-left\">\n\t\t\t\t\t<div class=\"content-banner text-left\">\n\t\t\t\t\t\t<div class=\"banner-title-wrap\">\n\t\t\t\t\t\t\t<h4 class=\"banner-title wd-font-weight- wd-fontsize-l\">Marbre<\/h4>\t\t\t\t\t\t<\/div>\n\t\t\t\t\t\t\t\t\t\t\t\t\t\t\t\t\t<\/div>\n\t\t\t\t<\/div>\n\t\t\t\t\t\t\t<\/div>\n\t\t<\/div>\n\n\t\t[\/vc_column][vc_column width=\u00a0\u00bb1\/3&Prime;]\t\t<div class=\"promo-banner-wrapper  wd-rs-63d8ef1b1afc6 \">\n\t\t\t<div id=\"wd-63d8ef1b1afc6\" class=\"promo-banner  banner- banner-hover-zoom color-scheme-light banner-btn-size-default banner-btn-style-default  cursor-pointer wd-underline-colored\"\t\t\t\t onclick=\"window.location.href='https:\/\/pierreportugal.shop\/product-tag\/limestone\/'\"\t\t\t>\n\t\t\t\t<div class=\"main-wrapp-img\">\n\t\t\t\t\t<div class=\"banner-image wd-bg-position-center\" >\n\t\t\t\t\t\t<img loading=\"lazy\" decoding=\"async\" class=\"promo-banner-image \" src=\"https:\/\/pierreportugal.shop\/wp-content\/uploads\/2022\/09\/bloco2.jpg\" width=\"500\" height=\"500\" alt=\"bloco2\" title=\"bloco2\" \/>\t\t\t\t\t<\/div>\n\t\t\t\t<\/div>\n\n\t\t\t\t<div class=\"wrapper-content-banner wd-fill  wd-items-top wd-justify-left\">\n\t\t\t\t\t<div class=\"content-banner text-left\">\n\t\t\t\t\t\t<div class=\"banner-title-wrap\">\n\t\t\t\t\t\t\t<h4 class=\"banner-title wd-font-weight- wd-fontsize-l\">Calcaire<\/h4>\t\t\t\t\t\t<\/div>\n\t\t\t\t\t\t\t\t\t\t\t\t\t\t\t\t\t<\/div>\n\t\t\t\t<\/div>\n\t\t\t\t\t\t\t<\/div>\n\t\t<\/div>\n\n\t\t[\/vc_column][vc_column width=\u00a0\u00bb1\/3&Prime;]\t\t<div class=\"promo-banner-wrapper  wd-rs-63d8ef25c6fdd \">\n\t\t\t<div id=\"wd-63d8ef25c6fdd\" class=\"promo-banner  banner- banner-hover-zoom color-scheme-light banner-btn-size-default banner-btn-style-default  cursor-pointer wd-underline-colored\"\t\t\t\t onclick=\"window.location.href='https:\/\/pierreportugal.shop\/product-category\/salate\/'\"\t\t\t>\n\t\t\t\t<div class=\"main-wrapp-img\">\n\t\t\t\t\t<div class=\"banner-image wd-bg-position-center\" >\n\t\t\t\t\t\t<img loading=\"lazy\" decoding=\"async\" class=\"promo-banner-image \" src=\"https:\/\/pierreportugal.shop\/wp-content\/uploads\/2022\/09\/bloco3.jpg\" width=\"500\" height=\"500\" alt=\"bloco3\" title=\"bloco3\" \/>\t\t\t\t\t<\/div>\n\t\t\t\t<\/div>\n\n\t\t\t\t<div class=\"wrapper-content-banner wd-fill  wd-items-top wd-justify-left\">\n\t\t\t\t\t<div class=\"content-banner text-left\">\n\t\t\t\t\t\t<div class=\"banner-title-wrap\">\n\t\t\t\t\t\t\t<h4 class=\"banner-title wd-font-weight- wd-fontsize-l\">Ardoise<\/h4>\t\t\t\t\t\t<\/div>\n\t\t\t\t\t\t\t\t\t\t\t\t\t\t\t\t\t<\/div>\n\t\t\t\t<\/div>\n\t\t\t\t\t\t\t<\/div>\n\t\t<\/div>\n\n\t\t[\/vc_column][\/vc_row]","protected":false},"excerpt":{"rendered":"<p>[vc_row][vc_column][vc_column_text woodmart_inline=\u00a0\u00bbno\u00a0\u00bb text_larger=\u00a0\u00bbno\u00a0\u00bb] COLLECTIONS DE PIERRE NATURELLE PAR LUSOROCHAS CARREAUX &#8211; DALLES COUP\u00c9ES SUR MESURE PIERREPORTUGAL PIERRE PREMIUM Offre une<\/p>\n","protected":false},"author":1,"featured_media":0,"parent":8951,"menu_order":0,"comment_status":"closed","ping_status":"closed","template":"","meta":{"footnotes":""},"class_list":["post-8953","page","type-page","status-publish","hentry"],"yoast_head":"<!-- This site is optimized with the Yoast SEO plugin v19.14 - https:\/\/yoast.com\/wordpress\/plugins\/seo\/ -->\n<title>Pierre Naturelle - Pierre Portugal Stone From Portugal<\/title>\n<meta name=\"robots\" content=\"index, follow, max-snippet:-1, max-image-preview:large, max-video-preview:-1\" \/>\n<link rel=\"canonical\" href=\"https:\/\/pierreportugal.shop\/fr\/marques\/pierre-naturelle\/\" \/>\n<meta property=\"og:locale\" content=\"fr_FR\" \/>\n<meta property=\"og:type\" content=\"article\" \/>\n<meta property=\"og:title\" content=\"Pierre Naturelle - Pierre Portugal Stone From Portugal\" \/>\n<meta property=\"og:description\" content=\"[vc_row][vc_column][vc_column_text woodmart_inline=\u00a0\u00bbno\u00a0\u00bb text_larger=\u00a0\u00bbno\u00a0\u00bb] COLLECTIONS DE PIERRE NATURELLE PAR LUSOROCHAS CARREAUX &#8211; DALLES COUP\u00c9ES SUR MESURE PIERREPORTUGAL PIERRE PREMIUM Offre une\" \/>\n<meta property=\"og:url\" content=\"https:\/\/pierreportugal.shop\/fr\/marques\/pierre-naturelle\/\" \/>\n<meta property=\"og:site_name\" content=\"Pierre Portugal Stone From Portugal\" \/>\n<meta property=\"article:modified_time\" content=\"2024-05-09T10:55:11+00:00\" \/>\n<meta name=\"twitter:card\" content=\"summary_large_image\" \/>\n<meta name=\"twitter:site\" content=\"@pierre_dalle\" \/>\n<meta name=\"twitter:label1\" content=\"Dur\u00e9e de lecture estim\u00e9e\" \/>\n\t<meta name=\"twitter:data1\" content=\"2 minutes\" \/>\n<script type=\"application\/ld+json\" class=\"yoast-schema-graph\">{\"@context\":\"https:\/\/schema.org\",\"@graph\":[{\"@type\":\"WebPage\",\"@id\":\"https:\/\/pierreportugal.shop\/fr\/marques\/pierre-naturelle\/\",\"url\":\"https:\/\/pierreportugal.shop\/fr\/marques\/pierre-naturelle\/\",\"name\":\"Pierre Naturelle - Pierre Portugal Stone From Portugal\",\"isPartOf\":{\"@id\":\"https:\/\/pierreportugal.shop\/fr\/#website\"},\"datePublished\":\"2022-09-24T15:12:00+00:00\",\"dateModified\":\"2024-05-09T10:55:11+00:00\",\"breadcrumb\":{\"@id\":\"https:\/\/pierreportugal.shop\/fr\/marques\/pierre-naturelle\/#breadcrumb\"},\"inLanguage\":\"fr-FR\",\"potentialAction\":[{\"@type\":\"ReadAction\",\"target\":[\"https:\/\/pierreportugal.shop\/fr\/marques\/pierre-naturelle\/\"]}]},{\"@type\":\"BreadcrumbList\",\"@id\":\"https:\/\/pierreportugal.shop\/fr\/marques\/pierre-naturelle\/#breadcrumb\",\"itemListElement\":[{\"@type\":\"ListItem\",\"position\":1,\"name\":\"In\u00edcio\",\"item\":\"https:\/\/pierreportugal.shop\/fr\/\"},{\"@type\":\"ListItem\",\"position\":2,\"name\":\"Marques\",\"item\":\"https:\/\/pierreportugal.shop\/fr\/marques\/\"},{\"@type\":\"ListItem\",\"position\":3,\"name\":\"Pierre Naturelle\"}]},{\"@type\":\"WebSite\",\"@id\":\"https:\/\/pierreportugal.shop\/fr\/#website\",\"url\":\"https:\/\/pierreportugal.shop\/fr\/\",\"name\":\"Pierre Portugal | Stone Premium\",\"description\":\"Pierre Portugal Stone Premium\",\"publisher\":{\"@id\":\"https:\/\/pierreportugal.shop\/fr\/#organization\"},\"potentialAction\":[{\"@type\":\"SearchAction\",\"target\":{\"@type\":\"EntryPoint\",\"urlTemplate\":\"https:\/\/pierreportugal.shop\/fr\/?s={search_term_string}\"},\"query-input\":\"required name=search_term_string\"}],\"inLanguage\":\"fr-FR\"},{\"@type\":\"Organization\",\"@id\":\"https:\/\/pierreportugal.shop\/fr\/#organization\",\"name\":\"Pierre Portugal\",\"url\":\"https:\/\/pierreportugal.shop\/fr\/\",\"logo\":{\"@type\":\"ImageObject\",\"inLanguage\":\"fr-FR\",\"@id\":\"https:\/\/pierreportugal.shop\/fr\/#\/schema\/logo\/image\/\",\"url\":\"https:\/\/pierreportugal.shop\/wp-content\/uploads\/2022\/10\/novo-logo.png\",\"contentUrl\":\"https:\/\/pierreportugal.shop\/wp-content\/uploads\/2022\/10\/novo-logo.png\",\"width\":321,\"height\":113,\"caption\":\"Pierre Portugal\"},\"image\":{\"@id\":\"https:\/\/pierreportugal.shop\/fr\/#\/schema\/logo\/image\/\"},\"sameAs\":[\"https:\/\/www.linkedin.com\/in\/pierreportugal-shop-dalles-et-tranches-tiles-and-slabs-export-a74373150\/\",\"https:\/\/twitter.com\/pierre_dalle\"]}]}<\/script>\n<!-- \/ Yoast SEO plugin. -->","yoast_head_json":{"title":"Pierre Naturelle - Pierre Portugal Stone From Portugal","robots":{"index":"index","follow":"follow","max-snippet":"max-snippet:-1","max-image-preview":"max-image-preview:large","max-video-preview":"max-video-preview:-1"},"canonical":"https:\/\/pierreportugal.shop\/fr\/marques\/pierre-naturelle\/","og_locale":"fr_FR","og_type":"article","og_title":"Pierre Naturelle - Pierre Portugal Stone From Portugal","og_description":"[vc_row][vc_column][vc_column_text woodmart_inline=\u00a0\u00bbno\u00a0\u00bb text_larger=\u00a0\u00bbno\u00a0\u00bb] COLLECTIONS DE PIERRE NATURELLE PAR LUSOROCHAS CARREAUX &#8211; DALLES COUP\u00c9ES SUR MESURE PIERREPORTUGAL PIERRE PREMIUM Offre une","og_url":"https:\/\/pierreportugal.shop\/fr\/marques\/pierre-naturelle\/","og_site_name":"Pierre Portugal Stone From Portugal","article_modified_time":"2024-05-09T10:55:11+00:00","twitter_card":"summary_large_image","twitter_site":"@pierre_dalle","twitter_misc":{"Dur\u00e9e de lecture estim\u00e9e":"2 minutes"},"schema":{"@context":"https:\/\/schema.org","@graph":[{"@type":"WebPage","@id":"https:\/\/pierreportugal.shop\/fr\/marques\/pierre-naturelle\/","url":"https:\/\/pierreportugal.shop\/fr\/marques\/pierre-naturelle\/","name":"Pierre Naturelle - Pierre Portugal Stone From Portugal","isPartOf":{"@id":"https:\/\/pierreportugal.shop\/fr\/#website"},"datePublished":"2022-09-24T15:12:00+00:00","dateModified":"2024-05-09T10:55:11+00:00","breadcrumb":{"@id":"https:\/\/pierreportugal.shop\/fr\/marques\/pierre-naturelle\/#breadcrumb"},"inLanguage":"fr-FR","potentialAction":[{"@type":"ReadAction","target":["https:\/\/pierreportugal.shop\/fr\/marques\/pierre-naturelle\/"]}]},{"@type":"BreadcrumbList","@id":"https:\/\/pierreportugal.shop\/fr\/marques\/pierre-naturelle\/#breadcrumb","itemListElement":[{"@type":"ListItem","position":1,"name":"In\u00edcio","item":"https:\/\/pierreportugal.shop\/fr\/"},{"@type":"ListItem","position":2,"name":"Marques","item":"https:\/\/pierreportugal.shop\/fr\/marques\/"},{"@type":"ListItem","position":3,"name":"Pierre Naturelle"}]},{"@type":"WebSite","@id":"https:\/\/pierreportugal.shop\/fr\/#website","url":"https:\/\/pierreportugal.shop\/fr\/","name":"Pierre Portugal | Stone Premium","description":"Pierre Portugal Stone Premium","publisher":{"@id":"https:\/\/pierreportugal.shop\/fr\/#organization"},"potentialAction":[{"@type":"SearchAction","target":{"@type":"EntryPoint","urlTemplate":"https:\/\/pierreportugal.shop\/fr\/?s={search_term_string}"},"query-input":"required name=search_term_string"}],"inLanguage":"fr-FR"},{"@type":"Organization","@id":"https:\/\/pierreportugal.shop\/fr\/#organization","name":"Pierre Portugal","url":"https:\/\/pierreportugal.shop\/fr\/","logo":{"@type":"ImageObject","inLanguage":"fr-FR","@id":"https:\/\/pierreportugal.shop\/fr\/#\/schema\/logo\/image\/","url":"https:\/\/pierreportugal.shop\/wp-content\/uploads\/2022\/10\/novo-logo.png","contentUrl":"https:\/\/pierreportugal.shop\/wp-content\/uploads\/2022\/10\/novo-logo.png","width":321,"height":113,"caption":"Pierre Portugal"},"image":{"@id":"https:\/\/pierreportugal.shop\/fr\/#\/schema\/logo\/image\/"},"sameAs":["https:\/\/www.linkedin.com\/in\/pierreportugal-shop-dalles-et-tranches-tiles-and-slabs-export-a74373150\/","https:\/\/twitter.com\/pierre_dalle"]}]}},"_links":{"self":[{"href":"https:\/\/pierreportugal.shop\/fr\/wp-json\/wp\/v2\/pages\/8953","targetHints":{"allow":["GET"]}}],"collection":[{"href":"https:\/\/pierreportugal.shop\/fr\/wp-json\/wp\/v2\/pages"}],"about":[{"href":"https:\/\/pierreportugal.shop\/fr\/wp-json\/wp\/v2\/types\/page"}],"author":[{"embeddable":true,"href":"https:\/\/pierreportugal.shop\/fr\/wp-json\/wp\/v2\/users\/1"}],"replies":[{"embeddable":true,"href":"https:\/\/pierreportugal.shop\/fr\/wp-json\/wp\/v2\/comments?post=8953"}],"version-history":[{"count":3,"href":"https:\/\/pierreportugal.shop\/fr\/wp-json\/wp\/v2\/pages\/8953\/revisions"}],"predecessor-version":[{"id":10451,"href":"https:\/\/pierreportugal.shop\/fr\/wp-json\/wp\/v2\/pages\/8953\/revisions\/10451"}],"up":[{"embeddable":true,"href":"https:\/\/pierreportugal.shop\/fr\/wp-json\/wp\/v2\/pages\/8951"}],"wp:attachment":[{"href":"https:\/\/pierreportugal.shop\/fr\/wp-json\/wp\/v2\/media?parent=8953"}],"curies":[{"name":"wp","href":"https:\/\/api.w.org\/{rel}","templated":true}]}}