{"id":8818,"date":"2022-09-24T16:25:09","date_gmt":"2022-09-24T16:25:09","guid":{"rendered":"https:\/\/pierreportugal.shop\/about-materials\/"},"modified":"2024-05-09T10:05:02","modified_gmt":"2024-05-09T10:05:02","slug":"nos-pierres","status":"publish","type":"page","link":"https:\/\/pierreportugal.shop\/fr\/nos-pierres\/","title":{"rendered":"La Pierres"},"content":{"rendered":"[vc_row][vc_column][vc_column_text woodmart_inline=\u00a0\u00bbno\u00a0\u00bb text_larger=\u00a0\u00bbno\u00a0\u00bb]\r\n<h1>Les Pierres<\/h1>\r\n[\/vc_column_text][\/vc_column][\/vc_row][vc_row][vc_column][vc_column_text woodmart_inline=\u00a0\u00bbno\u00a0\u00bb text_larger=\u00a0\u00bbno\u00a0\u00bb]\r\n<h3 style=\"text-align: center;\">Carrelage<\/h3>\r\nLes dalles en pierre naturelle sont belles, mais \u00e9tant un produit de la naturel, elles sont moins uniformes en termes de couleur et de style et n\u00e9cessitent davantage de planification pour la pose. Les carreaux et dalles de pierre standard peuvent \u00eatre uniformes en largeur et en longueur. Les carreaux de granit ou de marbre sont sci\u00e9s des deux c\u00f4t\u00e9s, puis polis ou affin\u00e9s sur la face sup\u00e9rieure afin d&rsquo;obtenir une \u00e9paisseur uniforme ainsi que la finition requise. D&rsquo;autres carreaux de pierre naturelle, comme l&rsquo;ardoise, sont g\u00e9n\u00e9ralement fendus sur la partie sup\u00e9rieure de la tranche de sorte que l&rsquo;\u00e9paisseur du carreau varie l\u00e9g\u00e8rement d&rsquo;un endroit \u00e0 l&rsquo;autre du carreau et d&rsquo;un carreau \u00e0 l&rsquo;autre, il s\u2019agit de la finition cliv\u00e9e. Les variations d&rsquo;\u00e9paisseur des carreaux peuvent \u00eatre obtenues en proc\u00e9d\u00e9 de production, c\u2019est le calibrage de l\u2019\u00e9paisseur de la dalle.\r\n\r\n<b>\u00a0<\/b>\r\n\r\nUn carreau est un morceau de mat\u00e9riau r\u00e9sistant \u00e0 l&rsquo;usure, tel que la c\u00e9ramique, la pierre, le m\u00e9tal ou m\u00eame le verre, qui est g\u00e9n\u00e9ralement utilis\u00e9 pour recouvrir les toits, les sols, les murs, les douches ou d&rsquo;autres objets tels que les dessus de table. Par ailleurs, les carreaux peuvent parfois d\u00e9signer des \u00e9l\u00e9ments similaires compos\u00e9s de mat\u00e9riaux l\u00e9gers tels que la perlite, le bois et la laine min\u00e9rale, qui sont g\u00e9n\u00e9ralement utilis\u00e9s pour les murs et les plafonds. <u>Dans un autre sens, une tuile est une tuile de construction ou un objet similaire, comme un pion rectangulaire utilis\u00e9 dans le jeu (voir jeu de tuiles).<\/u> Le mot d\u00e9rive du mot fran\u00e7ais \u00ab tuile \u00bb, lui-m\u00eame d\u00e9riv\u00e9 du mot latin \u00ab tegula \u00bb, qui signifie tuile en terre cuite.\r\n\r\nLes carreaux sont souvent utilis\u00e9s pour la production de rev\u00eatements muraux et de sol, qu&rsquo;il s&rsquo;agisse de simples carreaux carr\u00e9s, de carreaux complexes ou de mosa\u00efques. Les carreaux sont principalement des carreaux de c\u00e9ramique, le plus souvent \u00e9maill\u00e9s pour l&rsquo;int\u00e9rieur et non \u00e9maill\u00e9s pour les toitures, mais d&rsquo;autres mat\u00e9riaux sont \u00e9galement fr\u00e9quemment utilis\u00e9s, tels que le verre, le li\u00e8ge, le b\u00e9ton et d&rsquo;autres mat\u00e9riaux composites, ainsi que la pierre. La pierre carrel\u00e9e est g\u00e9n\u00e9ralement du marbre, de l&rsquo;onyx, du granit ou de l&rsquo;ardoise. Les carreaux plus fins peuvent \u00eatre utilis\u00e9s comme rev\u00eatement de sol sur les murs et n\u00e9cessitent des surfaces plus durables et r\u00e9sistantes aux chocs.\r\n\r\n<strong>\u00a0<\/strong>\r\n\r\n[\/vc_column_text][\/vc_column][\/vc_row][vc_row][vc_column][vc_column_text woodmart_inline=\u00a0\u00bbno\u00a0\u00bb text_larger=\u00a0\u00bbno\u00a0\u00bb]\r\n<h3 style=\"text-align: center;\">Carreaux et dalles<\/h3>\r\nLes carreaux sont souvent utilis\u00e9s pour la production de rev\u00eatements muraux et de sol, qu&rsquo;il s&rsquo;agisse de simples carreaux carr\u00e9s, de carreaux complexes ou de mosa\u00efques. Les carreaux sont principalement des carreaux de c\u00e9ramique, le plus souvent \u00e9maill\u00e9s pour l&rsquo;int\u00e9rieur et non \u00e9maill\u00e9s pour les toitures, mais d&rsquo;autres mat\u00e9riaux sont \u00e9galement fr\u00e9quemment utilis\u00e9s, tels que le verre, le li\u00e8ge, le b\u00e9ton et d&rsquo;autres mat\u00e9riaux composites, ainsi que la pierre. La pierre carrel\u00e9e est g\u00e9n\u00e9ralement du marbre, de l&rsquo;onyx, du granit ou de l&rsquo;ardoise. Les carreaux plus fins peuvent \u00eatre utilis\u00e9s comme rev\u00eatement de sol sur les murs et n\u00e9cessitent des surfaces plus durables et r\u00e9sistantes aux chocs.\r\n\r\n[\/vc_column_text][\/vc_column][\/vc_row][vc_row][vc_column][vc_column_text woodmart_inline=\u00a0\u00bbno\u00a0\u00bb text_larger=\u00a0\u00bbno\u00a0\u00bb]\r\n<h4><\/h4>\r\n<strong>GLOSSAIRE PIERRE NATURELLE\r\nTYPES DE PIERRES NATURELLES\r\nFORMATS\r\nFINITIONS\r\nINSTALLATION<\/strong>\r\n\r\n<strong>\u00a0<\/strong>\r\n\r\n<strong>TYPES DE PIERRES NATURELLES<\/strong>\r\n\r\nLes pierres naturelles sont des roches dures et compactes extraites de carri\u00e8res. Elles sont g\u00e9n\u00e9ralement utilis\u00e9es dans les projets d&rsquo;architecture et de construction. Elles sont extr\u00eamement r\u00e9sistantes et durables dans le temps.\r\n\r\n<strong>SANDSTONE\/<\/strong> <strong>PIERRE SABLE<\/strong>\r\nRoche s\u00e9dimentaire aux couleurs vari\u00e9es, form\u00e9e pendant de nombreuses ann\u00e9es sous la surface des oc\u00e9ans, des lacs et des rivi\u00e8res \u00e0 partir de fragments de quartz. \u00c9tincelante et lisse, cette pierre naturelle peut \u00eatre taill\u00e9e et polie pour un usage int\u00e9rieur et ext\u00e9rieur.\r\n\r\n<strong>CALCAIRE<\/strong>\r\nRoche s\u00e9dimentaire form\u00e9e dans les eaux marines chaudes et peu profondes. Elle contient souvent des fragments de fossiles ou des bandes de couleur. Elle est largement utilis\u00e9e pour les rev\u00eatements int\u00e9rieurs et ext\u00e9rieurs.\r\n\r\n<strong>QUARTZITE<\/strong>\r\nRoche m\u00e9tamorphique form\u00e9e enti\u00e8rement de grains de quartz, g\u00e9n\u00e9ralement de couleur blanch\u00e2tre. Sa duret\u00e9 et son \u00e9lasticit\u00e9 lui permettent d&rsquo;\u00eatre utilis\u00e9e dans la construction et la d\u00e9coration.\r\n\r\n<strong>PHYLLITE<\/strong>\r\nRoche m\u00e9tamorphique \u00e0 mi-chemin entre l&rsquo;ardoise et le schiste. Son \u00e9clat satin\u00e9 et sa surface ondul\u00e9e en font un mat\u00e9riau id\u00e9al pour les projets de design.\r\n\r\n<strong>GNEISS<\/strong>\r\nRoche m\u00e9tamorphique \u00e0 gros grains compos\u00e9e des m\u00eames min\u00e9raux que le granit (quartz, feldspath et mica), mais avec des bandes altern\u00e9es de min\u00e9raux clairs et fonc\u00e9s. Elle est plus souvent utilis\u00e9e dans les espaces ext\u00e9rieurs que dans les espaces int\u00e9rieurs.\r\n\r\n<strong>GRANITE<\/strong>\r\nType de roche ign\u00e9e dure et compacte form\u00e9e de quartz, de feldspath et de mica. Son aspect mouchet\u00e9 et brillant, sa r\u00e9sistance et sa durabilit\u00e9 en font un mat\u00e9riau id\u00e9al pour la construction et la d\u00e9coration.\r\n\r\n<strong>MARBRE<\/strong>\r\nRoche m\u00e9tamorphique compos\u00e9e de calcite et de dolomie. Elle est largement utilis\u00e9e dans la construction et la d\u00e9coration en raison de sa texture compacte et cristalline et de ses veines de diff\u00e9rentes couleurs.\r\n\r\n<strong>TRAVERTINE\r\n<\/strong>Roche s\u00e9dimentaire poreuse, de couleur cr\u00e8me, form\u00e9e par des d\u00e9p\u00f4ts de carbonate de calcium. Fr\u00e9quemment utilis\u00e9e comme pierre ornementale \u00e0 l&rsquo;int\u00e9rieur et \u00e0 l&rsquo;ext\u00e9rieur\r\n\r\n[\/vc_column_text][\/vc_column][\/vc_row][vc_row][vc_column][vc_column_text woodmart_inline=\u00a0\u00bbno\u00a0\u00bb text_larger=\u00a0\u00bbno\u00a0\u00bb]\r\n\r\nCertains carreaux de pierre tels que le granit poli, le marbre et le travertin sont tr\u00e8s glissants lorsqu&rsquo;ils sont mouill\u00e9s. Les carreaux de pierre \u00e0 surface rivet\u00e9e (fendue), comme l&rsquo;ardoise, ou \u00e0 surface sci\u00e9e, qui sont ensuite sabl\u00e9s ou adoucis, sont antid\u00e9rapants. Les carreaux de c\u00e9ramique utilis\u00e9s dans les zones humides peuvent \u00eatre rendus plus antid\u00e9rapants en utilisant de tr\u00e8s petits carreaux, de sorte que les lignes de jointure agissent comme des rainures, ou en imprimant un motif de contour sur la surface du carreau.\r\n\r\nLa duret\u00e9 des dalles de pierre naturelle varie, de sorte que certaines dalles de pierre tendre (par exemple, la pierre calcaire) ne conviennent pas pour les sols fortement sollicit\u00e9s. Par ailleurs, les carreaux de c\u00e9ramique ont g\u00e9n\u00e9ralement une surface \u00e9maill\u00e9e sup\u00e9rieure et lorsque celle-ci est ray\u00e9e ou grav\u00e9e, le sol semble us\u00e9, alors que la m\u00eame usure sur les carreaux de pierre naturelle n&rsquo;appara\u00eet pas ou est moins visible.\r\n\r\nLes carreaux de pierre naturelle peuvent \u00eatre teint\u00e9s par des liquides renvers\u00e9s ; ils doivent \u00eatre scell\u00e9s et scell\u00e9s r\u00e9guli\u00e8rement, contrairement aux carreaux de c\u00e9ramique qui ne n\u00e9cessitent qu&rsquo;un scellement. En raison des motifs complexes et non r\u00e9p\u00e9titifs de la pierre naturelle, de petites quantit\u00e9s de salet\u00e9 ne sont pas visibles sur de nombreux carreaux en pierre naturelle.\r\n\r\n<strong>CARREAUX\/DALLAGE\/FA\u00c7ADE<\/strong>\r\n\r\nPlaque ou carreau de pierre naturelle de forme rectangulaire ou carr\u00e9e, disponible en diff\u00e9rentes tailles. Ils sont utilis\u00e9s pour le rev\u00eatement des sols et des murs.\r\n\r\n<strong>FORMATS PAV\u00c9S<\/strong>\r\n\r\nPierres ou blocs rectangulaires utilis\u00e9s pour la construction de chauss\u00e9es. Le granit et le basalte sont les mat\u00e9riaux de pavage les plus couramment utilis\u00e9s en raison de leur duret\u00e9 et de leur r\u00e9silience.\r\n\r\n<strong>OPUS INCERTUM<\/strong>\r\nTechnique de construction utilisant des pierres naturelles taill\u00e9es de mani\u00e8re irr\u00e9guli\u00e8re et fix\u00e9es avec du mortier. Principalement utilis\u00e9e pour les sols et les pavages ext\u00e9rieurs, mais aussi parfois pour les murs.\r\n\r\n<strong>OPUS ROMAIN<\/strong>\r\nTechnique de construction consistant \u00e0 poser des pi\u00e8ces carr\u00e9es et rectangulaires de pierre naturelle selon un motif. Elle est g\u00e9n\u00e9ralement utilis\u00e9e pour les sols ext\u00e9rieurs et le pavage.\r\n\r\n<strong>PLAQUES<\/strong>\r\nPi\u00e8ces de pierre rectangulaires d\u00e9coup\u00e9es dans le bloc \u00e0 l&rsquo;aide d&rsquo;une lame ou d&rsquo;une scie \u00e0 fil diamant\u00e9. Les dimensions disponibles \u00e0 la vente d\u00e9pendent des caract\u00e9ristiques et de l&rsquo;origine du mat\u00e9riau.\r\n\r\n[\/vc_column_text][\/vc_column][\/vc_row]","protected":false},"excerpt":{"rendered":"<p>[vc_row][vc_column][vc_column_text woodmart_inline=\u00a0\u00bbno\u00a0\u00bb text_larger=\u00a0\u00bbno\u00a0\u00bb] Les Pierres [\/vc_column_text][\/vc_column][\/vc_row][vc_row][vc_column][vc_column_text woodmart_inline=\u00a0\u00bbno\u00a0\u00bb text_larger=\u00a0\u00bbno\u00a0\u00bb] Carrelage Les dalles en pierre naturelle sont belles, mais \u00e9tant un produit<\/p>\n","protected":false},"author":1,"featured_media":0,"parent":0,"menu_order":0,"comment_status":"closed","ping_status":"closed","template":"","meta":{"footnotes":""},"class_list":["post-8818","page","type-page","status-publish","hentry"],"yoast_head":"<!-- This site is optimized with the Yoast SEO plugin v19.14 - https:\/\/yoast.com\/wordpress\/plugins\/seo\/ -->\n<title>La Pierres - Pierre Portugal Stone From Portugal<\/title>\n<meta name=\"description\" content=\"PierrePortugal exporte de la pierre naturelle en dallage, fa\u00e7ade, salles de bains de luxe, escalier, corniche et tablette de fen\u00eatre.\" \/>\n<meta name=\"robots\" content=\"index, follow, max-snippet:-1, max-image-preview:large, max-video-preview:-1\" \/>\n<link rel=\"canonical\" href=\"https:\/\/pierreportugal.shop\/fr\/nos-pierres\/\" \/>\n<meta property=\"og:locale\" content=\"fr_FR\" \/>\n<meta property=\"og:type\" content=\"article\" \/>\n<meta property=\"og:title\" content=\"La Pierres - Pierre Portugal Stone From Portugal\" \/>\n<meta property=\"og:description\" content=\"PierrePortugal exporte de la pierre naturelle en dallage, fa\u00e7ade, salles de bains de luxe, escalier, corniche et tablette de fen\u00eatre.\" \/>\n<meta property=\"og:url\" content=\"https:\/\/pierreportugal.shop\/fr\/nos-pierres\/\" \/>\n<meta property=\"og:site_name\" content=\"Pierre Portugal Stone From Portugal\" \/>\n<meta property=\"article:modified_time\" content=\"2024-05-09T10:05:02+00:00\" \/>\n<meta name=\"twitter:card\" content=\"summary_large_image\" \/>\n<meta name=\"twitter:site\" content=\"@pierre_dalle\" \/>\n<meta name=\"twitter:label1\" content=\"Dur\u00e9e de lecture estim\u00e9e\" \/>\n\t<meta name=\"twitter:data1\" content=\"3 minutes\" \/>\n<script type=\"application\/ld+json\" class=\"yoast-schema-graph\">{\"@context\":\"https:\/\/schema.org\",\"@graph\":[{\"@type\":\"WebPage\",\"@id\":\"https:\/\/pierreportugal.shop\/fr\/nos-pierres\/\",\"url\":\"https:\/\/pierreportugal.shop\/fr\/nos-pierres\/\",\"name\":\"La Pierres - Pierre Portugal Stone From Portugal\",\"isPartOf\":{\"@id\":\"https:\/\/pierreportugal.shop\/fr\/#website\"},\"datePublished\":\"2022-09-24T16:25:09+00:00\",\"dateModified\":\"2024-05-09T10:05:02+00:00\",\"description\":\"PierrePortugal exporte de la pierre naturelle en dallage, fa\u00e7ade, salles de bains de luxe, escalier, corniche et tablette de fen\u00eatre.\",\"breadcrumb\":{\"@id\":\"https:\/\/pierreportugal.shop\/fr\/nos-pierres\/#breadcrumb\"},\"inLanguage\":\"fr-FR\",\"potentialAction\":[{\"@type\":\"ReadAction\",\"target\":[\"https:\/\/pierreportugal.shop\/fr\/nos-pierres\/\"]}]},{\"@type\":\"BreadcrumbList\",\"@id\":\"https:\/\/pierreportugal.shop\/fr\/nos-pierres\/#breadcrumb\",\"itemListElement\":[{\"@type\":\"ListItem\",\"position\":1,\"name\":\"In\u00edcio\",\"item\":\"https:\/\/pierreportugal.shop\/fr\/\"},{\"@type\":\"ListItem\",\"position\":2,\"name\":\"La Pierres\"}]},{\"@type\":\"WebSite\",\"@id\":\"https:\/\/pierreportugal.shop\/fr\/#website\",\"url\":\"https:\/\/pierreportugal.shop\/fr\/\",\"name\":\"Pierre Portugal | Stone Premium\",\"description\":\"Pierre Portugal Stone Premium\",\"publisher\":{\"@id\":\"https:\/\/pierreportugal.shop\/fr\/#organization\"},\"potentialAction\":[{\"@type\":\"SearchAction\",\"target\":{\"@type\":\"EntryPoint\",\"urlTemplate\":\"https:\/\/pierreportugal.shop\/fr\/?s={search_term_string}\"},\"query-input\":\"required name=search_term_string\"}],\"inLanguage\":\"fr-FR\"},{\"@type\":\"Organization\",\"@id\":\"https:\/\/pierreportugal.shop\/fr\/#organization\",\"name\":\"Pierre Portugal\",\"url\":\"https:\/\/pierreportugal.shop\/fr\/\",\"logo\":{\"@type\":\"ImageObject\",\"inLanguage\":\"fr-FR\",\"@id\":\"https:\/\/pierreportugal.shop\/fr\/#\/schema\/logo\/image\/\",\"url\":\"https:\/\/pierreportugal.shop\/wp-content\/uploads\/2022\/10\/novo-logo.png\",\"contentUrl\":\"https:\/\/pierreportugal.shop\/wp-content\/uploads\/2022\/10\/novo-logo.png\",\"width\":321,\"height\":113,\"caption\":\"Pierre Portugal\"},\"image\":{\"@id\":\"https:\/\/pierreportugal.shop\/fr\/#\/schema\/logo\/image\/\"},\"sameAs\":[\"https:\/\/www.linkedin.com\/in\/pierreportugal-shop-dalles-et-tranches-tiles-and-slabs-export-a74373150\/\",\"https:\/\/twitter.com\/pierre_dalle\"]}]}<\/script>\n<!-- \/ Yoast SEO plugin. -->","yoast_head_json":{"title":"La Pierres - Pierre Portugal Stone From Portugal","description":"PierrePortugal exporte de la pierre naturelle en dallage, fa\u00e7ade, salles de bains de luxe, escalier, corniche et tablette de fen\u00eatre.","robots":{"index":"index","follow":"follow","max-snippet":"max-snippet:-1","max-image-preview":"max-image-preview:large","max-video-preview":"max-video-preview:-1"},"canonical":"https:\/\/pierreportugal.shop\/fr\/nos-pierres\/","og_locale":"fr_FR","og_type":"article","og_title":"La Pierres - Pierre Portugal Stone From Portugal","og_description":"PierrePortugal exporte de la pierre naturelle en dallage, fa\u00e7ade, salles de bains de luxe, escalier, corniche et tablette de fen\u00eatre.","og_url":"https:\/\/pierreportugal.shop\/fr\/nos-pierres\/","og_site_name":"Pierre Portugal Stone From Portugal","article_modified_time":"2024-05-09T10:05:02+00:00","twitter_card":"summary_large_image","twitter_site":"@pierre_dalle","twitter_misc":{"Dur\u00e9e de lecture estim\u00e9e":"3 minutes"},"schema":{"@context":"https:\/\/schema.org","@graph":[{"@type":"WebPage","@id":"https:\/\/pierreportugal.shop\/fr\/nos-pierres\/","url":"https:\/\/pierreportugal.shop\/fr\/nos-pierres\/","name":"La Pierres - Pierre Portugal Stone From Portugal","isPartOf":{"@id":"https:\/\/pierreportugal.shop\/fr\/#website"},"datePublished":"2022-09-24T16:25:09+00:00","dateModified":"2024-05-09T10:05:02+00:00","description":"PierrePortugal exporte de la pierre naturelle en dallage, fa\u00e7ade, salles de bains de luxe, escalier, corniche et tablette de fen\u00eatre.","breadcrumb":{"@id":"https:\/\/pierreportugal.shop\/fr\/nos-pierres\/#breadcrumb"},"inLanguage":"fr-FR","potentialAction":[{"@type":"ReadAction","target":["https:\/\/pierreportugal.shop\/fr\/nos-pierres\/"]}]},{"@type":"BreadcrumbList","@id":"https:\/\/pierreportugal.shop\/fr\/nos-pierres\/#breadcrumb","itemListElement":[{"@type":"ListItem","position":1,"name":"In\u00edcio","item":"https:\/\/pierreportugal.shop\/fr\/"},{"@type":"ListItem","position":2,"name":"La Pierres"}]},{"@type":"WebSite","@id":"https:\/\/pierreportugal.shop\/fr\/#website","url":"https:\/\/pierreportugal.shop\/fr\/","name":"Pierre Portugal | Stone Premium","description":"Pierre Portugal Stone Premium","publisher":{"@id":"https:\/\/pierreportugal.shop\/fr\/#organization"},"potentialAction":[{"@type":"SearchAction","target":{"@type":"EntryPoint","urlTemplate":"https:\/\/pierreportugal.shop\/fr\/?s={search_term_string}"},"query-input":"required name=search_term_string"}],"inLanguage":"fr-FR"},{"@type":"Organization","@id":"https:\/\/pierreportugal.shop\/fr\/#organization","name":"Pierre Portugal","url":"https:\/\/pierreportugal.shop\/fr\/","logo":{"@type":"ImageObject","inLanguage":"fr-FR","@id":"https:\/\/pierreportugal.shop\/fr\/#\/schema\/logo\/image\/","url":"https:\/\/pierreportugal.shop\/wp-content\/uploads\/2022\/10\/novo-logo.png","contentUrl":"https:\/\/pierreportugal.shop\/wp-content\/uploads\/2022\/10\/novo-logo.png","width":321,"height":113,"caption":"Pierre Portugal"},"image":{"@id":"https:\/\/pierreportugal.shop\/fr\/#\/schema\/logo\/image\/"},"sameAs":["https:\/\/www.linkedin.com\/in\/pierreportugal-shop-dalles-et-tranches-tiles-and-slabs-export-a74373150\/","https:\/\/twitter.com\/pierre_dalle"]}]}},"_links":{"self":[{"href":"https:\/\/pierreportugal.shop\/fr\/wp-json\/wp\/v2\/pages\/8818","targetHints":{"allow":["GET"]}}],"collection":[{"href":"https:\/\/pierreportugal.shop\/fr\/wp-json\/wp\/v2\/pages"}],"about":[{"href":"https:\/\/pierreportugal.shop\/fr\/wp-json\/wp\/v2\/types\/page"}],"author":[{"embeddable":true,"href":"https:\/\/pierreportugal.shop\/fr\/wp-json\/wp\/v2\/users\/1"}],"replies":[{"embeddable":true,"href":"https:\/\/pierreportugal.shop\/fr\/wp-json\/wp\/v2\/comments?post=8818"}],"version-history":[{"count":20,"href":"https:\/\/pierreportugal.shop\/fr\/wp-json\/wp\/v2\/pages\/8818\/revisions"}],"predecessor-version":[{"id":10444,"href":"https:\/\/pierreportugal.shop\/fr\/wp-json\/wp\/v2\/pages\/8818\/revisions\/10444"}],"wp:attachment":[{"href":"https:\/\/pierreportugal.shop\/fr\/wp-json\/wp\/v2\/media?parent=8818"}],"curies":[{"name":"wp","href":"https:\/\/api.w.org\/{rel}","templated":true}]}}