{"id":10503,"date":"2024-05-10T15:16:55","date_gmt":"2024-05-10T15:16:55","guid":{"rendered":"https:\/\/pierreportugal.shop\/?page_id=10503"},"modified":"2024-05-10T15:44:25","modified_gmt":"2024-05-10T15:44:25","slug":"atlas-porcelaine","status":"publish","type":"page","link":"https:\/\/pierreportugal.shop\/fr\/marques\/atlas-porcelaine\/","title":{"rendered":"Atlas Porcelaine"},"content":{"rendered":"[vc_row][vc_column][vc_column_text woodmart_inline=\u00a0\u00bbno\u00a0\u00bb text_larger=\u00a0\u00bbno\u00a0\u00bb]\r\n<h3><strong>PIERREPORTUGAL PREMIUM PIERRE<\/strong><\/h3>\r\nATLAS nous offre le meilleur de la Porcelaine avec sa t\u00e9chnologie exclusive Natura &#8211; Vein\u00ae Tech et Natura &#8211; Body\u00ae Tech avec une grande diversit\u00e9 d&rsquo;\u00e9paisseur et des formats XL et une habilit\u00e9 impressionante pour reproduire parfaitement la beaut\u00e9 du Marbre que nous connaissons si bien.\r\n\r\n[\/vc_column_text][\/vc_column][\/vc_row][vc_row][vc_column width=\u00a0\u00bb1\/4&Prime;]\t\t<div class=\"promo-banner-wrapper  wd-rs-663e403f8ac6b \">\n\t\t\t<div id=\"wd-663e403f8ac6b\" class=\"promo-banner  banner- banner-hover-zoom color-scheme-light banner-btn-size-default banner-btn-style-default  with-btn banner-btn-position-hover cursor-pointer wd-underline-colored\"\t\t\t\t onclick=\"window.location.href='#'\"\t\t\t>\n\t\t\t\t<div class=\"main-wrapp-img\">\n\t\t\t\t\t<div class=\"banner-image wd-bg-position-center\" >\n\t\t\t\t\t\t<img loading=\"lazy\" decoding=\"async\" class=\"promo-banner-image \" src=\"https:\/\/pierreportugal.shop\/wp-content\/uploads\/2023\/10\/AtlasPlan_041_03_Travertino-Sand_Copyright-800x600.jpg\" width=\"800\" height=\"600\" alt=\"Travertino Sand big slabs\" title=\"AtlasPlan_041_03_Travertino Sand_Copyright\" \/>\t\t\t\t\t<\/div>\n\t\t\t\t<\/div>\n\n\t\t\t\t<div class=\"wrapper-content-banner wd-fill  wd-items-top wd-justify-left\">\n\t\t\t\t\t<div class=\"content-banner text-left\">\n\t\t\t\t\t\t<div class=\"banner-title-wrap\">\n\t\t\t\t\t\t\t<h4 class=\"banner-title wd-font-weight- wd-fontsize-l\">Porcelaine de Atlas 1<\/h4>\t\t\t\t\t\t<\/div>\n\t\t\t\t\t\t\t\t\t\t\t\t<div class=\"banner-btn-wrapper\"><div id=\"wd-69f4ae3b9c137\" class=\"  wd-button-wrapper text-left\"><a  class=\"btn btn-color-black btn-style-default btn-style-round btn-size-default\">Know more<\/a><\/div><\/div>\t\t\t\t\t<\/div>\n\t\t\t\t<\/div>\n\t\t\t\t\t\t\t<\/div>\n\t\t<\/div>\n\n\t\t[\/vc_column][vc_column width=\u00a0\u00bb1\/4&Prime;]\t\t<div class=\"promo-banner-wrapper  wd-rs-663e4072cb74b \">\n\t\t\t<div id=\"wd-663e4072cb74b\" class=\"promo-banner  banner- banner-hover-zoom color-scheme-light banner-btn-size-default banner-btn-style-default  with-btn banner-btn-position-hover cursor-pointer wd-underline-colored\"\t\t\t\t onclick=\"window.location.href='#'\"\t\t\t>\n\t\t\t\t<div class=\"main-wrapp-img\">\n\t\t\t\t\t<div class=\"banner-image wd-bg-position-center\" >\n\t\t\t\t\t\t<img loading=\"lazy\" decoding=\"async\" class=\"promo-banner-image \" src=\"https:\/\/pierreportugal.shop\/wp-content\/uploads\/2023\/10\/AtlasPlan_002_00_CalacattaExtra-c-copyright-2-800x600.jpg\" width=\"800\" height=\"600\" alt=\"calacatta extra stoneware\" title=\"AtlasPlan_002_00_CalacattaExtra (c copyright) (2)\" \/>\t\t\t\t\t<\/div>\n\t\t\t\t<\/div>\n\n\t\t\t\t<div class=\"wrapper-content-banner wd-fill  wd-items-top wd-justify-left\">\n\t\t\t\t\t<div class=\"content-banner text-left\">\n\t\t\t\t\t\t<div class=\"banner-title-wrap\">\n\t\t\t\t\t\t\t<h4 class=\"banner-title wd-font-weight- wd-fontsize-l\">Porcelaine de Atlas 2<\/h4>\t\t\t\t\t\t<\/div>\n\t\t\t\t\t\t\t\t\t\t\t\t<div class=\"banner-btn-wrapper\"><div id=\"wd-69f4ae3b9cb9c\" class=\"  wd-button-wrapper text-left\"><a  class=\"btn btn-color-black btn-style-default btn-style-round btn-size-default\">Know more<\/a><\/div><\/div>\t\t\t\t\t<\/div>\n\t\t\t\t<\/div>\n\t\t\t\t\t\t\t<\/div>\n\t\t<\/div>\n\n\t\t[\/vc_column][vc_column width=\u00a0\u00bb1\/4&Prime;]\t\t<div class=\"promo-banner-wrapper  wd-rs-663e4094a9c61 \">\n\t\t\t<div id=\"wd-663e4094a9c61\" class=\"promo-banner  banner- banner-hover-zoom color-scheme-light banner-btn-size-default banner-btn-style-default  with-btn banner-btn-position-hover cursor-pointer wd-underline-colored\"\t\t\t\t onclick=\"window.location.href='#'\"\t\t\t>\n\t\t\t\t<div class=\"main-wrapp-img\">\n\t\t\t\t\t<div class=\"banner-image wd-bg-position-center\" >\n\t\t\t\t\t\t<img loading=\"lazy\" decoding=\"async\" class=\"promo-banner-image \" src=\"https:\/\/pierreportugal.shop\/wp-content\/uploads\/2023\/10\/AtlasPlan_046_03_Black-Atlantis_Copyright-800x600.jpg\" width=\"800\" height=\"600\" alt=\"black atlantis big slabs for floor and tops\" title=\"AtlasPlan_046_03_Black Atlantis_Copyright\" \/>\t\t\t\t\t<\/div>\n\t\t\t\t<\/div>\n\n\t\t\t\t<div class=\"wrapper-content-banner wd-fill  wd-items-top wd-justify-left\">\n\t\t\t\t\t<div class=\"content-banner text-left\">\n\t\t\t\t\t\t<div class=\"banner-title-wrap\">\n\t\t\t\t\t\t\t<h4 class=\"banner-title wd-font-weight- wd-fontsize-l\">Porcelaine de Atlas 3<\/h4>\t\t\t\t\t\t<\/div>\n\t\t\t\t\t\t\t\t\t\t\t\t<div class=\"banner-btn-wrapper\"><div id=\"wd-69f4ae3b9d72c\" class=\"  wd-button-wrapper text-left\"><a  class=\"btn btn-color-black btn-style-default btn-style-round btn-size-default\">Know more<\/a><\/div><\/div>\t\t\t\t\t<\/div>\n\t\t\t\t<\/div>\n\t\t\t\t\t\t\t<\/div>\n\t\t<\/div>\n\n\t\t[\/vc_column][vc_column width=\u00a0\u00bb1\/4&Prime;]\t\t<div class=\"promo-banner-wrapper  wd-rs-663e409e2f340 \">\n\t\t\t<div id=\"wd-663e409e2f340\" class=\"promo-banner  banner- banner-hover-zoom color-scheme-light banner-btn-size-default banner-btn-style-default  with-btn banner-btn-position-hover cursor-pointer wd-underline-colored\"\t\t\t\t onclick=\"window.location.href='#'\"\t\t\t>\n\t\t\t\t<div class=\"main-wrapp-img\">\n\t\t\t\t\t<div class=\"banner-image wd-bg-position-center\" >\n\t\t\t\t\t\t<img loading=\"lazy\" decoding=\"async\" class=\"promo-banner-image \" src=\"https:\/\/pierreportugal.shop\/wp-content\/uploads\/2023\/10\/AtlasPlan_033_04_StatuarioSupremo-c-copyright-800x600.jpg\" width=\"800\" height=\"600\" alt=\"Statuario Supremo stoneware slabs for luxury design\" title=\"AtlasPlan_033_04_StatuarioSupremo (c copyright) pour cuisines ou salles de bains\" \/>\t\t\t\t\t<\/div>\n\t\t\t\t<\/div>\n\n\t\t\t\t<div class=\"wrapper-content-banner wd-fill  wd-items-top wd-justify-left\">\n\t\t\t\t\t<div class=\"content-banner text-left\">\n\t\t\t\t\t\t<div class=\"banner-title-wrap\">\n\t\t\t\t\t\t\t<h4 class=\"banner-title wd-font-weight- wd-fontsize-l\">Porcelaine de Atlas 4<\/h4>\t\t\t\t\t\t<\/div>\n\t\t\t\t\t\t\t\t\t\t\t\t<div class=\"banner-btn-wrapper\"><div id=\"wd-69f4ae3b9e45a\" class=\"  wd-button-wrapper text-left\"><a  class=\"btn btn-color-black btn-style-default btn-style-round btn-size-default\">Know more<\/a><\/div><\/div>\t\t\t\t\t<\/div>\n\t\t\t\t<\/div>\n\t\t\t\t\t\t\t<\/div>\n\t\t<\/div>\n\n\t\t[\/vc_column][\/vc_row]","protected":false},"excerpt":{"rendered":"<p>[vc_row][vc_column][vc_column_text woodmart_inline=\u00a0\u00bbno\u00a0\u00bb text_larger=\u00a0\u00bbno\u00a0\u00bb] PIERREPORTUGAL PREMIUM PIERRE ATLAS nous offre le meilleur de la Porcelaine avec sa t\u00e9chnologie exclusive Natura &#8211;<\/p>\n","protected":false},"author":1,"featured_media":0,"parent":8951,"menu_order":0,"comment_status":"closed","ping_status":"closed","template":"","meta":{"footnotes":""},"class_list":["post-10503","page","type-page","status-publish","hentry"],"yoast_head":"<!-- This site is optimized with the Yoast SEO plugin v19.14 - https:\/\/yoast.com\/wordpress\/plugins\/seo\/ -->\n<title>Atlas Porcelaine - Pierre Portugal Stone From Portugal<\/title>\n<meta name=\"robots\" content=\"index, follow, max-snippet:-1, max-image-preview:large, max-video-preview:-1\" \/>\n<link rel=\"canonical\" href=\"https:\/\/pierreportugal.shop\/fr\/marques\/atlas-porcelaine\/\" \/>\n<meta property=\"og:locale\" content=\"fr_FR\" \/>\n<meta property=\"og:type\" content=\"article\" \/>\n<meta property=\"og:title\" content=\"Atlas Porcelaine - Pierre Portugal Stone From Portugal\" \/>\n<meta property=\"og:description\" content=\"[vc_row][vc_column][vc_column_text woodmart_inline=\u00a0\u00bbno\u00a0\u00bb text_larger=\u00a0\u00bbno\u00a0\u00bb] PIERREPORTUGAL PREMIUM PIERRE ATLAS nous offre le meilleur de la Porcelaine avec sa t\u00e9chnologie exclusive Natura &#8211;\" \/>\n<meta property=\"og:url\" content=\"https:\/\/pierreportugal.shop\/fr\/marques\/atlas-porcelaine\/\" \/>\n<meta property=\"og:site_name\" content=\"Pierre Portugal Stone From Portugal\" \/>\n<meta property=\"article:modified_time\" content=\"2024-05-10T15:44:25+00:00\" \/>\n<meta name=\"twitter:card\" content=\"summary_large_image\" \/>\n<meta name=\"twitter:site\" content=\"@pierre_dalle\" \/>\n<meta name=\"twitter:label1\" content=\"Dur\u00e9e de lecture estim\u00e9e\" \/>\n\t<meta name=\"twitter:data1\" content=\"2 minutes\" \/>\n<script type=\"application\/ld+json\" class=\"yoast-schema-graph\">{\"@context\":\"https:\/\/schema.org\",\"@graph\":[{\"@type\":\"WebPage\",\"@id\":\"https:\/\/pierreportugal.shop\/fr\/marques\/atlas-porcelaine\/\",\"url\":\"https:\/\/pierreportugal.shop\/fr\/marques\/atlas-porcelaine\/\",\"name\":\"Atlas Porcelaine - Pierre Portugal Stone From Portugal\",\"isPartOf\":{\"@id\":\"https:\/\/pierreportugal.shop\/fr\/#website\"},\"datePublished\":\"2024-05-10T15:16:55+00:00\",\"dateModified\":\"2024-05-10T15:44:25+00:00\",\"breadcrumb\":{\"@id\":\"https:\/\/pierreportugal.shop\/fr\/marques\/atlas-porcelaine\/#breadcrumb\"},\"inLanguage\":\"fr-FR\",\"potentialAction\":[{\"@type\":\"ReadAction\",\"target\":[\"https:\/\/pierreportugal.shop\/fr\/marques\/atlas-porcelaine\/\"]}]},{\"@type\":\"BreadcrumbList\",\"@id\":\"https:\/\/pierreportugal.shop\/fr\/marques\/atlas-porcelaine\/#breadcrumb\",\"itemListElement\":[{\"@type\":\"ListItem\",\"position\":1,\"name\":\"In\u00edcio\",\"item\":\"https:\/\/pierreportugal.shop\/fr\/\"},{\"@type\":\"ListItem\",\"position\":2,\"name\":\"Marques\",\"item\":\"https:\/\/pierreportugal.shop\/fr\/marques\/\"},{\"@type\":\"ListItem\",\"position\":3,\"name\":\"Atlas Porcelaine\"}]},{\"@type\":\"WebSite\",\"@id\":\"https:\/\/pierreportugal.shop\/fr\/#website\",\"url\":\"https:\/\/pierreportugal.shop\/fr\/\",\"name\":\"Pierre Portugal | Stone Premium\",\"description\":\"Pierre Portugal Stone Premium\",\"publisher\":{\"@id\":\"https:\/\/pierreportugal.shop\/fr\/#organization\"},\"potentialAction\":[{\"@type\":\"SearchAction\",\"target\":{\"@type\":\"EntryPoint\",\"urlTemplate\":\"https:\/\/pierreportugal.shop\/fr\/?s={search_term_string}\"},\"query-input\":\"required name=search_term_string\"}],\"inLanguage\":\"fr-FR\"},{\"@type\":\"Organization\",\"@id\":\"https:\/\/pierreportugal.shop\/fr\/#organization\",\"name\":\"Pierre Portugal\",\"url\":\"https:\/\/pierreportugal.shop\/fr\/\",\"logo\":{\"@type\":\"ImageObject\",\"inLanguage\":\"fr-FR\",\"@id\":\"https:\/\/pierreportugal.shop\/fr\/#\/schema\/logo\/image\/\",\"url\":\"https:\/\/pierreportugal.shop\/wp-content\/uploads\/2022\/10\/novo-logo.png\",\"contentUrl\":\"https:\/\/pierreportugal.shop\/wp-content\/uploads\/2022\/10\/novo-logo.png\",\"width\":321,\"height\":113,\"caption\":\"Pierre Portugal\"},\"image\":{\"@id\":\"https:\/\/pierreportugal.shop\/fr\/#\/schema\/logo\/image\/\"},\"sameAs\":[\"https:\/\/www.linkedin.com\/in\/pierreportugal-shop-dalles-et-tranches-tiles-and-slabs-export-a74373150\/\",\"https:\/\/twitter.com\/pierre_dalle\"]}]}<\/script>\n<!-- \/ Yoast SEO plugin. -->","yoast_head_json":{"title":"Atlas Porcelaine - Pierre Portugal Stone From Portugal","robots":{"index":"index","follow":"follow","max-snippet":"max-snippet:-1","max-image-preview":"max-image-preview:large","max-video-preview":"max-video-preview:-1"},"canonical":"https:\/\/pierreportugal.shop\/fr\/marques\/atlas-porcelaine\/","og_locale":"fr_FR","og_type":"article","og_title":"Atlas Porcelaine - Pierre Portugal Stone From Portugal","og_description":"[vc_row][vc_column][vc_column_text woodmart_inline=\u00a0\u00bbno\u00a0\u00bb text_larger=\u00a0\u00bbno\u00a0\u00bb] PIERREPORTUGAL PREMIUM PIERRE ATLAS nous offre le meilleur de la Porcelaine avec sa t\u00e9chnologie exclusive Natura &#8211;","og_url":"https:\/\/pierreportugal.shop\/fr\/marques\/atlas-porcelaine\/","og_site_name":"Pierre Portugal Stone From Portugal","article_modified_time":"2024-05-10T15:44:25+00:00","twitter_card":"summary_large_image","twitter_site":"@pierre_dalle","twitter_misc":{"Dur\u00e9e de lecture estim\u00e9e":"2 minutes"},"schema":{"@context":"https:\/\/schema.org","@graph":[{"@type":"WebPage","@id":"https:\/\/pierreportugal.shop\/fr\/marques\/atlas-porcelaine\/","url":"https:\/\/pierreportugal.shop\/fr\/marques\/atlas-porcelaine\/","name":"Atlas Porcelaine - Pierre Portugal Stone From Portugal","isPartOf":{"@id":"https:\/\/pierreportugal.shop\/fr\/#website"},"datePublished":"2024-05-10T15:16:55+00:00","dateModified":"2024-05-10T15:44:25+00:00","breadcrumb":{"@id":"https:\/\/pierreportugal.shop\/fr\/marques\/atlas-porcelaine\/#breadcrumb"},"inLanguage":"fr-FR","potentialAction":[{"@type":"ReadAction","target":["https:\/\/pierreportugal.shop\/fr\/marques\/atlas-porcelaine\/"]}]},{"@type":"BreadcrumbList","@id":"https:\/\/pierreportugal.shop\/fr\/marques\/atlas-porcelaine\/#breadcrumb","itemListElement":[{"@type":"ListItem","position":1,"name":"In\u00edcio","item":"https:\/\/pierreportugal.shop\/fr\/"},{"@type":"ListItem","position":2,"name":"Marques","item":"https:\/\/pierreportugal.shop\/fr\/marques\/"},{"@type":"ListItem","position":3,"name":"Atlas Porcelaine"}]},{"@type":"WebSite","@id":"https:\/\/pierreportugal.shop\/fr\/#website","url":"https:\/\/pierreportugal.shop\/fr\/","name":"Pierre Portugal | Stone Premium","description":"Pierre Portugal Stone Premium","publisher":{"@id":"https:\/\/pierreportugal.shop\/fr\/#organization"},"potentialAction":[{"@type":"SearchAction","target":{"@type":"EntryPoint","urlTemplate":"https:\/\/pierreportugal.shop\/fr\/?s={search_term_string}"},"query-input":"required name=search_term_string"}],"inLanguage":"fr-FR"},{"@type":"Organization","@id":"https:\/\/pierreportugal.shop\/fr\/#organization","name":"Pierre Portugal","url":"https:\/\/pierreportugal.shop\/fr\/","logo":{"@type":"ImageObject","inLanguage":"fr-FR","@id":"https:\/\/pierreportugal.shop\/fr\/#\/schema\/logo\/image\/","url":"https:\/\/pierreportugal.shop\/wp-content\/uploads\/2022\/10\/novo-logo.png","contentUrl":"https:\/\/pierreportugal.shop\/wp-content\/uploads\/2022\/10\/novo-logo.png","width":321,"height":113,"caption":"Pierre Portugal"},"image":{"@id":"https:\/\/pierreportugal.shop\/fr\/#\/schema\/logo\/image\/"},"sameAs":["https:\/\/www.linkedin.com\/in\/pierreportugal-shop-dalles-et-tranches-tiles-and-slabs-export-a74373150\/","https:\/\/twitter.com\/pierre_dalle"]}]}},"_links":{"self":[{"href":"https:\/\/pierreportugal.shop\/fr\/wp-json\/wp\/v2\/pages\/10503","targetHints":{"allow":["GET"]}}],"collection":[{"href":"https:\/\/pierreportugal.shop\/fr\/wp-json\/wp\/v2\/pages"}],"about":[{"href":"https:\/\/pierreportugal.shop\/fr\/wp-json\/wp\/v2\/types\/page"}],"author":[{"embeddable":true,"href":"https:\/\/pierreportugal.shop\/fr\/wp-json\/wp\/v2\/users\/1"}],"replies":[{"embeddable":true,"href":"https:\/\/pierreportugal.shop\/fr\/wp-json\/wp\/v2\/comments?post=10503"}],"version-history":[{"count":1,"href":"https:\/\/pierreportugal.shop\/fr\/wp-json\/wp\/v2\/pages\/10503\/revisions"}],"predecessor-version":[{"id":10507,"href":"https:\/\/pierreportugal.shop\/fr\/wp-json\/wp\/v2\/pages\/10503\/revisions\/10507"}],"up":[{"embeddable":true,"href":"https:\/\/pierreportugal.shop\/fr\/wp-json\/wp\/v2\/pages\/8951"}],"wp:attachment":[{"href":"https:\/\/pierreportugal.shop\/fr\/wp-json\/wp\/v2\/media?parent=10503"}],"curies":[{"name":"wp","href":"https:\/\/api.w.org\/{rel}","templated":true}]}}